{"id":98,"date":"2017-06-12T23:02:18","date_gmt":"2017-06-12T21:02:18","guid":{"rendered":"http:\/\/sikoraproject.eu\/start\/?page_id=98"},"modified":"2018-05-20T15:50:02","modified_gmt":"2018-05-20T13:50:02","slug":"ueber","status":"publish","type":"page","link":"https:\/\/sikoraproject.eu\/start\/?page_id=98","title":{"rendered":"\u00dcber"},"content":{"rendered":"<p>Mein Name ist Lukas (oder eigentlich eher \u0141ukasz), geboren im Jahre 1981 in Graudenz\/Polen.<br \/>\nDa ich schon in meiner Kindheit viel Zeit drau\u00dfen am Zelt und Seen verbracht habe, ist auch kein Wunder, dass mich es mich immer wieder in ein Abenteuer zieht. Ich mag diese Freiheit\u00a0und die ganze Natur mit all ihren Farbenspektren. Dazu kommen noch die Menschen mit ihrer Kultur. Da ist jeder neuer Tag ein tolles Erlebnis.<\/p>\n<p>Ich m\u00f6chte mit den Reiseberichten nicht nur etwas f\u00fcr mich festhalten, sondern auch jedem einen detaillierten Einblick gew\u00e4hren, wie es w\u00e4re, wenn man so eine Tour machen w\u00fcrde.<\/p>\n<p><center><br \/>\n<a href=\"https:\/\/www.flickr.com\/photos\/lukas-adrian\/28613375440\/in\/album-72157670964615172\/\"><img loading=\"lazy\" decoding=\"async\" src=\"https:\/\/live.staticflickr.com\/7783\/28613375440_6a5edeb425_z.jpg\" alt=\"P1030737\" width=\"640\" height=\"480\" \/><\/a><br \/>\n<\/center><\/p>","protected":false},"excerpt":{"rendered":"<p>Mein Name ist Lukas (oder eigentlich eher \u0141ukasz), geboren im Jahre 1981 in Graudenz\/Polen. Da ich schon in meiner Kindheit viel Zeit drau\u00dfen am Zelt und Seen verbracht habe, ist auch kein Wunder, dass mich es mich immer wieder in ein Abenteuer zieht. Ich mag diese Freiheit\u00a0und die ganze Natur mit all ihren Farbenspektren. Dazu [&hellip;]<\/p>\n","protected":false},"author":1,"featured_media":0,"parent":0,"menu_order":0,"comment_status":"closed","ping_status":"closed","template":"","meta":{"footnotes":""},"class_list":["post-98","page","type-page","status-publish","hentry"],"_links":{"self":[{"href":"https:\/\/sikoraproject.eu\/start\/index.php?rest_route=\/wp\/v2\/pages\/98","targetHints":{"allow":["GET"]}}],"collection":[{"href":"https:\/\/sikoraproject.eu\/start\/index.php?rest_route=\/wp\/v2\/pages"}],"about":[{"href":"https:\/\/sikoraproject.eu\/start\/index.php?rest_route=\/wp\/v2\/types\/page"}],"author":[{"embeddable":true,"href":"https:\/\/sikoraproject.eu\/start\/index.php?rest_route=\/wp\/v2\/users\/1"}],"replies":[{"embeddable":true,"href":"https:\/\/sikoraproject.eu\/start\/index.php?rest_route=%2Fwp%2Fv2%2Fcomments&post=98"}],"version-history":[{"count":10,"href":"https:\/\/sikoraproject.eu\/start\/index.php?rest_route=\/wp\/v2\/pages\/98\/revisions"}],"predecessor-version":[{"id":144,"href":"https:\/\/sikoraproject.eu\/start\/index.php?rest_route=\/wp\/v2\/pages\/98\/revisions\/144"}],"wp:attachment":[{"href":"https:\/\/sikoraproject.eu\/start\/index.php?rest_route=%2Fwp%2Fv2%2Fmedia&parent=98"}],"curies":[{"name":"wp","href":"https:\/\/api.w.org\/{rel}","templated":true}]}}