{"id":6,"date":"2016-11-29T15:13:21","date_gmt":"2016-11-29T14:13:21","guid":{"rendered":"http:\/\/sikoraproject.eu\/start\/?page_id=6"},"modified":"2018-05-20T15:58:01","modified_gmt":"2018-05-20T13:58:01","slug":"2014-mit-dem-tretroller-durch-ungarn","status":"publish","type":"page","link":"https:\/\/sikoraproject.eu\/start\/?page_id=6","title":{"rendered":"08\/2014 &#8211; Ungarn (Tretroller)"},"content":{"rendered":"<p>&#8220;Ich habe eine Tour mit einem Fahrrad gemacht.&#8220;, sagt jemand. Da denke ich nun: &#8222;Wie langweilig, das macht doch jeder.&#8220;<br \/>\nAnfangs eine dumme Idee, entwickelte es sich doch zu einer sehr sch\u00f6nen Herausforderung. Mit dem Tretroller vom S\u00fcden Ungarns (Szeget) bis nach Polen (Krakau). Auch wenn es manchmal hart war, kann ein Radfahrer bei so etwas nicht mit halten. Ein unvergessliches Erlebnis!<br \/>\nGeschlafen wurde nur im Zelt. Ich kam aber nur bis in den S\u00fcden der Slowakei. Es war meine erste Abenteuer &#8211; Auslandstour, meine 2. Tour \u00fcberhaupt und ich dachte, ich komme nicht mal 200 km weit. Deshalb war es dennoch ein pers\u00f6nlicher Erfolg.<\/p>\n<p><strong>Reise-Tagebuch:<\/strong><br \/>\n<em><strong><a href=\"http:\/\/sikoraproject.eu\/lukasz\/hungary\/\" target=\"_blank\">http:\/\/sikoraproject.eu\/lukasz\/hungary\/<\/a><br \/>\n<\/strong><\/em><br \/>\n<strong>Fotos:<br \/>\n<\/strong><br \/>\n<a title=\"Hungary 2014\" href=\"https:\/\/www.flickr.com\/photos\/lukas-adrian\/albums\/72157646367002026\" data-flickr-embed=\"true\" data-header=\"true\" data-footer=\"true\"><img loading=\"lazy\" decoding=\"async\" src=\"https:\/\/c8.staticflickr.com\/4\/3893\/14718465047_a500bd1226_z.jpg\" alt=\"Hungary 2014\" width=\"640\" height=\"480\" \/><\/a><script async src=\"\/\/embedr.flickr.com\/assets\/client-code.js\" charset=\"utf-8\"><\/script><\/p>\n<p><strong>Foto-Video:<br \/>\n<\/strong><\/p>\n<p><center><iframe loading=\"lazy\" src=\"https:\/\/www.youtube.com\/embed\/E8tV3K_vk94\" width=\"560\" height=\"315\" frameborder=\"0\" allowfullscreen=\"allowfullscreen\"><\/iframe><\/center><\/p>","protected":false},"excerpt":{"rendered":"<p>&#8220;Ich habe eine Tour mit einem Fahrrad gemacht.&#8220;, sagt jemand. Da denke ich nun: &#8222;Wie langweilig, das macht doch jeder.&#8220; Anfangs eine dumme Idee, entwickelte es sich doch zu einer sehr sch\u00f6nen Herausforderung. Mit dem Tretroller vom S\u00fcden Ungarns (Szeget) bis nach Polen (Krakau). Auch wenn es manchmal hart war, kann ein Radfahrer bei so [&hellip;]<\/p>\n","protected":false},"author":1,"featured_media":0,"parent":0,"menu_order":2,"comment_status":"closed","ping_status":"closed","template":"","meta":{"footnotes":""},"class_list":["post-6","page","type-page","status-publish","hentry"],"_links":{"self":[{"href":"https:\/\/sikoraproject.eu\/start\/index.php?rest_route=\/wp\/v2\/pages\/6","targetHints":{"allow":["GET"]}}],"collection":[{"href":"https:\/\/sikoraproject.eu\/start\/index.php?rest_route=\/wp\/v2\/pages"}],"about":[{"href":"https:\/\/sikoraproject.eu\/start\/index.php?rest_route=\/wp\/v2\/types\/page"}],"author":[{"embeddable":true,"href":"https:\/\/sikoraproject.eu\/start\/index.php?rest_route=\/wp\/v2\/users\/1"}],"replies":[{"embeddable":true,"href":"https:\/\/sikoraproject.eu\/start\/index.php?rest_route=%2Fwp%2Fv2%2Fcomments&post=6"}],"version-history":[{"count":17,"href":"https:\/\/sikoraproject.eu\/start\/index.php?rest_route=\/wp\/v2\/pages\/6\/revisions"}],"predecessor-version":[{"id":147,"href":"https:\/\/sikoraproject.eu\/start\/index.php?rest_route=\/wp\/v2\/pages\/6\/revisions\/147"}],"wp:attachment":[{"href":"https:\/\/sikoraproject.eu\/start\/index.php?rest_route=%2Fwp%2Fv2%2Fmedia&parent=6"}],"curies":[{"name":"wp","href":"https:\/\/api.w.org\/{rel}","templated":true}]}}