{"id":14,"date":"2016-11-29T15:19:02","date_gmt":"2016-11-29T14:19:02","guid":{"rendered":"http:\/\/sikoraproject.eu\/start\/?page_id=14"},"modified":"2018-05-20T15:59:05","modified_gmt":"2018-05-20T13:59:05","slug":"072014-corfu-zu-fuss","status":"publish","type":"page","link":"https:\/\/sikoraproject.eu\/start\/?page_id=14","title":{"rendered":"07\/2015 &#8211; Corfu (zu Fu\u00df)"},"content":{"rendered":"<p>Mein Ziel war es, meine erste Wanderung \u00fcberhaupt zu machen, manchmal und am liebsten im Zelt zu schlafen und einfach mal was erleben. Nat\u00fcrlich wollte ich auch die gesamte Strecke schaffen. Meine weiteste Strecke zu Fu\u00df lag bis jetzt bei etwa 7 km an einem Tag. Dann m\u00fcsste ich doch die 190 km auch ohne Probleme schaffen.<\/p>\n<p><strong>Reise-Tagebuch:<\/strong><br \/>\n<strong><em><a href=\"http:\/\/sikoraproject.eu\/lukasz\/corfu\" target=\"_blank\">http:\/\/sikoraproject.eu\/lukasz\/corfu<\/a><\/em><\/strong><\/p>\n<p><strong>Fotos:<\/strong><\/p>\n<p><a title=\"Corfu 2015\" href=\"https:\/\/www.flickr.com\/photos\/lukas-adrian\/albums\/72157654591797849\" target=\"_blank\" data-flickr-embed=\"true\" data-header=\"true\" data-footer=\"true\"><img loading=\"lazy\" decoding=\"async\" class=\"aligncenter\" src=\"https:\/\/c1.staticflickr.com\/1\/500\/18927920960_2abf4e77a7_z.jpg\" alt=\"Corfu 2015\" width=\"640\" height=\"480\" \/><\/a><script async src=\"\/\/embedr.flickr.com\/assets\/client-code.js\" charset=\"utf-8\"><\/script><\/p>\n<p><strong>Foto-Video:<\/strong><\/p>\n<p><center><iframe loading=\"lazy\" src=\"https:\/\/www.youtube.com\/embed\/fAnuZN3cJgs\" width=\"560\" height=\"315\" frameborder=\"0\" allowfullscreen=\"allowfullscreen\"><\/iframe><\/center><\/p>","protected":false},"excerpt":{"rendered":"<p>Mein Ziel war es, meine erste Wanderung \u00fcberhaupt zu machen, manchmal und am liebsten im Zelt zu schlafen und einfach mal was erleben. Nat\u00fcrlich wollte ich auch die gesamte Strecke schaffen. Meine weiteste Strecke zu Fu\u00df lag bis jetzt bei etwa 7 km an einem Tag. Dann m\u00fcsste ich doch die 190 km auch ohne [&hellip;]<\/p>\n","protected":false},"author":1,"featured_media":0,"parent":0,"menu_order":3,"comment_status":"closed","ping_status":"closed","template":"","meta":{"footnotes":""},"class_list":["post-14","page","type-page","status-publish","hentry"],"_links":{"self":[{"href":"https:\/\/sikoraproject.eu\/start\/index.php?rest_route=\/wp\/v2\/pages\/14","targetHints":{"allow":["GET"]}}],"collection":[{"href":"https:\/\/sikoraproject.eu\/start\/index.php?rest_route=\/wp\/v2\/pages"}],"about":[{"href":"https:\/\/sikoraproject.eu\/start\/index.php?rest_route=\/wp\/v2\/types\/page"}],"author":[{"embeddable":true,"href":"https:\/\/sikoraproject.eu\/start\/index.php?rest_route=\/wp\/v2\/users\/1"}],"replies":[{"embeddable":true,"href":"https:\/\/sikoraproject.eu\/start\/index.php?rest_route=%2Fwp%2Fv2%2Fcomments&post=14"}],"version-history":[{"count":11,"href":"https:\/\/sikoraproject.eu\/start\/index.php?rest_route=\/wp\/v2\/pages\/14\/revisions"}],"predecessor-version":[{"id":148,"href":"https:\/\/sikoraproject.eu\/start\/index.php?rest_route=\/wp\/v2\/pages\/14\/revisions\/148"}],"wp:attachment":[{"href":"https:\/\/sikoraproject.eu\/start\/index.php?rest_route=%2Fwp%2Fv2%2Fmedia&parent=14"}],"curies":[{"name":"wp","href":"https:\/\/api.w.org\/{rel}","templated":true}]}}