{"id":9,"date":"2014-08-27T21:46:45","date_gmt":"2014-08-27T19:46:45","guid":{"rendered":"http:\/\/sikoraproject.eu\/lukasz\/hungary\/?page_id=9"},"modified":"2014-08-31T18:58:30","modified_gmt":"2014-08-31T16:58:30","slug":"tag-11-tokaj","status":"publish","type":"page","link":"https:\/\/sikoraproject.eu\/lukasz\/hungary\/?page_id=9","title":{"rendered":"Tag 11 &#8211; Tokaj"},"content":{"rendered":"<p>Ich blieb hier in Tokaj, ich wollte ein paar Kleinigkeiten erledigen und mir die Gegend ein wenig anschauen.<\/p>\n<p>Die polnischen Nachbarn fahren heute<span style=\"color: #000000;\"> Tisza\u00fajv\u00e1ros<\/span>, wir fr\u00fchst\u00fcckten zusammen und dann waren sie auch schon weg. Mein MP3-Player habe sie zum Gl\u00fcck aufgeladen.<br \/>\nIch wollte mich heute nach Weinen, Internet-Cafe wegen weiterer Route und einem Gesch\u00e4ft f\u00fcr Lebensmittel umsehen. Falls noch Kraft und Bedarf besteht, die Gegend anschauen.<\/p>\n<p>Ich schickte die Postkarten ab und besorgte mir was zum Trinken. Leider fand ich kein Internet-Cafe, sondern wieder mal nur WIFI-Zug\u00e4nge. War deswegen ein wenig sauer, alles basiert nur noch auf diese komischen Smartphones. Bei der Akademie in Tokaj sagte man mir, es sei nur f\u00fcr Mitglieder zug\u00e4nglich. Vielleicht habe ich ja bisschen fertig ausgesehen, so dass die mich nicht reinlassen wollten \ud83d\ude00<\/p>\n<p>Zum Gl\u00fcck konnte mir ein Freund aus Deutschland helfen und mir einen recht guten Weg Richtung\u00a0<span class=\"st\">Ko\u0161ice<\/span> (Norden, schon in Slowakei) sagen.<\/p>\n<p>Die Stadt (\u00fcber 4000 Einwohner) an sich ist recht klein, aber ganz nett. Viele kleine Cafes und Lokale. Ein 3 &#8211; 4 Tage Urlaub w\u00e4re aber v\u00f6llig ausreichend f\u00fcr diesen Ort. Man h\u00e4tte alles gesehen.<br \/>\nEs ist aber dennoch eine reine Touristenstadt. Bekannt ist sie nat\u00fcrlich wegen des Weins.<br \/>\nSchade finde ich, dass dort ein Hauptverkehrspunkt ist, es fahren sehr viele PKWs und LWKs durch die Stadt.<\/p>\n<p><a href=\"https:\/\/www.flickr.com\/photos\/126809085@N05\/14758417968\/in\/set-72157646367002026\"><img loading=\"lazy\" decoding=\"async\" src=\"https:\/\/live.staticflickr.com\/3863\/14758417968_67cffb8b83_n.jpg\" alt=\"Tokaj07\" width=\"320\" height=\"180\" \/><\/a><\/p>\n<p><a href=\"https:\/\/www.flickr.com\/photos\/126809085@N05\/14758369130\/in\/set-72157646367002026\"><img loading=\"lazy\" decoding=\"async\" src=\"https:\/\/live.staticflickr.com\/3880\/14758369130_4f1927e522_z.jpg\" alt=\"Tokaj09\" width=\"360\" height=\"640\" \/><\/a><\/p>\n<p><a href=\"https:\/\/www.flickr.com\/photos\/126809085@N05\/14941944561\/in\/set-72157646367002026\"><img loading=\"lazy\" decoding=\"async\" src=\"https:\/\/live.staticflickr.com\/3837\/14941944561_32a6e808e9_z.jpg\" alt=\"Tokaj07\" width=\"360\" height=\"640\" \/><\/a><\/p>\n<p><a href=\"https:\/\/www.flickr.com\/photos\/126809085@N05\/14902728951\/in\/set-72157646367002026\"><img loading=\"lazy\" decoding=\"async\" src=\"https:\/\/live.staticflickr.com\/3875\/14902728951_5ba749de8c_n.jpg\" alt=\"P1020040\" width=\"320\" height=\"240\" \/><\/a><\/p>\n<p><a href=\"https:\/\/www.flickr.com\/photos\/126809085@N05\/14719156979\/in\/set-72157646367002026\"><img loading=\"lazy\" decoding=\"async\" src=\"https:\/\/live.staticflickr.com\/3921\/14719156979_caccedc439_n.jpg\" alt=\"P1020039\" width=\"320\" height=\"240\" \/><\/a><\/p>\n<p>Ich sa\u00df und lag am Zelt und ruhte mich aus, irgendwie war ich ersch\u00f6pft und motivationslos. Es ist mein 11. Tag und ich merkte, dass ich doch eine l\u00e4ngere Pause br\u00e4uchte. Ob es an der Einsamkeit oder doch einfach nur k\u00f6rperlichen Ersch\u00f6pfung lag, wei\u00df ich nicht.<br \/>\nAber so alleine war nat\u00fcrlich nicht, ich lerne neue Zeltnachbarn kennen, ein poln. P\u00e4rchen die mit ihrem Auto auf dem Camping-Platz waren. Sie haben auch ihre Fahrr\u00e4der dabei, sie wollte Richtung Balaton fahren.<br \/>\nIch \u00fcberlegte recht lange und schaute mir immer wieder die Karte an, wie lange ich noch brauchen w\u00fcrde um die Slowakei zu \u00fcberqueren. Ich war noch knapp \u00fcber 300 km weg von Krakau, das w\u00e4ren ca. 8 &#8211; 10 Tage Fahrt \u00fcber die Berge. Dann m\u00fcsste ich noch irgendwie wieder nach Deutschland kommen. Aber so lange Urlaub habe ich auch nicht mehr. Ich beschloss die Slowakei leider nicht mehr zu \u00fcberqueren. Ich w\u00fcrde Richtung Kosice fahren und dann schauen wie es weiter geht, irgendwie komme ich schon von dort nach Krakau. Es war schon der 05.08. und am 18.08. m\u00fcsste ich wieder auf der Arbeit sein. Zudem wollte ich noch 2 Tage in Krakau bleiben und m\u00fcsste noch irgendwie nach Hause kommen. Das war alles mir ein wenig zu knapp.<br \/>\nIch \u00fcberlegte mir dann von\u00a0<span class=\"st\">Ko\u0161ice<\/span> nach Nowy S\u0105cz in Polen zu fahren. Von dort h\u00e4tte ich ca. 100 km, was 2 Tage fahrt bedeuten w\u00fcrden.<\/p>\n<p>Ich ging in ein Restaurant und bestellte mir ein Zunderfilet vom Rost mit Pommes. Als Nachtisch auf Empfehlung des Nachbarn Kastanienp\u00fcree. Der Fisch kostete 1900 Forint (knapp \u00fcber 6 EUR). Der Fisch war sehr lecker. Die Nachspeise, die Kastanien mit Sahne und Schokolade ebenfalls sehr lecker, aber auch sehr s\u00fc\u00df.<br \/>\nAuf eine weitere Empfehlung des Nachbars kaufte ich noch den Wein Tokaj Aszu. Es soll ein Geschenk sein f\u00fcr die Freunde in Krakau.<\/p>\n<p>Ich kam wieder zum Zelt und hatte einfach keiner Energie noch was zu machen, ging auch nicht mehr auf den Berg.<\/p>\n<p><a href=\"https:\/\/www.flickr.com\/photos\/126809085@N05\/14905441612\/in\/set-72157646367002026\"><img loading=\"lazy\" decoding=\"async\" src=\"https:\/\/live.staticflickr.com\/5587\/14905441612_76e5c32655_n.jpg\" alt=\"P1020036\" width=\"320\" height=\"240\" \/><\/a><\/p>\n<p>Der Camping-Platz liegt direkt an der Tisza, man kann dort auch schwimmen gehen oder mit Kanus die Gegend erkunden. Ich hatte aber zu nichts Motivation. Wollte am liebsten nur liegen und schlafen.<\/p>\n<p><a href=\"https:\/\/www.flickr.com\/photos\/126809085@N05\/14944685242\/in\/set-72157646367002026\"><img loading=\"lazy\" decoding=\"async\" src=\"https:\/\/live.staticflickr.com\/3910\/14944685242_6a15da1d9d_n.jpg\" alt=\"Tokaj10\" width=\"320\" height=\"180\" \/><\/a><\/p>\n<p>So mit lie\u00df ich mir die Fotos vom Berg von der Familie aus Tschechien zu schicken. Vielen Dank auch daf\u00fcr!<\/p>\n<p><a href=\"https:\/\/www.flickr.com\/photos\/126809085@N05\/14941942971\/in\/set-72157646367002026\"><img loading=\"lazy\" decoding=\"async\" src=\"https:\/\/live.staticflickr.com\/5596\/14941942971_25b749a46c_n.jpg\" alt=\"Tokaj06\" width=\"320\" height=\"180\" \/><\/a><\/p>\n<p><a href=\"https:\/\/www.flickr.com\/photos\/126809085@N05\/14945025765\/in\/set-72157646367002026\"><img loading=\"lazy\" decoding=\"async\" src=\"https:\/\/live.staticflickr.com\/3880\/14945025765_ffba7a50a0_z.jpg\" alt=\"Tokaj05\" width=\"360\" height=\"640\" \/><\/a><\/p>\n<p><a href=\"https:\/\/www.flickr.com\/photos\/126809085@N05\/14758348969\/in\/set-72157646367002026\"><img loading=\"lazy\" decoding=\"async\" src=\"https:\/\/live.staticflickr.com\/3874\/14758348969_d66064b10b_n.jpg\" alt=\"Tokaj02\" width=\"320\" height=\"180\" \/><\/a><\/p>\n<p><a href=\"https:\/\/www.flickr.com\/photos\/126809085@N05\/14945024595\/in\/set-72157646367002026\"><img loading=\"lazy\" decoding=\"async\" src=\"https:\/\/live.staticflickr.com\/3885\/14945024595_5930e6b8dc_n.jpg\" alt=\"Tokaj03\" width=\"320\" height=\"180\" \/><\/a><\/p>\n<p><a href=\"https:\/\/www.flickr.com\/photos\/126809085@N05\/14944681532\/in\/set-72157646367002026\"><img loading=\"lazy\" decoding=\"async\" src=\"https:\/\/live.staticflickr.com\/3886\/14944681532_36d80df2dc_n.jpg\" alt=\"Tokaj04\" width=\"320\" height=\"180\" \/><\/a><\/p>\n<p>Abends ging ich in das Camping-Restaurant um etwas zu essen. Dort traf ich das poln. Ehe-Paar. Wir a\u00dfen dann zusammen und erz\u00e4hlen uns einiges. Ich trank dabei ein Pils \ud83d\ude42<br \/>\nDoch langsam als es dunkler wurde, fingen an die M\u00fccken zu regieren. Ich sollte allerdings noch meine Fotos zu zeigen. Also gingen wir im dunkeln zur\u00fcck zum Zelt und zeigte zwischen den ganzen M\u00fccken alle meine Fotos. Danach unterhielten wir uns, leider war ich sehr m\u00fcde und ging auch schlafen.<\/p>\n<p>1 &#8211; 2 Stunden sp\u00e4ter schlief ich immer noch nicht, da meine Blase voll war (bl\u00f6des Bier), ich hatte aber keine Lust aufzustehen und hoffte dass ich dennoch einschlafe.<br \/>\nDrau\u00dfen h\u00f6rte ich neue Nachbarn die versucht haben im Schweinwerfer ihres Autos ein Zelt aufzubauen. Ich stand auf und ging zur Toilette und sah dass das Polen waren. Also begr\u00fc\u00dfte ich sie mit einem &#8222;Witam&#8220; und ging zur Toilette und sp\u00e4ter ins Zelt. Ich schlief dann direkt ein. Morgen geht es dann weiter nach <span dir=\"ltr\">Aba\u00fajv\u00e1r<\/span>, eine Stadt direkt an der slowakischen Grenze, dort soll laut Karte ein Camping-Platz sein.<\/p>\n","protected":false},"excerpt":{"rendered":"<p>Ich blieb hier in Tokaj, ich wollte ein paar Kleinigkeiten erledigen und mir die Gegend ein wenig anschauen. Die polnischen Nachbarn fahren heute Tisza\u00fajv\u00e1ros, wir fr\u00fchst\u00fcckten zusammen und dann waren sie auch schon weg. Mein MP3-Player habe sie zum Gl\u00fcck aufgeladen. Ich wollte mich heute nach Weinen, Internet-Cafe wegen weiterer Route und einem Gesch\u00e4ft f\u00fcr &hellip; <a href=\"https:\/\/sikoraproject.eu\/lukasz\/hungary\/?page_id=9\" class=\"more-link\"><span class=\"screen-reader-text\">Tag 11 &#8211; Tokaj<\/span> weiterlesen <span class=\"meta-nav\">&rarr;<\/span><\/a><\/p>\n","protected":false},"author":1,"featured_media":0,"parent":0,"menu_order":0,"comment_status":"closed","ping_status":"open","template":"","meta":{"footnotes":""},"class_list":["post-9","page","type-page","status-publish","hentry"],"_links":{"self":[{"href":"https:\/\/sikoraproject.eu\/lukasz\/hungary\/index.php?rest_route=\/wp\/v2\/pages\/9"}],"collection":[{"href":"https:\/\/sikoraproject.eu\/lukasz\/hungary\/index.php?rest_route=\/wp\/v2\/pages"}],"about":[{"href":"https:\/\/sikoraproject.eu\/lukasz\/hungary\/index.php?rest_route=\/wp\/v2\/types\/page"}],"author":[{"embeddable":true,"href":"https:\/\/sikoraproject.eu\/lukasz\/hungary\/index.php?rest_route=\/wp\/v2\/users\/1"}],"replies":[{"embeddable":true,"href":"https:\/\/sikoraproject.eu\/lukasz\/hungary\/index.php?rest_route=%2Fwp%2Fv2%2Fcomments&post=9"}],"version-history":[{"count":1,"href":"https:\/\/sikoraproject.eu\/lukasz\/hungary\/index.php?rest_route=\/wp\/v2\/pages\/9\/revisions"}],"predecessor-version":[{"id":10,"href":"https:\/\/sikoraproject.eu\/lukasz\/hungary\/index.php?rest_route=\/wp\/v2\/pages\/9\/revisions\/10"}],"wp:attachment":[{"href":"https:\/\/sikoraproject.eu\/lukasz\/hungary\/index.php?rest_route=%2Fwp%2Fv2%2Fmedia&parent=9"}],"curies":[{"name":"wp","href":"https:\/\/api.w.org\/{rel}","templated":true}]}}