{"id":13,"date":"2014-08-27T21:48:06","date_gmt":"2014-08-27T19:48:06","guid":{"rendered":"http:\/\/sikoraproject.eu\/lukasz\/hungary\/?page_id=13"},"modified":"2014-08-31T09:18:54","modified_gmt":"2014-08-31T07:18:54","slug":"tag-13-abaujvar-kosice","status":"publish","type":"page","link":"https:\/\/sikoraproject.eu\/lukasz\/hungary\/?page_id=13","title":{"rendered":"Tag 13 \u2013 Aba\u00fajv\u00e1r -> Ko\u0161ice"},"content":{"rendered":"<p><span style=\"color: #000080;\">Die Route f\u00fchrte in Ungarn \u00fcber wenig befahrene Landstra\u00dfen. Am Grenz\u00fcbergang liegt ein neuer Asphalt, es waren keine Autos zu sehen.<br \/>\nIn der Slowakei gab es zum Teil Radwege in den St\u00e4dten. Kurz vor Ko\u0161ice war der Verkehr allerdings stark und wir mussten zudem \u00fcber die Landstra\u00dfe ohne Radweg fahren. In Ko\u0161ice sind die Radwege mit einigen Bodenwellen und L\u00f6chern. Im Stadtzentrum sind die sehr gut ausgebaut.<br \/>\n<\/span><\/p>\n<p>[map style=&#8220;width: auto; height:400px; margin:20px 0px 20px 0px; border: 1px solid black;&#8220; maptype=&#8220;ROADMAP&#8220; traffic=&#8220;yes&#8220; gpx=&#8220;http:\/\/sikoraproject.eu\/lukasz\/hungary\/wp-content\/uploads\/13.gpx&#8220;]<\/p>\n<p>Gegen 10 Uhr fuhren wir los, ich w\u00fcrde jetzt nicht mehr alleine fahren, da die Leute ebenfalls nach Ko\u0161ice wollten.<br \/>\n<em>Na hoffentlich halte ich sie nicht auf.<br \/>\n<\/em><br \/>\nDer Weg f\u00fchrte durch einige D\u00f6rfer entlang, es gab auch ein paar kleine Steigungen. Zum Gl\u00fcck gab es kaum Wind.<br \/>\nBei einem Gef\u00e4lle erreichte ich meine Rekordgeschwindigkeit von 46 km\/h.<br \/>\nDie Fahrt mit den Leuten war wirklich super f\u00fcr mich. Wir spa\u00dften viel rum.<br \/>\nDann kam ein gro\u00dfer Moment f\u00fcr mich, ich habe es geschafft und stand an der slowakischen Grenze<br \/>\n<a href=\"https:\/\/www.flickr.com\/photos\/126809085@N05\/14719097210\/in\/set-72157646367002026\"><img loading=\"lazy\" decoding=\"async\" src=\"https:\/\/live.staticflickr.com\/3904\/14719097210_fafa2afea6_n.jpg\" alt=\"P1020057\" width=\"320\" height=\"240\" \/><\/a><\/p>\n<p>Der Blick zur\u00fcck nach Ungarn<br \/>\n<a href=\"https:\/\/www.flickr.com\/photos\/126809085@N05\/14905409612\/in\/set-72157646367002026\"><img loading=\"lazy\" decoding=\"async\" src=\"https:\/\/live.staticflickr.com\/3920\/14905409612_c33b42d9db_n.jpg\" alt=\"P1020060\" width=\"320\" height=\"240\" \/><\/a><\/p>\n<p>Nach ein paar Fotos und Trinkpause fuhren wir weiter.<\/p>\n<div style=\"top: 0; left: 0; width: 100%; height: 0; position: relative; padding-bottom: 56.25%;\">\t\t\t\t<iframe loading=\"lazy\" title=\"20140807_095230\" style=\"width: 100%; height: 100%; position: absolute;\"  src=\"https:\/\/embedr.flickr.com\/photos\/14764303147\" width=\"320\" height=\"180\" frameborder=\"0\" allow=\"autoplay; fullscreen\" allowfullscreen><\/iframe><\/div>\n<p>Vor\u00a0Ko\u0161ice mussten wir \u00fcber eine stark befahrene und enge Landstra\u00dfe fahren. Allerdings fuhren die Autos dort nicht all zu schnell.<br \/>\nIn der Stadt selbst fanden wir einen gro\u00dfen Einkaufsmarkt. Dort versorgten wir uns mit Essen und fuhren dann was essen<\/p>\n<p><a href=\"https:\/\/www.flickr.com\/photos\/126809085@N05\/14882772036\/in\/set-72157646367002026\"><img loading=\"lazy\" decoding=\"async\" src=\"https:\/\/live.staticflickr.com\/5558\/14882772036_e2c6eab59a_n.jpg\" alt=\"P1020062\" width=\"320\" height=\"240\" \/><\/a><\/p>\n<p>Legten dann noch die Route f\u00fcr die Stadt fest<br \/>\n<a href=\"https:\/\/www.flickr.com\/photos\/126809085@N05\/14942966681\/in\/set-72157646367002026\"><img loading=\"lazy\" decoding=\"async\" src=\"https:\/\/live.staticflickr.com\/3856\/14942966681_e0daa19a52_n.jpg\" alt=\"20140807_121357\" width=\"320\" height=\"240\" \/><\/a><\/p>\n<p>Mir fiel unterwegs immer wieder meine Tasche herunter, da ich \u00fcber die Wellen fuhr und es immer wieder Einfahrten f\u00fcr Autos gab. Das war ziemlich nervig.<\/p>\n<p>Die Altstadt ist wirklich sehr sch\u00f6n und mit Fahrradwegen versehen.<br \/>\n<a href=\"https:\/\/www.flickr.com\/photos\/126809085@N05\/14719206087\/in\/set-72157646367002026\"><img loading=\"lazy\" decoding=\"async\" src=\"https:\/\/live.staticflickr.com\/5588\/14719206087_65a81b1d58_n.jpg\" alt=\"P1020063\" width=\"320\" height=\"240\" \/><\/a><\/p>\n<p><a href=\"https:\/\/www.flickr.com\/photos\/126809085@N05\/14905754895\/in\/set-72157646367002026\"><img loading=\"lazy\" decoding=\"async\" src=\"https:\/\/live.staticflickr.com\/3896\/14905754895_1b9e846cb7_n.jpg\" alt=\"P1020064\" width=\"320\" height=\"240\" \/><\/a><\/p>\n<p>Wir fuhren trotzdem erstmal zum Bahnhof und nach Z\u00fcgen zu schauen. Leider sah die Sache so aus, dass nichts Richtung Polen fuhr\u00a0 bzw. es kein Platz f\u00fcr R\u00e4der gab und nun standen wir da.<\/p>\n<p>Wir nahmen dann Tickets Richtung <span class=\"st\">Bohum\u00edn<\/span> in Tschechien. Der Ort liegt n\u00e4mlich direkt an der polnische Grenze. Von dort w\u00fcrde man schon irgendwie nach Polen kommen. Der Zug fuhr aber erst nach 22 Uhr. Wir hatten also noch viel Zeit.<br \/>\nWir gingen die Altstadt zur\u00fcck um Kuchen zu essen, viel Spa\u00df zu haben, Pizza zu essen (50 Cent pro St\u00fcck, wir hatten ein ganzes Blech), D\u00f6ner-Teller ( + Bier 5 EUR) zu essen, im Park Musik zu h\u00f6ren und \u00fcber den Tag verteilt einige Bier (ca. 1,30 EUR pro Bier an einer Bar) zu verschlingen.<\/p>\n<p><a href=\"https:\/\/www.flickr.com\/photos\/126809085@N05\/14759518467\/in\/set-72157646367002026\"><img loading=\"lazy\" decoding=\"async\" src=\"https:\/\/live.staticflickr.com\/3904\/14759518467_af372a4276_n.jpg\" alt=\"20140807_181626\" width=\"320\" height=\"240\" \/><\/a><\/p>\n<p>Wir sprachen noch dabei \u00fcber Bratkartoffeln mit R\u00fchreiern und Buttermilch. Darauf komme ich aber Ende meiner Reise ganz kurz zur\u00fcck.<\/p>\n<p>Sp\u00e4ter fing es leider an zu regnen.<br \/>\nAls der Zug einfuhr, stellen wir die R\u00e4der dann dort rein und gingen in eine Kabine die wir f\u00fcr uns hatten. Wir versuchten zu schlafen, ging aber nicht, der Zug schleuderte uns ein wenig hin und her. Zudem war es total unbequem. Ich schlief vielleicht ca. 20 Minuten.<br \/>\nDann kamen wir gegen 2 oder 3 Uhr in <span class=\"st\">Bohum\u00edn<\/span> an.<\/p>\n","protected":false},"excerpt":{"rendered":"<p>Die Route f\u00fchrte in Ungarn \u00fcber wenig befahrene Landstra\u00dfen. Am Grenz\u00fcbergang liegt ein neuer Asphalt, es waren keine Autos zu sehen. In der Slowakei gab es zum Teil Radwege in den St\u00e4dten. Kurz vor Ko\u0161ice war der Verkehr allerdings stark und wir mussten zudem \u00fcber die Landstra\u00dfe ohne Radweg fahren. In Ko\u0161ice sind die Radwege &hellip; <a href=\"https:\/\/sikoraproject.eu\/lukasz\/hungary\/?page_id=13\" class=\"more-link\"><span class=\"screen-reader-text\">Tag 13 \u2013 Aba\u00fajv\u00e1r -> Ko\u0161ice<\/span> weiterlesen <span class=\"meta-nav\">&rarr;<\/span><\/a><\/p>\n","protected":false},"author":1,"featured_media":0,"parent":0,"menu_order":0,"comment_status":"closed","ping_status":"open","template":"","meta":{"footnotes":""},"class_list":["post-13","page","type-page","status-publish","hentry"],"_links":{"self":[{"href":"https:\/\/sikoraproject.eu\/lukasz\/hungary\/index.php?rest_route=\/wp\/v2\/pages\/13"}],"collection":[{"href":"https:\/\/sikoraproject.eu\/lukasz\/hungary\/index.php?rest_route=\/wp\/v2\/pages"}],"about":[{"href":"https:\/\/sikoraproject.eu\/lukasz\/hungary\/index.php?rest_route=\/wp\/v2\/types\/page"}],"author":[{"embeddable":true,"href":"https:\/\/sikoraproject.eu\/lukasz\/hungary\/index.php?rest_route=\/wp\/v2\/users\/1"}],"replies":[{"embeddable":true,"href":"https:\/\/sikoraproject.eu\/lukasz\/hungary\/index.php?rest_route=%2Fwp%2Fv2%2Fcomments&post=13"}],"version-history":[{"count":4,"href":"https:\/\/sikoraproject.eu\/lukasz\/hungary\/index.php?rest_route=\/wp\/v2\/pages\/13\/revisions"}],"predecessor-version":[{"id":79,"href":"https:\/\/sikoraproject.eu\/lukasz\/hungary\/index.php?rest_route=\/wp\/v2\/pages\/13\/revisions\/79"}],"wp:attachment":[{"href":"https:\/\/sikoraproject.eu\/lukasz\/hungary\/index.php?rest_route=%2Fwp%2Fv2%2Fmedia&parent=13"}],"curies":[{"name":"wp","href":"https:\/\/api.w.org\/{rel}","templated":true}]}}