{"id":4,"date":"2015-12-13T12:49:15","date_gmt":"2015-12-13T11:49:15","guid":{"rendered":"http:\/\/sikoraproject.eu\/lukasz\/germany\/?page_id=4"},"modified":"2015-12-23T08:35:20","modified_gmt":"2015-12-23T07:35:20","slug":"der-routenplan","status":"publish","type":"page","link":"https:\/\/sikoraproject.eu\/lukasz\/germany\/index.php\/der-routenplan\/","title":{"rendered":"Der Routenplan"},"content":{"rendered":"<p>Von Brandenburg bin ich (Lukas Sikora) \u00fcber Roskow und Ketzin Richtung Berlin Spandau gefahren. Anschlie\u00dfend durch Berlin auf die B1, kurzen Umweg s\u00fcdlich der B1 eingelegt und wieder auf die B1 \u00fcber Seelow Richtung Grenze. Von Spandau bis Polen habe ich ca. 120 &#8211; 140 km gemacht, meine ich :).<\/p>\n<p>Die Route ist eine ungef\u00e4hre. Viele kleine bergige Wege oder auch D\u00f6rfer, durch die ich gefahren bin, sind nicht markiert.<\/p>\n<p>[map style=&#8220;width: auto; height:400px; margin:20px 0px 20px 0px; border: 1px solid black;&#8220; maptype=&#8220;OSM&#8220; gpx=&#8220;http:\/\/sikoraproject.eu\/lukasz\/germany\/wp-content\/uploads\/map (1).gpx&#8220;]<\/p>\n","protected":false},"excerpt":{"rendered":"<p>Von Brandenburg bin ich (Lukas Sikora) \u00fcber Roskow und Ketzin Richtung Berlin Spandau gefahren. Anschlie\u00dfend durch Berlin auf die B1, kurzen Umweg s\u00fcdlich der B1 eingelegt und wieder auf die B1 \u00fcber Seelow Richtung Grenze. Von Spandau bis Polen habe ich ca. 120 &#8211; 140 km gemacht, meine ich :). Die Route ist eine ungef\u00e4hre. &hellip; <a href=\"https:\/\/sikoraproject.eu\/lukasz\/germany\/index.php\/der-routenplan\/\" class=\"more-link\"><span class=\"screen-reader-text\">\u201eDer Routenplan\u201c<\/span> weiterlesen<\/a><\/p>\n","protected":false},"author":1,"featured_media":0,"parent":0,"menu_order":0,"comment_status":"closed","ping_status":"closed","template":"","meta":{"ngg_post_thumbnail":0,"footnotes":""},"class_list":["post-4","page","type-page","status-publish","hentry"],"_links":{"self":[{"href":"https:\/\/sikoraproject.eu\/lukasz\/germany\/index.php\/wp-json\/wp\/v2\/pages\/4"}],"collection":[{"href":"https:\/\/sikoraproject.eu\/lukasz\/germany\/index.php\/wp-json\/wp\/v2\/pages"}],"about":[{"href":"https:\/\/sikoraproject.eu\/lukasz\/germany\/index.php\/wp-json\/wp\/v2\/types\/page"}],"author":[{"embeddable":true,"href":"https:\/\/sikoraproject.eu\/lukasz\/germany\/index.php\/wp-json\/wp\/v2\/users\/1"}],"replies":[{"embeddable":true,"href":"https:\/\/sikoraproject.eu\/lukasz\/germany\/index.php\/wp-json\/wp\/v2\/comments?post=4"}],"version-history":[{"count":6,"href":"https:\/\/sikoraproject.eu\/lukasz\/germany\/index.php\/wp-json\/wp\/v2\/pages\/4\/revisions"}],"predecessor-version":[{"id":136,"href":"https:\/\/sikoraproject.eu\/lukasz\/germany\/index.php\/wp-json\/wp\/v2\/pages\/4\/revisions\/136"}],"wp:attachment":[{"href":"https:\/\/sikoraproject.eu\/lukasz\/germany\/index.php\/wp-json\/wp\/v2\/media?parent=4"}],"curies":[{"name":"wp","href":"https:\/\/api.w.org\/{rel}","templated":true}]}}