{"id":20,"date":"2015-12-13T12:53:56","date_gmt":"2015-12-13T11:53:56","guid":{"rendered":"http:\/\/sikoraproject.eu\/lukasz\/germany\/?page_id=20"},"modified":"2015-12-23T08:30:15","modified_gmt":"2015-12-23T07:30:15","slug":"tag-7-polska","status":"publish","type":"page","link":"https:\/\/sikoraproject.eu\/lukasz\/germany\/index.php\/erlebnisse\/tag-7-polska\/","title":{"rendered":"Tag 7, Polska!"},"content":{"rendered":"<p><strong>Mein heutiges Ziel sollte Polen sein, es sind noch \u00fcber die B1 und ganz Berlin ca. 110 km.<\/strong><\/p>\n<p>Gegen 7 Uhr morgens schlich ich mich aus der Wohnung, irgendwie schleiche ich mich morgens immer raus, wie dem auch sei. Ab zum, richtig, zum B\u00e4cker fr\u00fchst\u00fccken. Ich merkte allerdings direkt die Ersch\u00f6pfung, vor allem mein Knie. Mein rechter Oberschenkel war auch endlich zu sp\u00fcren, hat ja lange genug alles mitgemacht.<br \/>\nJetzt begann die Fahrt raus aus Berlin und ich muss sagen, die Stadt zieht sich unheimlich. Zum Abschluss ging es auch noch sch\u00f6n bergauf.<br \/>\nAber ich fuhr an der Siegessl\u00e4ule entlang&#8230;<\/p>\n<figure id=\"attachment_124\" aria-describedby=\"caption-attachment-124\" style=\"width: 225px\" class=\"wp-caption aligncenter\"><a href=\"http:\/\/sikoraproject.eu\/lukasz\/germany\/wp-content\/uploads\/2015\/12\/p1010430.jpg\" target=\"_blank\"><img loading=\"lazy\" decoding=\"async\" class=\"wp-image-124 size-medium\" src=\"http:\/\/sikoraproject.eu\/lukasz\/germany\/wp-content\/uploads\/2015\/12\/p1010430-225x300.jpg\" alt=\"Siegess\u00e4ule\" width=\"225\" height=\"300\" srcset=\"https:\/\/sikoraproject.eu\/lukasz\/germany\/wp-content\/uploads\/2015\/12\/p1010430-225x300.jpg 225w, https:\/\/sikoraproject.eu\/lukasz\/germany\/wp-content\/uploads\/2015\/12\/p1010430-768x1024.jpg 768w, https:\/\/sikoraproject.eu\/lukasz\/germany\/wp-content\/uploads\/2015\/12\/p1010430-1200x1600.jpg 1200w\" sizes=\"(max-width: 225px) 85vw, 225px\" \/><\/a><figcaption id=\"caption-attachment-124\" class=\"wp-caption-text\">Siegess\u00e4ule<\/figcaption><\/figure>\n<figure id=\"attachment_125\" aria-describedby=\"caption-attachment-125\" style=\"width: 300px\" class=\"wp-caption aligncenter\"><a href=\"http:\/\/sikoraproject.eu\/lukasz\/germany\/wp-content\/uploads\/2015\/12\/p1010432.jpg\" target=\"_blank\"><img loading=\"lazy\" decoding=\"async\" class=\"wp-image-125 size-medium\" src=\"http:\/\/sikoraproject.eu\/lukasz\/germany\/wp-content\/uploads\/2015\/12\/p1010432-300x225.jpg\" alt=\"Siegess\u00e4ule\" width=\"300\" height=\"225\" srcset=\"https:\/\/sikoraproject.eu\/lukasz\/germany\/wp-content\/uploads\/2015\/12\/p1010432-300x225.jpg 300w, https:\/\/sikoraproject.eu\/lukasz\/germany\/wp-content\/uploads\/2015\/12\/p1010432-768x576.jpg 768w, https:\/\/sikoraproject.eu\/lukasz\/germany\/wp-content\/uploads\/2015\/12\/p1010432-1024x768.jpg 1024w, https:\/\/sikoraproject.eu\/lukasz\/germany\/wp-content\/uploads\/2015\/12\/p1010432-1200x900.jpg 1200w\" sizes=\"(max-width: 300px) 85vw, 300px\" \/><\/a><figcaption id=\"caption-attachment-125\" class=\"wp-caption-text\">Siegess\u00e4ule<\/figcaption><\/figure>\n<p>&#8230; und durch das Brandenburger Tor hindurch.<\/p>\n<figure id=\"attachment_126\" aria-describedby=\"caption-attachment-126\" style=\"width: 300px\" class=\"wp-caption aligncenter\"><a href=\"http:\/\/sikoraproject.eu\/lukasz\/germany\/wp-content\/uploads\/2015\/12\/p1010435.jpg\" target=\"_blank\"><img loading=\"lazy\" decoding=\"async\" class=\"wp-image-126 size-medium\" src=\"http:\/\/sikoraproject.eu\/lukasz\/germany\/wp-content\/uploads\/2015\/12\/p1010435-300x225.jpg\" alt=\"Brandenburger Tor\" width=\"300\" height=\"225\" srcset=\"https:\/\/sikoraproject.eu\/lukasz\/germany\/wp-content\/uploads\/2015\/12\/p1010435-300x225.jpg 300w, https:\/\/sikoraproject.eu\/lukasz\/germany\/wp-content\/uploads\/2015\/12\/p1010435-768x576.jpg 768w, https:\/\/sikoraproject.eu\/lukasz\/germany\/wp-content\/uploads\/2015\/12\/p1010435-1024x768.jpg 1024w, https:\/\/sikoraproject.eu\/lukasz\/germany\/wp-content\/uploads\/2015\/12\/p1010435-1200x900.jpg 1200w\" sizes=\"(max-width: 300px) 85vw, 300px\" \/><\/a><figcaption id=\"caption-attachment-126\" class=\"wp-caption-text\">Brandenburger Tor<\/figcaption><\/figure>\n<figure id=\"attachment_127\" aria-describedby=\"caption-attachment-127\" style=\"width: 300px\" class=\"wp-caption aligncenter\"><a href=\"http:\/\/sikoraproject.eu\/lukasz\/germany\/wp-content\/uploads\/2015\/12\/p1010436.jpg\" target=\"_blank\"><img loading=\"lazy\" decoding=\"async\" class=\"wp-image-127 size-medium\" src=\"http:\/\/sikoraproject.eu\/lukasz\/germany\/wp-content\/uploads\/2015\/12\/p1010436-300x225.jpg\" alt=\"Brandenburger Tor\" width=\"300\" height=\"225\" srcset=\"https:\/\/sikoraproject.eu\/lukasz\/germany\/wp-content\/uploads\/2015\/12\/p1010436-300x225.jpg 300w, https:\/\/sikoraproject.eu\/lukasz\/germany\/wp-content\/uploads\/2015\/12\/p1010436-768x576.jpg 768w, https:\/\/sikoraproject.eu\/lukasz\/germany\/wp-content\/uploads\/2015\/12\/p1010436-1024x768.jpg 1024w, https:\/\/sikoraproject.eu\/lukasz\/germany\/wp-content\/uploads\/2015\/12\/p1010436-1200x900.jpg 1200w\" sizes=\"(max-width: 300px) 85vw, 300px\" \/><\/a><figcaption id=\"caption-attachment-127\" class=\"wp-caption-text\">Brandenburger Tor<\/figcaption><\/figure>\n<p>Nachdem ich im Osten einen Berg rauf gefahren sah ich was, einerseits mit einem weinenden und anderseits mit einem gl\u00fccklichem Auge dieses Schild. Ach so, ich muss noch erw\u00e4hnen, ich mag Berlin und komme hier immer wieder gerne zur\u00fcck. Ich bin mindestens einmal im Jahr hier.<\/p>\n<figure id=\"attachment_128\" aria-describedby=\"caption-attachment-128\" style=\"width: 300px\" class=\"wp-caption aligncenter\"><a href=\"http:\/\/sikoraproject.eu\/lukasz\/germany\/wp-content\/uploads\/2015\/12\/p1010438.jpg\" target=\"_blank\"><img loading=\"lazy\" decoding=\"async\" class=\"wp-image-128 size-medium\" src=\"http:\/\/sikoraproject.eu\/lukasz\/germany\/wp-content\/uploads\/2015\/12\/p1010438-300x225.jpg\" alt=\"Traurig und Gl\u00fccklich zugleich\" width=\"300\" height=\"225\" srcset=\"https:\/\/sikoraproject.eu\/lukasz\/germany\/wp-content\/uploads\/2015\/12\/p1010438-300x225.jpg 300w, https:\/\/sikoraproject.eu\/lukasz\/germany\/wp-content\/uploads\/2015\/12\/p1010438-768x576.jpg 768w, https:\/\/sikoraproject.eu\/lukasz\/germany\/wp-content\/uploads\/2015\/12\/p1010438-1024x768.jpg 1024w, https:\/\/sikoraproject.eu\/lukasz\/germany\/wp-content\/uploads\/2015\/12\/p1010438-1200x900.jpg 1200w\" sizes=\"(max-width: 300px) 85vw, 300px\" \/><\/a><figcaption id=\"caption-attachment-128\" class=\"wp-caption-text\">Traurig und Gl\u00fccklich zugleich<\/figcaption><\/figure>\n<p>So, jetzt war ich raus aus Berlin, ich bin wirklich schnell f\u00fcr meine Verh\u00e4ltnisse in der Stadt gefahren. Ich fuhr die B1 weiter Richtung Polen und war gl\u00fccklich \ud83d\ude42<br \/>\nNaja, die Freude hielt leider nicht lange an: Die B1 ist f\u00fcr Fahrr\u00e4der gesperrt und der Verkehr riesig. Na toll, dachte ich. Das wars, heute komme ich in Polen nicht mehr an. Muss also Umwege fahren.<br \/>\nDa sah ich eine Frau, die ich direkt angesprochen und nach dem Weg gefragt habe. Sie malte mir fast die ganze Umgebung mit samt Stra\u00dfennamen in mein Heft und wie ich fahren muss. Juhu, dachte ich, endlich geht es weiter! Ich muss wohl aber so schrecklich ausgesehen haben, sie wollte mich zum Erdbeerenpfl\u00fccken einladen, mir noch was zum trinken geben. Der H\u00f6hepunkt war, als sie ihre Brieftasche nahm und mir sogar noch Geld geben wollte. Ich lehnte alles dankend ab (es lag bestimmt am Hut \ud83d\ude00 ). Ich verabschiedete mich und fuhr los.<br \/>\nNachdem ich ihren Weg nicht folgen konnte, da ich sonst \u00fcber ein Pferdesportfeld h\u00e4tte fahren m\u00fcssen, auf dem Verbotsschilder hingen. Nach einigen Fragereien, musste ich s\u00fcdlich \u00fcber einen sehr sandigen Weg fahren und danach auch das Rad schieben.<br \/>\nEndlich in einem Dorf angekommen sagte mir ein Mann (der mich an einen Bruder der Ludolfs erinnerte, trotzdem sehr freundlich und nat\u00fcrlich gespr\u00e4chsbereit war) wie ich zu fahren habe. Ich war inzwischen nur noch fertig, mir tat alles weh, mein Knie, meine Arme, mein rechtes und zum Teil mein linker Oberschenkel, wollte nur noch ankommen und k\u00e4mpfte mich immer weider durch. Nur noch ablenken, nicht daran denken.<br \/>\nIch fuhr also den Umweg s\u00fcdlich der B1 entlang und kam dann endlich bei der B1 an! Nat\u00fcrlich ohne Radweg und viel Verkehr, daf\u00fcr ohne Leitplanken, so mit konnte ich drauf und los ging es wieder!<br \/>\nAber etwas sch\u00f6nes habe ich noch entdeckt, als ich kurz Wasser lassen musste, eine kleine Windhose auf einem Feld.<\/p>\n<figure id=\"attachment_129\" aria-describedby=\"caption-attachment-129\" style=\"width: 300px\" class=\"wp-caption aligncenter\"><a href=\"http:\/\/sikoraproject.eu\/lukasz\/germany\/wp-content\/uploads\/2015\/12\/p1010441.jpg\" target=\"_blank\"><img loading=\"lazy\" decoding=\"async\" class=\"wp-image-129 size-medium\" src=\"http:\/\/sikoraproject.eu\/lukasz\/germany\/wp-content\/uploads\/2015\/12\/p1010441-300x225.jpg\" alt=\"mini Windhose\" width=\"300\" height=\"225\" srcset=\"https:\/\/sikoraproject.eu\/lukasz\/germany\/wp-content\/uploads\/2015\/12\/p1010441-300x225.jpg 300w, https:\/\/sikoraproject.eu\/lukasz\/germany\/wp-content\/uploads\/2015\/12\/p1010441-768x576.jpg 768w, https:\/\/sikoraproject.eu\/lukasz\/germany\/wp-content\/uploads\/2015\/12\/p1010441-1024x768.jpg 1024w, https:\/\/sikoraproject.eu\/lukasz\/germany\/wp-content\/uploads\/2015\/12\/p1010441-1200x900.jpg 1200w\" sizes=\"(max-width: 300px) 85vw, 300px\" \/><\/a><figcaption id=\"caption-attachment-129\" class=\"wp-caption-text\">mini Windhose<\/figcaption><\/figure>\n<p><a href=\"http:\/\/sikoraproject.eu\/lukasz\/germany\/wp-content\/uploads\/2015\/12\/p1010442.jpg\" target=\"_blank\"><img loading=\"lazy\" decoding=\"async\" class=\"aligncenter wp-image-130 size-medium\" src=\"http:\/\/sikoraproject.eu\/lukasz\/germany\/wp-content\/uploads\/2015\/12\/p1010442-300x225.jpg\" alt=\"p1010442\" width=\"300\" height=\"225\" srcset=\"https:\/\/sikoraproject.eu\/lukasz\/germany\/wp-content\/uploads\/2015\/12\/p1010442-300x225.jpg 300w, https:\/\/sikoraproject.eu\/lukasz\/germany\/wp-content\/uploads\/2015\/12\/p1010442-768x576.jpg 768w, https:\/\/sikoraproject.eu\/lukasz\/germany\/wp-content\/uploads\/2015\/12\/p1010442-1024x768.jpg 1024w, https:\/\/sikoraproject.eu\/lukasz\/germany\/wp-content\/uploads\/2015\/12\/p1010442-1200x900.jpg 1200w\" sizes=\"(max-width: 300px) 85vw, 300px\" \/><\/a><\/p>\n<p>Endlich kam auch mal ein Radweg links an der Strasse an einem Waldst\u00fcck. Schade hierbei dass es dort viele Rauf-Und-Runter-Abschnitte gab, zwar nur 5 &#8211; 10 Meter hoch\/tief, aber davon gab es reichlich. Bei jeder Abfahrt trat ich so viel ich konnte in die Pedale, damit ich den Schwung auf die Auffahrt mit nehmen konnte. Leider kam ich meistens bis ein Drittel bis ggf. H\u00e4lfte der Auffahrt.<br \/>\nIch fuhr mit dem einen Bein so schnell ich konnte, rauf und runter, rauf und runter.<br \/>\nPl\u00f6tzlich sah ich ein Schild, dass Frankfurt\/Oder nur noch 50 km weit sei! &#8222;Nur 50 km!&#8220;, dachte ich. 50 km sind sehr wenig, es sind ca. 3 &#8211; 4 Stunden auf dem Fahrrad, das schaffe ich ohne Probleme! Das gab mir noch mal so einen Motivationsschub, ich gab jetzt alles was in mir steckte und dr\u00fcckte noch mal richtig auf das Pedal.<br \/>\nEndlich wurde es auch mal bisschen Eben und ein Dorf war zu sehen, dazu noch eine kleine Pommesbude, perfekt, ich hatte n\u00e4mlich richtig Hunger! Ich a\u00df Bratkartoffeln, Frikadelle und meine Lieblingssuppe, die ich im Osten kennen gelernt habe, Soljanka. Die Suppe ist aus Essiggurken, Speck, Tomatenmark, Zwiebeln etc., mir hat sie sehr gut geschmeckt. Die sollte aber auch meine letzte warme Mahlzeit f\u00fcr die n\u00e4chsten paar Tage werden. Nachdem ich mich mit allen in der Bude unterhalten musste, ging es auch weiter. Ich blieb dort nicht lange, ich wollte nur noch weiter.<br \/>\nDie restliche Fahrt verlief wenig Interessant, es ging nur gerade aus und ich k\u00e4mpfte mich weiter durch, 30 km, 15 km, bis ich vor diesem Schild stand:<\/p>\n<figure id=\"attachment_131\" aria-describedby=\"caption-attachment-131\" style=\"width: 300px\" class=\"wp-caption aligncenter\"><a href=\"http:\/\/sikoraproject.eu\/lukasz\/germany\/wp-content\/uploads\/2015\/12\/p1010443.jpg\" target=\"_blank\"><img loading=\"lazy\" decoding=\"async\" class=\"wp-image-131 size-medium\" src=\"http:\/\/sikoraproject.eu\/lukasz\/germany\/wp-content\/uploads\/2015\/12\/p1010443-300x225.jpg\" alt=\"Fast da!!!\" width=\"300\" height=\"225\" srcset=\"https:\/\/sikoraproject.eu\/lukasz\/germany\/wp-content\/uploads\/2015\/12\/p1010443-300x225.jpg 300w, https:\/\/sikoraproject.eu\/lukasz\/germany\/wp-content\/uploads\/2015\/12\/p1010443-768x576.jpg 768w, https:\/\/sikoraproject.eu\/lukasz\/germany\/wp-content\/uploads\/2015\/12\/p1010443-1024x768.jpg 1024w, https:\/\/sikoraproject.eu\/lukasz\/germany\/wp-content\/uploads\/2015\/12\/p1010443-1200x900.jpg 1200w\" sizes=\"(max-width: 300px) 85vw, 300px\" \/><\/a><figcaption id=\"caption-attachment-131\" class=\"wp-caption-text\">Fast da!!!<\/figcaption><\/figure>\n<p>Das ist ein Moment f\u00fcr mich gewesen, wo ich dachte, dass ich es tats\u00e4chlich fast geschafft habe. Wahrhaben konnte ich es nicht wirklich. Noch einen einzigen Kilometer!<br \/>\nWeiter fuhr ich, es kam eine Br\u00fccke, ja, die Oder! Kurz darauf sah ich tats\u00e4chlich dieses Schild und da wusste ich: Ich habe es endlich geschafft! Jetzt kann ich all den Leuten zeigen, die gesagt haben, ich schaffe das nicht. Wenn man um etwas k\u00e4mpft, kann man das auch schaffen!<\/p>\n<figure id=\"attachment_132\" aria-describedby=\"caption-attachment-132\" style=\"width: 300px\" class=\"wp-caption aligncenter\"><a href=\"http:\/\/sikoraproject.eu\/lukasz\/germany\/wp-content\/uploads\/2015\/12\/p1010445.jpg\" target=\"_blank\"><img loading=\"lazy\" decoding=\"async\" class=\"wp-image-132 size-medium\" src=\"http:\/\/sikoraproject.eu\/lukasz\/germany\/wp-content\/uploads\/2015\/12\/p1010445-300x225.jpg\" alt=\"ENDLICH!!!\" width=\"300\" height=\"225\" srcset=\"https:\/\/sikoraproject.eu\/lukasz\/germany\/wp-content\/uploads\/2015\/12\/p1010445-300x225.jpg 300w, https:\/\/sikoraproject.eu\/lukasz\/germany\/wp-content\/uploads\/2015\/12\/p1010445-768x576.jpg 768w, https:\/\/sikoraproject.eu\/lukasz\/germany\/wp-content\/uploads\/2015\/12\/p1010445-1024x768.jpg 1024w, https:\/\/sikoraproject.eu\/lukasz\/germany\/wp-content\/uploads\/2015\/12\/p1010445-1200x900.jpg 1200w\" sizes=\"(max-width: 300px) 85vw, 300px\" \/><\/a><figcaption id=\"caption-attachment-132\" class=\"wp-caption-text\">ENDLICH!!!<\/figcaption><\/figure>\n<p>An dem Schild schrieb ich ein paar SMS, dass ich endlich in Polen bin!<br \/>\nEin P\u00e4rchen stellte sich einzeln an das Schild und machten von sich Fotos, ich bot ihnen meine Hilfe und fotografierte dann beiden an dem Schild. Wir unterhielten uns ca. 30 Min. Ihr Mann wohnt in Deutschland, sie wohnt in Polen.<br \/>\nAnschlie\u00dfend fuhr zur Wechselstube Geld wechseln, Gesch\u00e4ft um Essen und Trinken zu kaufen (polnisches Essen schmeckt mir besser \ud83d\ude1b ) und dann ging es noch wenige Kilometer weiter. Es warteten 8 Tage zelten auf mich&#8230;<\/p>\n<p>Vielleicht ist die Fahrt f\u00fcr viele nichts besonderes, weil die das oft machen, aber es war meine erste richtig gro\u00dfe Tour und ich kann mir selber auf die Schulter klopfen, dass ich es geschafft habe! Es waren sicherlich 120 &#8211; 130 km in dem letzten Abschnitt, das war f\u00fcr mich die l\u00e4ngste Etappe und dann noch am letzten Tag ohne gro\u00dfartig Pause gemacht zu haben. Ich finde es sehr interessant was man alleine mit der Kopfarbeit alles erreichen kann.<\/p>\n","protected":false},"excerpt":{"rendered":"<p>Mein heutiges Ziel sollte Polen sein, es sind noch \u00fcber die B1 und ganz Berlin ca. 110 km. Gegen 7 Uhr morgens schlich ich mich aus der Wohnung, irgendwie schleiche ich mich morgens immer raus, wie dem auch sei. Ab zum, richtig, zum B\u00e4cker fr\u00fchst\u00fccken. Ich merkte allerdings direkt die Ersch\u00f6pfung, vor allem mein Knie. &hellip; <a href=\"https:\/\/sikoraproject.eu\/lukasz\/germany\/index.php\/erlebnisse\/tag-7-polska\/\" class=\"more-link\"><span class=\"screen-reader-text\">\u201eTag 7, Polska!\u201c<\/span> weiterlesen<\/a><\/p>\n","protected":false},"author":1,"featured_media":0,"parent":6,"menu_order":0,"comment_status":"closed","ping_status":"closed","template":"","meta":{"ngg_post_thumbnail":0,"footnotes":""},"class_list":["post-20","page","type-page","status-publish","hentry"],"_links":{"self":[{"href":"https:\/\/sikoraproject.eu\/lukasz\/germany\/index.php\/wp-json\/wp\/v2\/pages\/20"}],"collection":[{"href":"https:\/\/sikoraproject.eu\/lukasz\/germany\/index.php\/wp-json\/wp\/v2\/pages"}],"about":[{"href":"https:\/\/sikoraproject.eu\/lukasz\/germany\/index.php\/wp-json\/wp\/v2\/types\/page"}],"author":[{"embeddable":true,"href":"https:\/\/sikoraproject.eu\/lukasz\/germany\/index.php\/wp-json\/wp\/v2\/users\/1"}],"replies":[{"embeddable":true,"href":"https:\/\/sikoraproject.eu\/lukasz\/germany\/index.php\/wp-json\/wp\/v2\/comments?post=20"}],"version-history":[{"count":3,"href":"https:\/\/sikoraproject.eu\/lukasz\/germany\/index.php\/wp-json\/wp\/v2\/pages\/20\/revisions"}],"predecessor-version":[{"id":134,"href":"https:\/\/sikoraproject.eu\/lukasz\/germany\/index.php\/wp-json\/wp\/v2\/pages\/20\/revisions\/134"}],"up":[{"embeddable":true,"href":"https:\/\/sikoraproject.eu\/lukasz\/germany\/index.php\/wp-json\/wp\/v2\/pages\/6"}],"wp:attachment":[{"href":"https:\/\/sikoraproject.eu\/lukasz\/germany\/index.php\/wp-json\/wp\/v2\/media?parent=20"}],"curies":[{"name":"wp","href":"https:\/\/api.w.org\/{rel}","templated":true}]}}