{"id":18,"date":"2015-12-13T12:53:11","date_gmt":"2015-12-13T11:53:11","guid":{"rendered":"http:\/\/sikoraproject.eu\/lukasz\/germany\/?page_id=18"},"modified":"2015-12-14T22:18:22","modified_gmt":"2015-12-14T21:18:22","slug":"tag-6-berlin-berlin-ich-fahre-nach-berlin","status":"publish","type":"page","link":"https:\/\/sikoraproject.eu\/lukasz\/germany\/index.php\/erlebnisse\/tag-6-berlin-berlin-ich-fahre-nach-berlin\/","title":{"rendered":"Tag 6, Berlin, Berlin, ich fahre nach Berlin"},"content":{"rendered":"<p><strong>Es geht nach Berlin Spandau wo ich eine Schlafm\u00f6glichkeit erhalten habe.<\/strong><\/p>\n<p>In der Nacht fing es an regnen. Hose verkehrt angezogen, raus gelaufen, Zelt windfest gemacht, wieder rein, schlafen. Wenn man ersch\u00f6pft ist, mache ich das Zelt nur so weit fest, damit es steht. Das Problem ist dann, wenn es windiger wird. Der Regen war abzusehen, aber ich war zu optimistisch, selber Schuld eben.<br \/>\nMorgens gegen 7 Uhr aufstehen, Zelt packen und weg war ich. Wie so oft hatte ich Gl\u00fcck, direkt ein B\u00e4cker, ab zum Fr\u00fchst\u00fcck. 2 Br\u00f6tchen und ein Kakao.<br \/>\nZum Essen setzte ich mich neben einen Herren mit dem ich direkt eine Unterhaltung angefangen habe. Er meinte dass das der einzige B\u00e4cker in der ganzen Umgebung ist, die Leute kommen aus vielen anderen D\u00f6rfern hier an um dort Brot zu kaufen. Da hatte ich wohl Gl\u00fcck. Er erz\u00e4hlte mir auch, dass die Wende vieles kaputt gemacht. Viele sind abgehauen, die St\u00e4dte hatten fr\u00fcher viele Betriebe und viele Menschen, aber wenn jemand gestorben ist, hat keiner weiter gemacht, viele sind auch in den Westen abgehauen. Er selber wollte 1973 in den Westen fl\u00fcchten und wurde geschnappt. Er hatte Gl\u00fcck dass er nicht erschossen worden ist, meinte er. Er kam ins Gef\u00e4ngnis und ist dadurch heute schwer vermittelbar, was das Arbeiten angeht. Er zeigte mir noch einen Gast, der verwirrt in den B\u00e4cker rein und sp\u00e4ter raus ging. Er meinte, er sei ein alter Freund von ihm, der nie vom Alkohol los kam, echt schade um ihn. Er selber ist seit \u00fcber 10 Jahren trocken.<br \/>\nNaja, ich musste aber weiter.<br \/>\nIch war ersch\u00f6pft, mein Knie schmerzte immer noch, meine Finger immer noch taub. Ich wechselte oft meine Position, lie\u00df Blut in die Arme flie\u00dfen, fuhr freih\u00e4ndig, streckte mich usw., leider half nichts gegen die Taubheit.<br \/>\nDer Weg Richtung Spandau war nicht interessant, nicht viel erlebt, nur mit ein paar Leuten unterwegs bisschen unterhalten, wo ich nach dem Weg gefragt habe. Ich fuhr \u00fcber Roskow und Ketzin. Dann \u00fcber Neu Falkenrehde nach Berlin rein.<br \/>\nIch musste nach Spandau, wo mir ein Kollege (danke Puejo!) eine Schlafm\u00f6glichkeit angeboten hat. Berlin Spandau liegt gl\u00fccklicherweise weit im Westen und konnte so mit ohne Probleme dort hin gelangen, obwohl sich die Route bei Berlin zog.<\/p>\n<p>In Berlin bin ich dann mit dem Kollegen mit dem Fahrrad noch durch halb Berlin gefahren, ich dachte ich schaffe das ohne Probleme. Allerdings h\u00e4tte ich mich lieber ausruhen sollen. Meinem Knie tat das nicht gut. Das merkte ich allerdings erst am n\u00e4chsten Tag.<br \/>\nIch muss sagen, dass Berlin eine sehr fahrradfreundliche Stadt ist, hat mir gefallen. Sogar mit eigenen Ampeln und die Autofahrer achten auch auf die Fahrradfahrer. Allerdings heizen die Berliner auf ihren Fahrr\u00e4dern durch die Stadt, meine G\u00fcte. Hat aber trotzdem viel Spa\u00df gemacht!<br \/>\nWir machten abends eine Route f\u00fcr mich fertig, es waren noch ca. 110 km. Ich wusste nicht ob ich das an einem Tag schaffen werde. Da trank ich auch mein erstes Bier!<br \/>\nZwischen 22 und 23 Uhr ging ich auch schlafen. Es wartete der hoffentlich letzte Tag f\u00fcr mich.<\/p>\n<p>Musik, Wasser und Essen waren wichtig. Die Karte war diesmal uninteressant. Sonst war die Strecke langweilig.<\/p>\n<p>-&gt; Weiter zu:\u00a0<a title=\"Tag 7,\u00a0Polska!\" href=\"http:\/\/sikoraproject.eu\/lukasz\/germany\/index.php\/erlebnisse\/tag-7-polska\/\">Tag 7, Polska!<\/a><\/p>\n","protected":false},"excerpt":{"rendered":"<p>Es geht nach Berlin Spandau wo ich eine Schlafm\u00f6glichkeit erhalten habe. In der Nacht fing es an regnen. Hose verkehrt angezogen, raus gelaufen, Zelt windfest gemacht, wieder rein, schlafen. Wenn man ersch\u00f6pft ist, mache ich das Zelt nur so weit fest, damit es steht. Das Problem ist dann, wenn es windiger wird. Der Regen war &hellip; <a href=\"https:\/\/sikoraproject.eu\/lukasz\/germany\/index.php\/erlebnisse\/tag-6-berlin-berlin-ich-fahre-nach-berlin\/\" class=\"more-link\"><span class=\"screen-reader-text\">\u201eTag 6, Berlin, Berlin, ich fahre nach Berlin\u201c<\/span> weiterlesen<\/a><\/p>\n","protected":false},"author":1,"featured_media":0,"parent":6,"menu_order":0,"comment_status":"closed","ping_status":"closed","template":"","meta":{"ngg_post_thumbnail":0,"footnotes":""},"class_list":["post-18","page","type-page","status-publish","hentry"],"_links":{"self":[{"href":"https:\/\/sikoraproject.eu\/lukasz\/germany\/index.php\/wp-json\/wp\/v2\/pages\/18"}],"collection":[{"href":"https:\/\/sikoraproject.eu\/lukasz\/germany\/index.php\/wp-json\/wp\/v2\/pages"}],"about":[{"href":"https:\/\/sikoraproject.eu\/lukasz\/germany\/index.php\/wp-json\/wp\/v2\/types\/page"}],"author":[{"embeddable":true,"href":"https:\/\/sikoraproject.eu\/lukasz\/germany\/index.php\/wp-json\/wp\/v2\/users\/1"}],"replies":[{"embeddable":true,"href":"https:\/\/sikoraproject.eu\/lukasz\/germany\/index.php\/wp-json\/wp\/v2\/comments?post=18"}],"version-history":[{"count":2,"href":"https:\/\/sikoraproject.eu\/lukasz\/germany\/index.php\/wp-json\/wp\/v2\/pages\/18\/revisions"}],"predecessor-version":[{"id":45,"href":"https:\/\/sikoraproject.eu\/lukasz\/germany\/index.php\/wp-json\/wp\/v2\/pages\/18\/revisions\/45"}],"up":[{"embeddable":true,"href":"https:\/\/sikoraproject.eu\/lukasz\/germany\/index.php\/wp-json\/wp\/v2\/pages\/6"}],"wp:attachment":[{"href":"https:\/\/sikoraproject.eu\/lukasz\/germany\/index.php\/wp-json\/wp\/v2\/media?parent=18"}],"curies":[{"name":"wp","href":"https:\/\/api.w.org\/{rel}","templated":true}]}}