{"id":76,"date":"2015-06-27T20:31:00","date_gmt":"2015-06-27T18:31:00","guid":{"rendered":"http:\/\/sikoraproject.eu\/lukasz\/corfu\/?page_id=76"},"modified":"2015-10-06T21:01:18","modified_gmt":"2015-10-06T19:01:18","slug":"tag-6","status":"publish","type":"page","link":"https:\/\/sikoraproject.eu\/lukasz\/corfu\/?page_id=76","title":{"rendered":"Tag 6"},"content":{"rendered":"<p>An diesem Tag bin ich in Dafnata geblieben, damit mein kleiner Zeh heilen konnte. Zeit hatte ich ja eh.<br \/>\nGeschlafen habe ich nicht gut, konnte nicht einschlafen und wachte immer wieder auf.<br \/>\nAm Morgen machte ich eine Mini-OP an meinen Blasen, ich m\u00f6chte hier aber nicht weiter ins Detail gehen \ud83d\ude42<br \/>\nAber eine Info noch, die Riesenblase an meinem Zeh ist am Strand aufgegangen. Das St\u00fcck Haut rieb dann die ganze Zeit im Sand bis es anfing zu bluten. Das fiel mir aber an diesen Morgen auf. Deshalb auch die Schmerzen, war halt eine kleine Wunde, nichts schlimmes, nur es tat beim Auftreten die ganze Zeit weh und mein Zeh pochte.<\/p>\n<p><a href=\"https:\/\/www.flickr.com\/photos\/126809085@N05\/18927849438\/in\/album-72157654591797849\/\"><img loading=\"lazy\" decoding=\"async\" src=\"https:\/\/farm1.staticflickr.com\/485\/18927849438_e9195ba87f_z.jpg\" alt=\"P1020501\" width=\"640\" height=\"480\" \/><\/a><\/p>\n<p><a href=\"https:\/\/www.flickr.com\/photos\/126809085@N05\/18492964064\/in\/album-72157654591797849\/\"><img loading=\"lazy\" decoding=\"async\" src=\"https:\/\/farm4.staticflickr.com\/3685\/18492964064_b7366f5ac4_z.jpg\" alt=\"P1020504\" width=\"640\" height=\"480\" \/><\/a><\/p>\n<p>Ich sa\u00df den ganzen Tag an der Taverne und unterhielt mich mit Kostas, dann noch einige Stunden mit einem Bekannten aus England, den ich am Abend zu vor dort kennen gelernt habe. Er ist auch ein Freund von Kostas. Ich a\u00df was, redete sp\u00e4ter mit ein paar Touristen sogar deutsch.<br \/>\nMit dem Bekannten unterhielt ich mich ja auf englisch und qu\u00e4lte mich dadurch. Als dann die beiden deutschen da waren, sprach er pl\u00f6tzlich deutsch mit denen. Ich schaute ihn geschockt an und alle lachten (\u00fcber mich). Ok, ich lachte dabei mit, aber warum lie\u00df er mich so qu\u00e4len. Wie dem aus sei, dennoch redete ich hinter her weiter auf englisch mit ihm, ich muss die Sprache ja eh irgendwann mal lernen. Bl\u00f6d nur wenn man kein Fremdsprachtalent ist.<\/p>\n<p>Ich genoss noch einfach das Wetter, machte eine siesta, passte dann kurz auf die Taverne auf, wo Kostas weg musste, a\u00df noch etwas und sa\u00df einfach nur grinsend da und war gl\u00fccklich \ud83d\ude00<\/p>\n<p>Gut zu erkennen ist die Taverne an der POLSKA-Aufschrift und an der engl. Telefonzelle (Tel. 26610\/57345, mail: <a href=\"mailto:kosraris@yahoo.gr\">kosraris@yahoo.gr<\/a>)<\/p>\n<p>Kostas bietet 5 Zimmer an, man kann bei ihm auch kostenlos zelten. Falls jemand im Zimmer \u00fcbernachten m\u00f6chte, wird auch Essen angeboten. Wenn jemand R\u00e4ume in anderen D\u00f6rfern suchen sollte, er\u00a0kennt sich auf der Insel sehr gut aus und hilft einem auch dabei. Zudem bietet er sich an das Gep\u00e4ck weiter zu transportieren.<br \/>\nEinfach mal anrufen oder mail schreiben.<\/p>\n<p><a href=\"https:\/\/www.flickr.com\/photos\/126809085@N05\/18929362489\/in\/album-72157654591797849\/\"><img loading=\"lazy\" decoding=\"async\" src=\"https:\/\/farm4.staticflickr.com\/3671\/18929362489_4ebc831d14_z.jpg\" alt=\"P1020507\" width=\"640\" height=\"480\" \/><\/a><\/p>\n<p><a href=\"https:\/\/www.flickr.com\/photos\/126809085@N05\/18927806670\/in\/album-72157654591797849\/\"><img loading=\"lazy\" decoding=\"async\" src=\"https:\/\/farm1.staticflickr.com\/285\/18927806670_0d1612bfb9_z.jpg\" alt=\"P1020509\" width=\"640\" height=\"480\" \/><\/a><\/p>\n<p>Kostas hat \u00fcbrigens ein Gegengift gegen die Schlange. Die bei\u00dft aber nur, wenn man sie erschreckt und auch nur in Kn\u00f6chelh\u00f6he, also hohe und feste Schuhe anziehen, mit einem Wanderstock herum laufen und immer fest auftreten. Das Gift ist gef\u00e4hrlich, kann bei einigen Personen zum Tod f\u00fchren (vor allem bei Kleinkindern). Weitere Infos hier: <a href=\"http:\/\/www.goruma.de\/Wissen\/Giftschlangen\/S\/Sandviper.html\" target=\"_blank\">http:\/\/www.goruma.de\/Wissen\/Giftschlangen\/S\/Sandviper.html<\/a><\/p>\n<p><strong>Erkenntnis des Tages:<\/strong> im wei\u00dfer Kleidung Maulbeeren vom Baum pfl\u00fccken und Tomaten, die beim rein bei\u00dfen spritzen, zu essen, ist nicht so schlau<\/p>\n<p>&#8211;&gt; <strong><em><a href=\"http:\/\/sikoraproject.eu\/lukasz\/corfu\/?page_id=89\">Weiter zu Tag 7<\/a><\/em><\/strong><\/p>\n","protected":false},"excerpt":{"rendered":"<p>An diesem Tag bin ich in Dafnata geblieben, damit mein kleiner Zeh heilen konnte. Zeit hatte&hellip;<\/p>\n","protected":false},"author":1,"featured_media":0,"parent":6,"menu_order":5,"comment_status":"closed","ping_status":"open","template":"","meta":{"footnotes":""},"class_list":["post-76","page","type-page","status-publish","hentry"],"_links":{"self":[{"href":"https:\/\/sikoraproject.eu\/lukasz\/corfu\/index.php?rest_route=\/wp\/v2\/pages\/76"}],"collection":[{"href":"https:\/\/sikoraproject.eu\/lukasz\/corfu\/index.php?rest_route=\/wp\/v2\/pages"}],"about":[{"href":"https:\/\/sikoraproject.eu\/lukasz\/corfu\/index.php?rest_route=\/wp\/v2\/types\/page"}],"author":[{"embeddable":true,"href":"https:\/\/sikoraproject.eu\/lukasz\/corfu\/index.php?rest_route=\/wp\/v2\/users\/1"}],"replies":[{"embeddable":true,"href":"https:\/\/sikoraproject.eu\/lukasz\/corfu\/index.php?rest_route=%2Fwp%2Fv2%2Fcomments&post=76"}],"version-history":[{"count":10,"href":"https:\/\/sikoraproject.eu\/lukasz\/corfu\/index.php?rest_route=\/wp\/v2\/pages\/76\/revisions"}],"predecessor-version":[{"id":287,"href":"https:\/\/sikoraproject.eu\/lukasz\/corfu\/index.php?rest_route=\/wp\/v2\/pages\/76\/revisions\/287"}],"up":[{"embeddable":true,"href":"https:\/\/sikoraproject.eu\/lukasz\/corfu\/index.php?rest_route=\/wp\/v2\/pages\/6"}],"wp:attachment":[{"href":"https:\/\/sikoraproject.eu\/lukasz\/corfu\/index.php?rest_route=%2Fwp%2Fv2%2Fmedia&parent=76"}],"curies":[{"name":"wp","href":"https:\/\/api.w.org\/{rel}","templated":true}]}}