{"id":52,"date":"2015-06-27T17:40:23","date_gmt":"2015-06-27T15:40:23","guid":{"rendered":"http:\/\/sikoraproject.eu\/lukasz\/corfu\/?page_id=52"},"modified":"2015-07-19T20:39:46","modified_gmt":"2015-07-19T18:39:46","slug":"tag-3","status":"publish","type":"page","link":"https:\/\/sikoraproject.eu\/lukasz\/corfu\/?page_id=52","title":{"rendered":"Tag 3"},"content":{"rendered":"<p>Heute soll es Richtung <strong>Agios Georgios<\/strong> gehen, bis dahin w\u00e4ren es ca. 16 km.<\/p>\n<p>Schlecht geschlafen, 1 M\u00fccke hat mich wach gehalten \ud83d\ude00<\/p>\n<p>Ich fr\u00fchst\u00fcckte die 3. ekelhafte T\u00fctensuppe. Mein R\u00fccken tat wegen dem Hexenschuss leider weh. Die Beule auf der Schulter war leider noch da.<br \/>\nIch ging im Dorf noch ins Gesch\u00e4ft und holte Wasser. Herrlich die engen Gassen und die immer wieder die gr\u00fc\u00dfenden Menschen.<br \/>\nIch ging aus dem Minimarkt und siehe da: Da war wieder der Schmalbart-Grieche mit dem pinken engen T-Shirt. Er war laut. Eine Art Gem\u00fcsehandel war dort, aus ganzen 3 Fahrzeugen. Der eine Typ fiel nat\u00fcrlich direkt auf, ich fand ihn lustig \ud83d\ude00<\/p>\n<p>Los ging es. Die Strecke war die sch\u00f6nere der beiden ersten. Viele Pflanzen und B\u00e4ume, viele Tiere, sch\u00f6n.<\/p>\n<p>Die Olivenw\u00e4lder sind irgendwie sch\u00f6n, aber auch wieder unheimlich. Die k\u00f6nnten gut in jedem Horrorfilm mit dabei sein<\/p>\n<p><a href=\"https:\/\/www.flickr.com\/photos\/126809085@N05\/18926920790\/in\/album-72157654591797849\/\"><img loading=\"lazy\" decoding=\"async\" src=\"https:\/\/farm1.staticflickr.com\/381\/18926920790_517072d983_z.jpg\" alt=\"P1020327\" width=\"640\" height=\"480\" \/><\/a><\/p>\n<p>Ganz alte Olivenb\u00e4ume sogar mit einer CT-Markierung<\/p>\n<p><a href=\"https:\/\/www.flickr.com\/photos\/126809085@N05\/19108817552\/in\/album-72157654591797849\/\"><img loading=\"lazy\" decoding=\"async\" src=\"https:\/\/farm4.staticflickr.com\/3689\/19108817552_4ae493b57e_z.jpg\" alt=\"P1020307\" width=\"640\" height=\"480\" \/><\/a><\/p>\n<p>Traum um Energie zu sparen, was Warmwasser angeht<\/p>\n<p><a href=\"https:\/\/www.flickr.com\/photos\/126809085@N05\/18928536539\/in\/album-72157654591797849\/\"><img loading=\"lazy\" decoding=\"async\" src=\"https:\/\/farm1.staticflickr.com\/531\/18928536539_2ea7cf477a_z.jpg\" alt=\"P1020335\" width=\"640\" height=\"480\" \/><\/a><\/p>\n<p>Der Weg war nicht spannend um dort irgendwas zu erz\u00e4hlen. Es ging fast nur durch Olivenw\u00e4lder hindurch. Hier mal einige Eindr\u00fccke:<\/p>\n<p>Mein erster lebender Kaktus in freier Wildbahn. Auf diese sollte ich w\u00e4hrend der gesamten Tour immer wieder sto\u00dfen.<\/p>\n<p><a href=\"https:\/\/www.flickr.com\/photos\/126809085@N05\/18492176244\/in\/album-72157654591797849\/\"><img loading=\"lazy\" decoding=\"async\" src=\"https:\/\/farm1.staticflickr.com\/452\/18492176244_5b49b39b53_z.jpg\" alt=\"P1020339\" width=\"640\" height=\"480\" \/><\/a><\/p>\n<p>Corfu ist sehr gr\u00fcn, ich glaube kaum eine andere Region in Griechenland ist so gr\u00fcn wie Corfu.<\/p>\n<p><a href=\"https:\/\/www.flickr.com\/photos\/126809085@N05\/18927059738\/in\/album-72157654591797849\/\"><img loading=\"lazy\" decoding=\"async\" src=\"https:\/\/farm4.staticflickr.com\/3879\/18927059738_f2b18d18ef_z.jpg\" alt=\"P1020336\" width=\"640\" height=\"480\" \/><\/a><\/p>\n<p>Immer wieder zu sehen, davon stehen n\u00e4mlich sehr viele, die Thuja-\u00e4hnlichen Zypressen. Die sind gewaltig hoch, vermutlich bis zu 20 m<\/p>\n<p><a href=\"https:\/\/www.flickr.com\/photos\/126809085@N05\/18927062980\/in\/album-72157654591797849\/\"><img loading=\"lazy\" decoding=\"async\" src=\"https:\/\/farm1.staticflickr.com\/280\/18927062980_cc6156a598_z.jpg\" alt=\"P1020351\" width=\"640\" height=\"480\" \/><\/a><\/p>\n<p>Die einzige lebende &#8222;Schlage&#8220; die ich vor die Kamera gekriegt habe. Ich sch\u00e4tze sie auf 1 m L\u00e4nge. Nach einigen Informationen hinter her, fand ich heraus, dass es keine Schlange war, sondern eine Scheltopusik (Eidechse mit Schlangenoptik, die werden bis zu 1,2 m lang)<\/p>\n<p><a href=\"https:\/\/www.flickr.com\/photos\/126809085@N05\/19109083952\/in\/album-72157654591797849\/\"><img loading=\"lazy\" decoding=\"async\" src=\"https:\/\/farm4.staticflickr.com\/3753\/19109083952_c18c448879_z.jpg\" alt=\"P1020352\" width=\"640\" height=\"480\" \/><\/a><\/p>\n<p>Weintrauben findet man sehr oft vor Ort, auch an den Tavernen<\/p>\n<p><a href=\"https:\/\/www.flickr.com\/photos\/126809085@N05\/19088589236\/in\/album-72157654591797849\/\"><img loading=\"lazy\" decoding=\"async\" src=\"https:\/\/farm1.staticflickr.com\/527\/19088589236_9b1278c10c_z.jpg\" alt=\"P1020350\" width=\"640\" height=\"480\" \/><\/a><\/p>\n<p>Kurz vor dem Ziel hatte ich dann diesen Anblick<\/p>\n<p><a href=\"https:\/\/www.flickr.com\/photos\/126809085@N05\/19118144861\/in\/album-72157654591797849\/\"><img loading=\"lazy\" decoding=\"async\" src=\"https:\/\/farm1.staticflickr.com\/364\/19118144861_892a4da9b5_z.jpg\" alt=\"P1020355\" width=\"640\" height=\"480\" \/><\/a><\/p>\n<p><a href=\"https:\/\/www.flickr.com\/photos\/126809085@N05\/19088606046\/in\/album-72157654591797849\/\"><img loading=\"lazy\" decoding=\"async\" src=\"https:\/\/farm4.staticflickr.com\/3942\/19088606046_3325fc8b84_z.jpg\" alt=\"P1020354\" width=\"640\" height=\"480\" \/><\/a><\/p>\n<p>Auf dem Weg nach unten sah ich dann noch eine Smaragdeidechse (gr\u00fcne Eidechsen), diese habe auch immer wieder gesehen, leider nicht fotografiert bekommen. Die die ich gesehen habe, war ca. 30 cm lang. Allerdings werden diese auch schon mal l\u00e4nger.<\/p>\n<p>Am Strand angekommen, dachte ich mir, warum Hostel suchen? Ich blieb also ca. 3 km vor meinem Ziel <strong>Agios Georgios<\/strong> am Strand. Es war kurz vor <strong>Agios Barbara<\/strong>, eine ganz kleine Touristenortschaft mit einem Minimarkt, dort holte ich Wasser und Abendessen und richtete mich dann auf dem Strand ein. Ging noch bisschen ins Wasser, sonnte mich und genoss den Moment.<\/p>\n<p><a href=\"https:\/\/www.flickr.com\/photos\/126809085@N05\/19109122182\/in\/album-72157654591797849\/\"><img loading=\"lazy\" decoding=\"async\" src=\"https:\/\/farm1.staticflickr.com\/447\/19109122182_8b888afc92_z.jpg\" alt=\"P1020363\" width=\"640\" height=\"480\" \/><\/a><\/p>\n<p><a href=\"https:\/\/www.flickr.com\/photos\/126809085@N05\/18927111830\/in\/album-72157654591797849\/\"><img loading=\"lazy\" decoding=\"async\" src=\"https:\/\/farm1.staticflickr.com\/330\/18927111830_e4cf7d3b46_z.jpg\" alt=\"P1020366\" width=\"640\" height=\"480\" \/><\/a><\/p>\n<p>Mein Essen war so was von lecker (bis auf die W\u00fcrstchen, die f\u00fcllen aber den Magen). Spazierg\u00e4nger l\u00e4chelten mich immer wieder an \ud83d\ude00<\/p>\n<p><a href=\"https:\/\/www.flickr.com\/photos\/126809085@N05\/18927129150\/in\/album-72157654591797849\/\"><img loading=\"lazy\" decoding=\"async\" src=\"https:\/\/farm1.staticflickr.com\/392\/18927129150_8c77600f94_z.jpg\" alt=\"P1020369\" width=\"640\" height=\"480\" \/><\/a><\/p>\n<p>So ein Essen g\u00f6nnte ich mir aber nicht nur einmal \ud83d\ude42<\/p>\n<p>Wenn man so alleine am Strand sitzt holt einen schnell die Einsamkeit ein, also sucht man sich Besch\u00e4ftigungen wie anhand der Sonne und St\u00f6ckchen die Himmelsrichtungen zu bestimmten<\/p>\n<p><a href=\"https:\/\/www.flickr.com\/photos\/126809085@N05\/19109151102\/in\/album-72157654591797849\/\"><img loading=\"lazy\" decoding=\"async\" src=\"https:\/\/farm1.staticflickr.com\/537\/19109151102_ddffa730a2_z.jpg\" alt=\"P1020370\" width=\"640\" height=\"480\" \/><\/a><\/p>\n<p>Oder einfach mit meinem dem Fotoapparat Fotos machen und dann den Sonnenuntergang genie\u00dfen, w\u00e4hren die Wellen eine nahezu beruhigende Wirkung auf einen hatten.<\/p>\n<p><a href=\"https:\/\/www.flickr.com\/photos\/126809085@N05\/18928720079\/in\/album-72157654591797849\/\"><img loading=\"lazy\" decoding=\"async\" src=\"https:\/\/farm1.staticflickr.com\/496\/18928720079_2bf8bd0e90_z.jpg\" alt=\"P1020373\" width=\"640\" height=\"480\" \/><\/a><\/p>\n<p><a href=\"https:\/\/www.flickr.com\/photos\/126809085@N05\/18927241628\/in\/album-72157654591797849\/\"><img loading=\"lazy\" decoding=\"async\" src=\"https:\/\/farm4.staticflickr.com\/3931\/18927241628_6d88faf4ae_z.jpg\" alt=\"P1020375\" width=\"640\" height=\"480\" \/><\/a><\/p>\n<p><a href=\"https:\/\/www.flickr.com\/photos\/126809085@N05\/19118241011\/in\/album-72157654591797849\/\"><img loading=\"lazy\" decoding=\"async\" src=\"https:\/\/farm1.staticflickr.com\/305\/19118241011_31c14d765c_z.jpg\" alt=\"P1020382\" width=\"640\" height=\"480\" \/><\/a><\/p>\n<p><a href=\"https:\/\/www.flickr.com\/photos\/126809085@N05\/19088713466\/in\/album-72157654591797849\/\"><img loading=\"lazy\" decoding=\"async\" src=\"https:\/\/farm1.staticflickr.com\/349\/19088713466_c1b519aae2_z.jpg\" alt=\"P1020383\" width=\"640\" height=\"480\" \/><\/a><\/p>\n<p><a href=\"https:\/\/www.flickr.com\/photos\/126809085@N05\/18928754869\/in\/album-72157654591797849\/\"><img loading=\"lazy\" decoding=\"async\" src=\"https:\/\/farm1.staticflickr.com\/463\/18928754869_5f15bf3ec9_z.jpg\" alt=\"P1020384\" width=\"640\" height=\"480\" \/><\/a><\/p>\n<p>Meine Kamera hat leider bisschen Dreck im Inneren, so mit sieht man manchmal einige Flecken.<\/p>\n<p>Der Abend war einfach Erholung pur, f\u00fcr meine Verh\u00e4ltnisse sehr viel gesehen und erlebt in den letzten 3 Tagen, viel Aufregung, viel neues, dann noch mit so einem Essen am Strand, herrlich.<\/p>\n<p>Dann machte ich das Zelt zu und versuche zu schlafen&#8230;<\/p>\n<p><strong>Erkenntnis des Tages:<\/strong> Kann mit und ohne M\u00fccken nicht schlafen<\/p>\n<p>&#8211;&gt; <strong><em><a href=\"http:\/\/sikoraproject.eu\/lukasz\/corfu\/?page_id=64\">Weiter zu Tag 4<\/a><\/em><\/strong><\/p>\n","protected":false},"excerpt":{"rendered":"<p>Heute soll es Richtung Agios Georgios gehen, bis dahin w\u00e4ren es ca. 16 km. Schlecht geschlafen,&hellip;<\/p>\n","protected":false},"author":1,"featured_media":0,"parent":6,"menu_order":2,"comment_status":"closed","ping_status":"open","template":"","meta":{"footnotes":""},"class_list":["post-52","page","type-page","status-publish","hentry"],"_links":{"self":[{"href":"https:\/\/sikoraproject.eu\/lukasz\/corfu\/index.php?rest_route=\/wp\/v2\/pages\/52"}],"collection":[{"href":"https:\/\/sikoraproject.eu\/lukasz\/corfu\/index.php?rest_route=\/wp\/v2\/pages"}],"about":[{"href":"https:\/\/sikoraproject.eu\/lukasz\/corfu\/index.php?rest_route=\/wp\/v2\/types\/page"}],"author":[{"embeddable":true,"href":"https:\/\/sikoraproject.eu\/lukasz\/corfu\/index.php?rest_route=\/wp\/v2\/users\/1"}],"replies":[{"embeddable":true,"href":"https:\/\/sikoraproject.eu\/lukasz\/corfu\/index.php?rest_route=%2Fwp%2Fv2%2Fcomments&post=52"}],"version-history":[{"count":11,"href":"https:\/\/sikoraproject.eu\/lukasz\/corfu\/index.php?rest_route=\/wp\/v2\/pages\/52\/revisions"}],"predecessor-version":[{"id":213,"href":"https:\/\/sikoraproject.eu\/lukasz\/corfu\/index.php?rest_route=\/wp\/v2\/pages\/52\/revisions\/213"}],"up":[{"embeddable":true,"href":"https:\/\/sikoraproject.eu\/lukasz\/corfu\/index.php?rest_route=\/wp\/v2\/pages\/6"}],"wp:attachment":[{"href":"https:\/\/sikoraproject.eu\/lukasz\/corfu\/index.php?rest_route=%2Fwp%2Fv2%2Fmedia&parent=52"}],"curies":[{"name":"wp","href":"https:\/\/api.w.org\/{rel}","templated":true}]}}