{"id":2,"date":"2015-06-27T11:10:12","date_gmt":"2015-06-27T09:10:12","guid":{"rendered":"http:\/\/sikoraproject.eu\/lukasz\/corfu\/?page_id=2"},"modified":"2016-12-06T14:56:18","modified_gmt":"2016-12-06T13:56:18","slug":"beispiel-seite","status":"publish","type":"page","link":"https:\/\/sikoraproject.eu\/lukasz\/corfu\/","title":{"rendered":"Startseite"},"content":{"rendered":"<p>Wer keine Lust hat das ganze hier zu lesen, kann sich das Video hier anschauen, viel Spa\u00df!<\/p>\n<p><center><iframe loading=\"lazy\" width=\"560\" height=\"315\" src=\"https:\/\/www.youtube.com\/embed\/fAnuZN3cJgs\" frameborder=\"0\" allowfullscreen><\/iframe><\/center><br \/>\n<a href=\"http:\/\/www.dailymotion.com\/video\/x30943r_with-lukas-through-the-corfu-trail_travel\" target=\"_blank\">With Lukas through the Corfu-Trail<\/a> <i>von <a href=\"http:\/\/www.dailymotion.com\/lukasz_adrian\" target=\"_blank\">lukasz_adrian<\/a><\/i><\/p>\n<h3>Corfu-Trail:<\/h3>\n<p>Der Corfu-Trail, ca. 190 km meist westlich gelegene Wanderweg durch die Insel Korfu (engl. Corfu) in Nordwest-Griechenland. Der Weg f\u00fchrt zum Teil durch einsame Gegenden, Berge, D\u00f6rfer, Touristenorte und Olivenw\u00e4ldern. Es ist recht abwechslungsreich und auch ziemlich naturnah, manchmal.<br \/>\nDie Markierungen wurden recht sparsam gehalten. Man findet entweder ein kleines gelbes Schild mit der Aufschrift &#8222;CT&#8220; oder einfach nur einen gelben Punkt auf einem Baum oder Stein. Irgendwann mal hat aber den Dreh raus und wei\u00df, wo eine Markierung sein k\u00f6nnte. Ohne GPS ist es sehr schwierig den Weg zu folgen. Es gibt auch das Buch &#8222;Griechenland: Corfu-Trail&#8220; (<a href=\"http:\/\/www.conrad-stein-verlag.de\/p\/verlag\/show_book.html?isbn=978-3-86686-273-9&amp;edition=1&amp;t=1432008939023\" target=\"_blank\">link<\/a> zum Verlag und updates zum Buch), was den Weg recht gut beschreibt, allerdings ist das Buch nicht mehr aktuell und man braucht manchmal bisschen Gl\u00fcck um den Weg zu finden. Zudem gibt es einige Wege nicht mehr.<\/p>\n<p>Um vom Flughafen zum Startpunkt (Kavos) des Coruf-Trails zu gelangen, kann man mit dem Bus f\u00fcr 4,40 EUR sich fahren lassen. Die Bushaltestelle ist in der Stadt, ca. 20 Minuten Fu\u00dfweg vom Flughafen. Taxis sind dort sehr teuer. Per Anhalter kommt man ebenfalls dort hin, die Griechen sind ein sehr freundliche Volk und helfen gerne.<\/p>\n<p>Der GPS-Track unten, den ich benutzt habe, ist zum Teil fehlerhaft. Dadurch wird wohl eine Strecke von 180 km angezeigt, anstatt die von 190 km.<\/p>\n<p>[map style=&#8220;width: auto; height:400px; margin:20px 0px 20px 0px; border: 1px solid black;&#8220; maptype=&#8220;OSM&#8220; z=&#8220;0&#8243; gpx=&#8220;http:\/\/sikoraproject.eu\/lukasz\/corfu\/wp-content\/uploads\/Corfu-trail.gpx&#8220; mtoggle=&#8220;yes&#8220;]<\/p>\n<h3>\u00dcber Corfu:<\/h3>\n<p>Corfu ist die zweitgr\u00f6\u00dfte Ionische Insel, dennoch misst sie nur eine L\u00e4nge von ca. 61 km und die breiteste Stelle ist auch nur 9 km breit. Sie wird auch &#8222;die gr\u00fcne Insel&#8220; genannt, da, wie man es auch auf den Photos sehen kann, sie halt recht dicht bewachsen ist, gr\u00fcn halt \ud83d\ude42<br \/>\nSeit dem 16. Jahrhundert wurden dort auch Olivenb\u00e4ume gepflanzt. Diese B\u00e4ume werden nie beschnitten, einige von denen sind \u00fcber 500 Jahre alt.<\/p>\n<p>Tiere gibt es viele auf Corfu, u. a. Schildkr\u00f6ten, viele Echsenarten, Skorpione, Schlangen und verschiedene Insekten, die man alle in freier Wildbahn hin und wieder begegnet. Die gef\u00e4hrlichsten Tiere sind Schlangen (Sandviper) und Skorpione.<br \/>\nDas Gift Sandviper ist zwar gef\u00e4hrlich, aber nicht t\u00f6dlich. Au\u00dfer man hat eh k\u00f6rpl. Probleme oder man ist noch ein Kind. Trotzdem sollte man sich direkt behandeln lassen. Alle anderen Schlangen sind nicht gef\u00e4hrlich, meine ich.<br \/>\nSkorpione sind ganz selten dort zu treffen, der Stich schmerzt zwar, mehr aber nicht.<\/p>\n<p>Es gibt vor Ort einen Flughafen, so dass man auch direkt aus Deutschland dort hin fliegen kann. Die Flugkosten variieren, je nach dem wann und wo man bucht, von wo man aus fliegt. Jemand bezahlte 180 EUR f\u00fcr Hin- und den R\u00fcckflug, ich bezahlte 305 EUR f\u00fcr beide Fl\u00fcge.<br \/>\nLebensmittel auf Corfu kosten \u00e4hnlich wie in Deutschland, in Touristengegenden nat\u00fcrlich teurer. (Stand 06\/2015)<\/p>\n<p>Die Temperaturen im Juni betragen bis zu 30 Grad, in der Nacht ca. 16 &#8211; 18 Grad. F\u00fcr die meisten ist es im Fr\u00fchling oder noch besser am Herbst zu wandern. Herbst, weil das Wasser vom Sommer noch sch\u00f6n warm ist und es nicht mehr so hei\u00df ist.<\/p>\n<h3>Ziel:<\/h3>\n<p>Mein Ziel war es, meine erste Wanderung \u00fcberhaupt zu machen, manchmal und am liebsten im Zelt zu schlafen und einfach mal was erleben. Nat\u00fcrlich wollte ich auch die gesamte Strecke schaffen. Meine weiteste Strecke zu Fu\u00df lag bei etwa 7 km an einem Tag. Also m\u00fcsste ich doch 190 km auch schaffen \ud83d\ude42<\/p>\n<h3>Ausr\u00fcstung:<\/h3>\n<p>Rucksack, Zelt, Matratze, Schlafsack, ein wenig Kleidung, Sonnencreme, Strohhut, Wanderschuhe, Taschenmesser, M\u00fclls\u00e4cke, Geld, Wasser, Zahnpasta, Zahnb\u00fcrste, kleine Snacks, Duschgel, L\u00f6ffel, Taschenlampe, GPS-Ger\u00e4t und Batterien. Mehr braucht man eigentlich nicht.<\/p>\n<p>Zus\u00e4tzlich nahm ich dennoch Pflaster, Schmerztabletten, Handy, Verband, Desinfektionsmittel und Feuchtigkeitst\u00fccher mit. Es gibt auch vor Ort immer wieder Apotheken oder immer wieder H\u00e4user. Man ist dort also nicht tagelang allein in der Natur.<br \/>\nMit allem drum und dran hatte ich ein Gewicht von ca. 18 kg auf dem R\u00fccken. Durch ein leichteres Zelt und eine leichtere ISO-Matte h\u00e4tte ich sicherlich noch 3 kg gespart, was wirklich viel ist, aber leider kostet ein gutes leichtes Zelt viel Geld.<\/p>\n<p>Es sind auf jeden Fall feste Schuhe zu empfehlen, die Wege sind oft recht steinig. Ich hatte die Schuhe &#8222;Salomon XA PRO 3D&#8220;, die etwa zwischen 105 &#8211; 125 EUR kosten (leider stinken einige total nach Chemie, auch noch Wochen sp\u00e4ter).<br \/>\nAllerdings sind diese Schuhe wasserdurchl\u00e4ssig. Ich wollte halt im trockenen laufen und wichtig war f\u00fcr mich, dass die atmungsaktiv sind.<br \/>\nEin Wanderstock ist auch zu empfehlen, manchmal l\u00e4uft man durch einen Busch und muss sich den Weg frei machen.<\/p>\n<h3>Kurze Zusatzinfo:<\/h3>\n<p>Wer Ironie, Sarkasmus und Spa\u00df nicht versteht, k\u00f6nnte mit meinen Erlebnissen\/Geschichten so seine Probleme haben. Es ist keine genaue Beschreibung des Corfu-Trails, mehr wie eine Art Wandertagebuch. Trotzdem habe ich versucht den Weg so gut wie m\u00f6glich zu beschreiben, aber mir fehlt wohl dazu ein wenig Talent \ud83d\ude42<br \/>\nIch hatte 18 Tage Zeit f\u00fcr die Strecke, auf der ich mich nicht beeilen sondern alles ganz ruhig angehen lassen wollte. Im Schnitt schafft man die auch in 10 &#8211; 12 Tagen.<\/p>\n<p>Wer alle Fotos sehen m\u00f6chte, kann das &#8211;&gt; <a href=\"https:\/\/www.flickr.com\/photos\/126809085@N05\/sets\/72157654591797849\" target=\"_blank\">HIER<\/a> &lt;&#8211; machen<\/p>\n<p>Andere Erlebnisse von mir auf <a href=\"http:\/\/sikoraproject.eu\" target=\"_blank\">www.sikoraproject.eu<\/a><\/p>\n","protected":false},"excerpt":{"rendered":"<p>Wer keine Lust hat das ganze hier zu lesen, kann sich das Video hier anschauen, viel&hellip;<\/p>\n","protected":false},"author":1,"featured_media":0,"parent":0,"menu_order":0,"comment_status":"closed","ping_status":"closed","template":"","meta":{"footnotes":""},"class_list":["post-2","page","type-page","status-publish","hentry"],"_links":{"self":[{"href":"https:\/\/sikoraproject.eu\/lukasz\/corfu\/index.php?rest_route=\/wp\/v2\/pages\/2"}],"collection":[{"href":"https:\/\/sikoraproject.eu\/lukasz\/corfu\/index.php?rest_route=\/wp\/v2\/pages"}],"about":[{"href":"https:\/\/sikoraproject.eu\/lukasz\/corfu\/index.php?rest_route=\/wp\/v2\/types\/page"}],"author":[{"embeddable":true,"href":"https:\/\/sikoraproject.eu\/lukasz\/corfu\/index.php?rest_route=\/wp\/v2\/users\/1"}],"replies":[{"embeddable":true,"href":"https:\/\/sikoraproject.eu\/lukasz\/corfu\/index.php?rest_route=%2Fwp%2Fv2%2Fcomments&post=2"}],"version-history":[{"count":23,"href":"https:\/\/sikoraproject.eu\/lukasz\/corfu\/index.php?rest_route=\/wp\/v2\/pages\/2\/revisions"}],"predecessor-version":[{"id":298,"href":"https:\/\/sikoraproject.eu\/lukasz\/corfu\/index.php?rest_route=\/wp\/v2\/pages\/2\/revisions\/298"}],"wp:attachment":[{"href":"https:\/\/sikoraproject.eu\/lukasz\/corfu\/index.php?rest_route=%2Fwp%2Fv2%2Fmedia&parent=2"}],"curies":[{"name":"wp","href":"https:\/\/api.w.org\/{rel}","templated":true}]}}