{"id":15,"date":"2015-06-27T11:45:39","date_gmt":"2015-06-27T09:45:39","guid":{"rendered":"http:\/\/sikoraproject.eu\/lukasz\/corfu\/?page_id=15"},"modified":"2015-07-23T16:26:18","modified_gmt":"2015-07-23T14:26:18","slug":"tag-2","status":"publish","type":"page","link":"https:\/\/sikoraproject.eu\/lukasz\/corfu\/?page_id=15","title":{"rendered":"Tag 2"},"content":{"rendered":"<p>Heute geht meine Reise los!!!<\/p>\n<p>Die Route ging knapp \u00fcber 15 km in die Stadt <strong>Lefkimmi<\/strong>. Dort wollte ich ein Hostel suchen, f\u00fcr 10 EUR \u00fcbernachten und hoffen im Hostel einige Leute kennen zu lernen.<\/p>\n<p>Geschlafen habe ich miserabel, gegen 4 oder 5 bin ich irgendwie eingeschlafen. Wir hatten so viele M\u00fccken im Zimmer, oh man. Es war zu hei\u00df um sich in den Schlafsack zu verkriechen und aufdecken konnte man sich auch nicht. Ich hasse diese Viecher!<\/p>\n<p>Was mir auch Anfangs auffiel, die Griechen sind wirklich sehr nett. Gr\u00fc\u00dfen oft, die \u00c4lteren sitzen im Schatten und genie\u00dfen einfach das Wetter. Das war meine erste Beobachtung als ich auf dem Balkon sa\u00df.<\/p>\n<p>Mein Fr\u00fchst\u00fcck: kalte Bohnen aus der Dose in roter s\u00fc\u00dflicher So\u00dfe. Es f\u00fcllt den Magen.<br \/>\nMein Gep\u00e4ck mit 2 Flaschen Wasser, 1 Dose Ananassaft, Zelt, Schlafsack etc. wog ca. 18 kg. Mein K\u00f6rper ist an so etwas \u00fcberhaupt nicht gewohnt. Mal schauen ob es klappt. Zudem hatte ich noch Restschmerzen von meinem Hexenschu\u00df, den ich am Dienstag bekommen habe (heute ist Sonntag).<\/p>\n<p>Mein erstes Hinweisschild fand ich auch direkt. Auf der ganzen Strecken sind solche oder \u00e4hnliche Markierungen zu finden. Das CT steht f\u00fcr Corfu-Trail.<\/p>\n<p><a href=\"https:\/\/www.flickr.com\/photos\/126809085@N05\/19108554852\/in\/album-72157654591797849\/\"><img loading=\"lazy\" decoding=\"async\" src=\"https:\/\/farm1.staticflickr.com\/300\/19108554852_97159cdd9d_z.jpg\" alt=\"P1020243\" width=\"640\" height=\"480\" \/><\/a><br \/>\nGleich neben dem Schild befand sich ein Haufen M\u00fcll. Diesen Anblick sieht man leider hin und wieder auf der Insel. Leider kann ich mich an so etwas nicht gew\u00f6hnen, mir dreht sich jedes Mal der Magen wenn ich so etwas sehe.<\/p>\n<p><a href=\"https:\/\/www.flickr.com\/photos\/126809085@N05\/19117601021\/in\/album-72157654591797849\/\"><img loading=\"lazy\" decoding=\"async\" src=\"https:\/\/farm1.staticflickr.com\/528\/19117601021_9a1b72fbd8_z.jpg\" alt=\"P1020244\" width=\"640\" height=\"480\" \/><\/a><\/p>\n<p>Der erste Weg f\u00fchrte durch Asphaltwege, Schotterwege und dann ab in den Wald. Es ging durch Trampelpfade und zum Teil durch B\u00e4ume 1,50 m Hohe Wege. Ich fand es total spannend, erinnerte mich an die meine Kindheit.<\/p>\n<p><a href=\"https:\/\/www.flickr.com\/photos\/126809085@N05\/19108601472\/in\/album-72157654591797849\/\"><img loading=\"lazy\" decoding=\"async\" src=\"https:\/\/farm4.staticflickr.com\/3759\/19108601472_152fd8ff1e_z.jpg\" alt=\"P1020254\" width=\"640\" height=\"480\" \/><\/a><\/p>\n<p><a href=\"https:\/\/www.flickr.com\/photos\/126809085@N05\/19108688362\/in\/album-72157654591797849\/\"><img loading=\"lazy\" decoding=\"async\" src=\"https:\/\/farm1.staticflickr.com\/404\/19108688362_237f58d840_z.jpg\" alt=\"P1020273\" width=\"640\" height=\"480\" \/><\/a><\/p>\n<p><a href=\"https:\/\/www.flickr.com\/photos\/126809085@N05\/18926808720\/in\/album-72157654591797849\/\"><img loading=\"lazy\" decoding=\"async\" src=\"https:\/\/farm4.staticflickr.com\/3809\/18926808720_ddcb167ac1_z.jpg\" alt=\"P1020310\" width=\"640\" height=\"480\" \/><\/a><\/p>\n<p>Auf der gesamten Strecke fielen mir immer wieder Erdrutsche auf. Sicherlich kamen einige durch Untersp\u00fclungen und einige durch Erdbeben zustande.<\/p>\n<p><a href=\"https:\/\/www.flickr.com\/photos\/126809085@N05\/19088133796\/in\/album-72157654591797849\/\"><img loading=\"lazy\" decoding=\"async\" src=\"https:\/\/farm1.staticflickr.com\/293\/19088133796_15c9abbe6f_z.jpg\" alt=\"P1020258\" width=\"640\" height=\"480\" \/><\/a><\/p>\n<p>Dann mal wieder ein Hinweis. Manchmal ein Punkt, dann ein Pfeil:<\/p>\n<p><a href=\"https:\/\/www.flickr.com\/photos\/126809085@N05\/18493634843\/in\/album-72157654591797849\/\"><img loading=\"lazy\" decoding=\"async\" src=\"https:\/\/farm1.staticflickr.com\/307\/18493634843_b7283339e3_z.jpg\" alt=\"P1020252\" width=\"640\" height=\"480\" \/><\/a><br \/>\nUnterwegs mal wieder so etwas, ich k\u00f6nnte echt kotzen, was die Menschen aus ihrer Landschaft machen ist echt traurig.<\/p>\n<p><a href=\"https:\/\/www.flickr.com\/photos\/126809085@N05\/18926660428\/in\/album-72157654591797849\/\"><img loading=\"lazy\" decoding=\"async\" src=\"https:\/\/farm1.staticflickr.com\/399\/18926660428_0b23b8e048_z.jpg\" alt=\"P1020253\" width=\"640\" height=\"480\" \/><\/a><\/p>\n<p>Ganz im S\u00fcden der Insel, wo ich mich jetzt befand, wenige Kilometer von <strong>Kavos<\/strong>, ist ein kaum besuchter Strand an dem ich mich eigentlich zu Ruhe legen und bisschen schwimmen gehen wollte. Zu bl\u00f6d dass es anfing zu Nieseln und die Temperatur leider nicht so hoch war.<\/p>\n<p><a href=\"https:\/\/www.flickr.com\/photos\/126809085@N05\/18928247099\/in\/album-72157654591797849\/\"><img loading=\"lazy\" decoding=\"async\" src=\"https:\/\/farm1.staticflickr.com\/329\/18928247099_634c4b0cfb_z.jpg\" alt=\"P1020278\" width=\"640\" height=\"480\" \/><\/a><\/p>\n<p>Meinen Rucksack versteckte ich unter einem Felsen und ich lief mit meinem Regenponcho herum.<\/p>\n<p><a href=\"https:\/\/www.flickr.com\/photos\/126809085@N05\/18926779018\/in\/album-72157654591797849\/\"><img loading=\"lazy\" decoding=\"async\" src=\"https:\/\/farm1.staticflickr.com\/492\/18926779018_32dfb37af0_z.jpg\" alt=\"P1020281\" width=\"640\" height=\"480\" \/><\/a><\/p>\n<p>Dann sah ich ein Skelett von einer riesigen Schildkr\u00f6te, meine G\u00fcte, sind die gro\u00df. Leider nat\u00fcrlich nur das Skelett. Ein Tag sp\u00e4ter traf ich ein P\u00e4rchen, die ebenfalls so eine Schildkr\u00f6te fanden. Sie erz\u00e4hlten mir, dass diese ein Netz am Hals hatte. Sie muss ich wohl in den Netzen verfangen haben. Meine Meinung zu so etwas m\u00f6chte ich hier nicht \u00e4u\u00dfern, da sicherlich hier auch minderj\u00e4hrigen lesen werden.<\/p>\n<p><a href=\"https:\/\/www.flickr.com\/photos\/126809085@N05\/18926773458\/in\/album-72157654591797849\/\"><img loading=\"lazy\" decoding=\"async\" src=\"https:\/\/farm4.staticflickr.com\/3943\/18926773458_38428e278d_z.jpg\" alt=\"P1020280\" width=\"640\" height=\"480\" \/><\/a><\/p>\n<p>Wer wei\u00df wann die hier angesp\u00fclt worden ist.<\/p>\n<p>Hinter dem Strand sollte ich eine Asphaltstra\u00dfe rauf, leider war die abgeschnitten und in ca. 2 m H\u00f6he (hinter her habe ich erfahren, dass das kein Problem ist dort rauf zu kommen). Also suchte und fand ich einen Trampelpfad, der ein wenig \u00dcbung beim Klettern erforderte, hinauf. Schon war ich oben und stolz auf mich.<\/p>\n<p>Ebenfalls auf der gesamten Strecke fand ich riesige Ameisen. Deren K\u00f6rper war sicherlich \u00fcber 1 cm lang. Sie hatten richtige Ameisenbahnen, die sich manchmal \u00fcber 15 m zogen. Nat\u00fcrlich achtete ich auf dem gesamten Trail darauf nicht drauf zu treten. Genau wie auf die sehr sehr vielen und zum Teil sehr gro\u00dfen Grash\u00fcpfer, blo\u00df nicht drauf treten. Leider kann ich so eine Ameisenbahn nicht so gut auf einem Foto festhalten.<\/p>\n<p><a href=\"https:\/\/www.flickr.com\/photos\/126809085@N05\/18491901704\/in\/album-72157654591797849\/\"><img loading=\"lazy\" decoding=\"async\" src=\"https:\/\/farm1.staticflickr.com\/283\/18491901704_09ee912dfa_z.jpg\" alt=\"P1020288\" width=\"480\" height=\"640\" \/><\/a><\/p>\n<p>Corfu&#8217;s Baumbestand besteht zum gr\u00f6\u00dften Teil aus Olivenb\u00e4umen, von denen einige sogar \u00fcber 500 Jahre alt sind. Im Vergleich zu anderen Regionen werden diese B\u00e4ume nicht beschnitten, so dass diese auch dementsprechend gro\u00df werden. Auf einigen B\u00e4umen findet man auch einen gelben Punkt der auf den Corfu-Trail deutet<\/p>\n<p><a href=\"https:\/\/www.flickr.com\/photos\/126809085@N05\/19117830951\/in\/album-72157654591797849\/\"><img loading=\"lazy\" decoding=\"async\" src=\"https:\/\/farm1.staticflickr.com\/492\/19117830951_141c932feb_z.jpg\" alt=\"P1020301\" width=\"640\" height=\"480\" \/><\/a><\/p>\n<p>Diese Netze an den B\u00e4umen, die sind f\u00fcr die Ernte wichtig.<\/p>\n<p><a href=\"https:\/\/www.flickr.com\/photos\/126809085@N05\/19108817552\/in\/album-72157654591797849\/\"><img loading=\"lazy\" decoding=\"async\" src=\"https:\/\/farm4.staticflickr.com\/3689\/19108817552_4ae493b57e_z.jpg\" alt=\"P1020307\" width=\"640\" height=\"480\" \/><\/a><\/p>\n<p>Es ging weiter rauf, auf bis auf \u00fcber 100 m auf einer verlassenen Schotterpiste, die immer wieder durch Erdrutsche \u00fcbersch\u00fcttet war. Kleine Trampelpfade aber verhalfen diese Stellen zu umgehen. Er Anblick von oben war nat\u00fcrlich wundersch\u00f6n, aber es w\u00fcrde in den n\u00e4chsten Tagen noch besser werden, das wusste ich ja bis dahin nicht.<\/p>\n<p><a href=\"https:\/\/www.flickr.com\/photos\/126809085@N05\/18926806978\/in\/album-72157654591797849\/\"><img loading=\"lazy\" decoding=\"async\" src=\"https:\/\/farm1.staticflickr.com\/290\/18926806978_5cfeaf4e89_z.jpg\" alt=\"P1020289\" width=\"640\" height=\"480\" \/><\/a><\/p>\n<p>Der Weg ging dann zum Teil durch Olivenw\u00e4lder hindurch, dann auf Schotterwegen an einigen Felder. Dort sah ich meine ersten Schlage und Eidechsen, nat\u00fcrlich aufregend f\u00fcr mich.<\/p>\n<p>Orangen gibt es also wirklich! Dann wachsen die auch noch auf B\u00e4umen, wow!<br \/>\n<a href=\"https:\/\/www.flickr.com\/photos\/126809085@N05\/19108835592\/in\/album-72157654591797849\/\"><img loading=\"lazy\" decoding=\"async\" src=\"https:\/\/farm1.staticflickr.com\/270\/19108835592_224d2517f4_z.jpg\" alt=\"P1020311\" width=\"640\" height=\"480\" \/><\/a><\/p>\n<p>Ich kaufte mir in <strong>Kavos<\/strong> vier von diesen ekelhaften chemischen S\u00fcppchen, eine a\u00df ich in <strong>Kavos<\/strong>, die andere unterwegs, leider trocken. Ich mischte nur die Nudeln mit den chemischen Gew\u00fcrzen und knabberte dran. Hatte ja sonst nichts und lieber das als nichts.<\/p>\n<p><a href=\"https:\/\/www.flickr.com\/photos\/126809085@N05\/19088356746\/in\/album-72157654591797849\/\"><img loading=\"lazy\" decoding=\"async\" src=\"https:\/\/farm1.staticflickr.com\/494\/19088356746_1db371bc0d_z.jpg\" alt=\"P1020312\" width=\"640\" height=\"480\" \/><\/a><\/p>\n<p>In <strong>Lefkimmi<\/strong> angekommen, dachte ich, ich frage nach Hostels nach. Naja, ein Herr bot mir f\u00fcr 25 EUR die Nacht ein Zimmer an. Es gibt nur einen kleinen zentralen Punkt in <strong>Lefkimmi<\/strong>, der ist an der Br\u00fccke \u00fcber einen Fluss, sonst ist hier kaum was. Zimmer wurden mir auch f\u00fcr 35 EUR angeboten. Aber keine Hostels hier, keine 10 EUR f\u00fcr eine Nacht.<\/p>\n<p>Ich nahm ersch\u00f6pft das 25 EUR &#8211; Zimmer. Sah alles ganz sch\u00f6n aus, konnte ich nicht klagen, Dusche, K\u00fcche und ein Bett, sogar M\u00fcckennetze!!!!<br \/>\nAbends ging ich in eine Taverne um mir einen griechischen Salat und einen Gyros-Teller zu bestellen und bestellte mir noch zwei Bier (das Bier Amstel und Mythos finde ich nicht so gut, ist aber Geschmackssache). Der Gyros-Teller besteht aus dem Gyros, Pommes die nicht so gleichm\u00e4\u00dfig geschnitten waren wie der hier in Deutschland. Dazu einen kleinen Salat, bestehend meist aus Tomate, Salatblatt und bisschen Gurke. Den Tzatziki gab es nat\u00fcrlich auch. Allerdings wird dieser nicht wie hier auf das Fleisch geklatscht, sondern auf den Tellerrand. Die Oliven, die auch auf dem Teller liegen, sind mit Stein. Der Gyros-Teller schmeckt aber ganz gut, besser als der hier in Deutschland.<\/p>\n<p>Ich merkte dass meine Schulter recht dick war und schmerzte zu dem noch. Es war ein richtiger Buckel zu f\u00fchlen. Ich m\u00fcsste wohl weniger Wasser mit nehmen um Gewicht zu sparen, allerdings bei 30 Grad sollte man damit nicht spa\u00dfen.<br \/>\nLeider sind Camping-Pl\u00e4tze in Griechenland selten, nicht wie in Ungarn. Die Preise haben mich auch gewundert, die sind genau so wie in Deutschland. Wenn das wirklich nur am EUR liegt, stellte ich schnell fest, dass ich doch lieber Geld wechseln w\u00fcrde. Schlie\u00dflich muss ich ja fast 3 Wochen hier verbringen und jeden Abend mal eben mind. 15 EUR f\u00fcr das Essen auszugeben, dazu noch zwischendurch noch was, das h\u00e4tte ein teurer Urlaub werden k\u00f6nnen. Musste also meine Ungarnstrategie \u00e4ndern, das hei\u00dft \u00f6fter mal selber einkaufen gehen und nicht jeden Abend essen gehen und versuchen immer einen Ort f\u00fcrs zelten zu finden.<br \/>\nTrotz allem sah man, dass die Griechen sich sehr gerne unterhielten, die \u00e4lteren sa\u00dfen gerne drau\u00dfen herum und genossen das Wetter (und die M\u00fccken). Tolle Lockerheit.<\/p>\n<p>Morgen soll es nach Agios Georgios gehen, ein am strandliegender Touristenort. Vorteil ist, ein g\u00fcnstiges Hostel k\u00f6nnte dort ich finden, da einige junge Leute gerne im Sommer an solchen Orten \u00fcbernachten und tags\u00fcber vor Ort Geld verdienen. Oder ich k\u00f6nnte einfach am Strand schlafen. Nachteil ist, dass es keine Stadt unterwegs gibt, also m\u00fcsste ich wieder Wasser und Essen schleppen, was meiner Schulter bestimmt ganz gut tun wird.<br \/>\nNach einigen \u00dcberlegungen beschloss ich die Route bisschen zu \u00e4ndern und ggf. einen Ort unterwegs aufsuchen, wo ich Wasser und Essen erhalte. Ich w\u00fcrde also nach Vitaldes gehen und von dort s\u00fcd-westl. wieder auf den CT (=Corfu Trail) wandern.<\/p>\n<p>Mein Hexenschuss war seit Donnerstag gleich geblieben, hat sich nicht gebessert, auch nicht verschlechtert. Ich musste leider bei allem aufpassen was ich machte. Letztes Jahr k\u00e4mpfte ich gegen das Wetter, das Jahr davor gegen mein Knie, jetzt gegen meinen Hexenschuss und Schulter. Mal schauen was passiert, wenn ich meine n\u00e4chste Tour machen werde \ud83d\ude42<\/p>\n<p>Nach dem Essen ging ich gl\u00fccklich ins Bett und schlief leider nicht ein. Eine M\u00fccke hat mich permanent wach gehalten. Meine Jagdversuche gingen alle schief, all meine jahrelange Jagderfahrung half mir nicht. Somit war die 2. Nacht f\u00fcr mich wohl gelaufen.<\/p>\n<p>Hier noch ein paar Fotos von einer kleineren Stadt auf Corfu:<\/p>\n<p><a href=\"https:\/\/www.flickr.com\/photos\/126809085@N05\/19114589665\/in\/album-72157654591797849\/\"><img loading=\"lazy\" decoding=\"async\" src=\"https:\/\/farm1.staticflickr.com\/391\/19114589665_5732fe3078_z.jpg\" alt=\"P1020322\" width=\"640\" height=\"480\" \/><\/a><\/p>\n<p><a href=\"https:\/\/www.flickr.com\/photos\/126809085@N05\/18926973338\/in\/album-72157654591797849\/\"><img loading=\"lazy\" decoding=\"async\" src=\"https:\/\/farm1.staticflickr.com\/457\/18926973338_60e2cff99d_z.jpg\" alt=\"P1020323\" width=\"640\" height=\"480\" \/><\/a><\/p>\n<p><a href=\"https:\/\/www.flickr.com\/photos\/126809085@N05\/18492086154\/in\/album-72157654591797849\/\"><img loading=\"lazy\" decoding=\"async\" src=\"https:\/\/farm4.staticflickr.com\/3947\/18492086154_f463e39e28_z.jpg\" alt=\"P1020325\" width=\"640\" height=\"480\" \/><\/a><\/p>\n<p><strong>Erkenntnis des Tages:<\/strong> Wandern hilft nicht gegen Hexenschuss<\/p>\n<p>&#8211;&gt; <a href=\"http:\/\/sikoraproject.eu\/lukasz\/corfu\/?page_id=52\"><strong><em>Weiter zu Tag 3<\/em><\/strong><\/a><\/p>\n","protected":false},"excerpt":{"rendered":"<p>Heute geht meine Reise los!!! Die Route ging knapp \u00fcber 15 km in die Stadt Lefkimmi.&hellip;<\/p>\n","protected":false},"author":1,"featured_media":0,"parent":6,"menu_order":1,"comment_status":"closed","ping_status":"closed","template":"","meta":{"footnotes":""},"class_list":["post-15","page","type-page","status-publish","hentry"],"_links":{"self":[{"href":"https:\/\/sikoraproject.eu\/lukasz\/corfu\/index.php?rest_route=\/wp\/v2\/pages\/15"}],"collection":[{"href":"https:\/\/sikoraproject.eu\/lukasz\/corfu\/index.php?rest_route=\/wp\/v2\/pages"}],"about":[{"href":"https:\/\/sikoraproject.eu\/lukasz\/corfu\/index.php?rest_route=\/wp\/v2\/types\/page"}],"author":[{"embeddable":true,"href":"https:\/\/sikoraproject.eu\/lukasz\/corfu\/index.php?rest_route=\/wp\/v2\/users\/1"}],"replies":[{"embeddable":true,"href":"https:\/\/sikoraproject.eu\/lukasz\/corfu\/index.php?rest_route=%2Fwp%2Fv2%2Fcomments&post=15"}],"version-history":[{"count":12,"href":"https:\/\/sikoraproject.eu\/lukasz\/corfu\/index.php?rest_route=\/wp\/v2\/pages\/15\/revisions"}],"predecessor-version":[{"id":257,"href":"https:\/\/sikoraproject.eu\/lukasz\/corfu\/index.php?rest_route=\/wp\/v2\/pages\/15\/revisions\/257"}],"up":[{"embeddable":true,"href":"https:\/\/sikoraproject.eu\/lukasz\/corfu\/index.php?rest_route=\/wp\/v2\/pages\/6"}],"wp:attachment":[{"href":"https:\/\/sikoraproject.eu\/lukasz\/corfu\/index.php?rest_route=%2Fwp%2Fv2%2Fmedia&parent=15"}],"curies":[{"name":"wp","href":"https:\/\/api.w.org\/{rel}","templated":true}]}}