{"id":137,"date":"2015-07-17T19:00:50","date_gmt":"2015-07-17T17:00:50","guid":{"rendered":"http:\/\/sikoraproject.eu\/lukasz\/corfu\/?page_id=137"},"modified":"2015-08-03T10:56:07","modified_gmt":"2015-08-03T08:56:07","slug":"tag-18","status":"publish","type":"page","link":"https:\/\/sikoraproject.eu\/lukasz\/corfu\/?page_id=137","title":{"rendered":"Tag 18"},"content":{"rendered":"<p>Mein letzter Tag! Es geht heute mit dem Bus Richtig Corfu-Town und Abends heim \ud83d\ude41<br \/>\nIst es nicht komisch, sich nicht zu freuen wieder nach Hause zur\u00fcck zu kehren?<\/p>\n<p>Nat\u00fcrlich konnte ich nicht schlafen, wie \u00f6fter halt. Nachts wachte ich auf, es war kalt und ich musste kurz ins Geb\u00fcsch was erledigen.<br \/>\nMorgens packte ich alles zusammen, wusch mich und ging langsam Richtung Minimarkt. Im Minimarkt erfuhr am vorherigen Tag ich, dass der Bus um 9 Uhr kommen sollte (dort hielt der auch n\u00e4mlich, es gibt dort keine wirklichen Haltestellenschilder, der Bus h\u00e4lt einfach an einem bestimmten Ort). Im Hotel zuvor hie\u00df es aber 10 Uhr. Naja, ich war um 08:20 Uhr da.<\/p>\n<p>Beim Warten traf ich noch die eine Polin, die mich zur Rezeption begleitete. Wir unterhielten uns. Leider reichte die Zeit nicht um sich l\u00e4nger zu unterhalten, da sie zur Arbeit musste und sich nicht versp\u00e4ten konnte.<\/p>\n<p>Um 10:05 Uhr kam der Bus. F\u00fcr 4,50 EUR wurde ich dann in die Stadt gefahren. Die Fahrt ging ca. 1:20 Std.<br \/>\nIch holte mir was zu essen. Die ganze Stadt, also vor allem die Altstadt war voll mit Menschen oder eher Touristen. Andauernd hupte jemand, Leute machten Fotos und und und. Das ganz war bisschen zu viel f\u00fcr mich. Dennoch ging ich eben noch durch Corfu-Altstadt um wenigstens ein paar Fotos zu machen. Wer mehr Fotos sehen m\u00f6chten, es gibt im Internet viele Bildersuchmaschinen \ud83d\ude1b<\/p>\n<p>Auf dem Foto unten ist eine Burg, die ich besuchen wollte, zu sehen. Als ich die Schlange vor dem Eingang sah und dass man noch Eintritt bezahlen sollte, ging ich direkt weiter<br \/>\n<a href=\"https:\/\/www.flickr.com\/photos\/126809085@N05\/19116751805\/in\/album-72157654591797849\/\"><img loading=\"lazy\" decoding=\"async\" src=\"https:\/\/farm1.staticflickr.com\/299\/19116751805_48615cbfca_z.jpg\" alt=\"P1020809\" width=\"640\" height=\"480\" \/><\/a><\/p>\n<p><a href=\"https:\/\/www.flickr.com\/photos\/126809085@N05\/18930606669\/in\/album-72157654591797849\/\"><img loading=\"lazy\" decoding=\"async\" src=\"https:\/\/farm1.staticflickr.com\/298\/18930606669_305be39d8a_z.jpg\" alt=\"P1020811\" width=\"640\" height=\"480\" \/><\/a><\/p>\n<p><a href=\"https:\/\/www.flickr.com\/photos\/126809085@N05\/19090587086\/in\/album-72157654591797849\/\"><img loading=\"lazy\" decoding=\"async\" src=\"https:\/\/farm4.staticflickr.com\/3877\/19090587086_19d6848701_z.jpg\" alt=\"P1020812\" width=\"640\" height=\"480\" \/><\/a><\/p>\n<p><a href=\"https:\/\/www.flickr.com\/photos\/126809085@N05\/18930618939\/in\/album-72157654591797849\/\"><img loading=\"lazy\" decoding=\"async\" src=\"https:\/\/farm4.staticflickr.com\/3789\/18930618939_4c9627b4a0_z.jpg\" alt=\"P1020813\" width=\"640\" height=\"480\" \/><\/a><\/p>\n<p><a href=\"https:\/\/www.flickr.com\/photos\/126809085@N05\/18929150178\/in\/album-72157654591797849\/\"><img loading=\"lazy\" decoding=\"async\" src=\"https:\/\/farm1.staticflickr.com\/279\/18929150178_bfc34ee726_z.jpg\" alt=\"P1020814\" width=\"640\" height=\"480\" \/><\/a><\/p>\n<p><a href=\"https:\/\/www.flickr.com\/photos\/126809085@N05\/18930631699\/in\/album-72157654591797849\/\"><img loading=\"lazy\" decoding=\"async\" src=\"https:\/\/farm1.staticflickr.com\/550\/18930631699_41a3e2f775_z.jpg\" alt=\"P1020815\" width=\"640\" height=\"480\" \/><\/a><\/p>\n<p><a href=\"https:\/\/www.flickr.com\/photos\/126809085@N05\/18494261234\/in\/album-72157654591797849\/\"><img loading=\"lazy\" decoding=\"async\" src=\"https:\/\/farm1.staticflickr.com\/486\/18494261234_191c54f5c5_z.jpg\" alt=\"P1020816\" width=\"640\" height=\"480\" \/><\/a><\/p>\n<p><a href=\"https:\/\/www.flickr.com\/photos\/126809085@N05\/19111101952\/in\/album-72157654591797849\/\"><img loading=\"lazy\" decoding=\"async\" src=\"https:\/\/farm4.staticflickr.com\/3738\/19111101952_b119e9751c_z.jpg\" alt=\"P1020818\" width=\"640\" height=\"480\" \/><\/a><\/p>\n<p>Was soll ich zu der Altstadt sagen, ist halt alt. Leute fahren hier sogar 3 dritt auf dem Roller, alles nat\u00fcrlich ohne Helm, in den D\u00f6rfern auf der Insel sind auch nicht alles Autos angemeldet (nur so nebenbei).<br \/>\nCorfu-Town ist aber auch nicht \u00fcberall so sch\u00f6n, wie die volle Altstadt. Der Weg Richtung Altstadt sah wie eine ganz gew\u00f6hnliche Stadt aus, naja eher h\u00e4sslich. Viel Verkehr, nichts ansehnliches. Die Altstadt und der Hafen scheinen die einzigen Orte zu sein, die man sich anschauen sollte. Wer aber sehen will, wie die Menschen dort leben, der muss diese Bereiche halt verlassen.<\/p>\n<p>In Deutschland sind es inzwischen sommerliche 14 Grad, in einigen Stunden werde ich dort sein. Der Gedanke war so extrem, dass ich kaum klar denken konnte. Ich wollte nicht!!!<\/p>\n<p>Ich sa\u00df ca. 2 Stunden auf einer Bank und hielt siesta. Dann ging ich das letzte Mal hier was essen und machte mich langsam auf dem Weg Richtung Flughafen \ud83d\ude41<\/p>\n<p>Dort angekommen, lief ich wie immer verwirrt herum, bis mir eine Frau, die dort arbeitete, auf die Spr\u00fcnge half. Aber zuvor habe ich meine Sachen umger\u00e4umt aus dem Rucksack, die Metallstange raus genommen und dann war ich fertig. Den Rucksack abgegeben und ab zum Zollbeamten, der mich mehrmals anschaute (auf dem Foto habe ich kurze Haare, inzwischen bisschen l\u00e4ngere und einen Bart). Er sagte was und entschuldigte sich auch direkt, war wohl ein Witz oder so, den ich nat\u00fcrlich nicht verstand \ud83d\ude00<br \/>\nIn der Wartehalle sah es aus, als w\u00e4re ich im Osten in den 90ern, wo die Leute in einem Amt auf was warteten. Grauenvoll. Auf der Toilette machte ich erstmal den Seifenspender kaputt und versaute alles drum herum. Als ich fl\u00fcchten wollte, stand die Putzfrau hinter mir. Zum Gl\u00fcck putze sie das weg, ich h\u00e4tte es ja auch gemacht, wo sie schon bei mir stand, aber mein griech. ist nicht so gut. Ich verzog mich lieber und fasste nichts mehr an, sa\u00df dann nur noch und wartete auf die ersten Informationen zum Flug.<\/p>\n<p>Dann ab in den Flieger. Der Flug zog sich unheimlich. Ich sa\u00df zwischen 2 \u00e4lteren Herren, die von breiter Statur waren. Die Frau vor mir, mochte es sehr bequem, so dass sie ihren Sitz so weit es ging nach hinten lehnte. Es zog sich alles wie Kaugummi, ich sa\u00df da wie in Trance. Schlafen konnte ich nicht.<\/p>\n<p>W\u00e4hrend der Mann am Fenster schlief, machte ich schnell an seiner Nase 2 Fotos. Das musste wohl die Gegend um Kroatien sein:<\/p>\n<p><a href=\"https:\/\/www.flickr.com\/photos\/126809085@N05\/18929206678\/in\/album-72157654591797849\/\"><img loading=\"lazy\" decoding=\"async\" src=\"https:\/\/farm1.staticflickr.com\/265\/18929206678_5eecf83afe_z.jpg\" alt=\"P1020824\" width=\"640\" height=\"480\" \/><\/a><\/p>\n<p><a href=\"https:\/\/www.flickr.com\/photos\/126809085@N05\/19087420916\/in\/album-72157654591797849\/\"><img loading=\"lazy\" decoding=\"async\" src=\"https:\/\/farm1.staticflickr.com\/381\/19087420916_b615d30ec9_z.jpg\" alt=\"P1020825\" width=\"640\" height=\"480\" \/><\/a><\/p>\n<p>Dann landete der Flieger, die Leute jubelten, ich rief:&#8220;Ich will zur\u00fcck!&#8220;.<br \/>\nGing aus dem Flughafen, es waren ca. 10 &#8211; 12 Grad kalt und Regen. Ich wartete depressiv auf mein Zug Richtung Herne. Dann kam die Ansage, dass der Zug einfahren soll, aber der wegen einer Baustelle nicht in Herne h\u00e4lt. Ich stieg in Wanne-Eickel (eine Haltestelle vorher) aus und schaute wann die Busse fahren. Der n\u00e4chste Bus Richtung Heim fuhr in 45 Min., es war kalt und na\u00df, meine Laune auf dem Tiefpunkt. Es war kurz vor 0 Uhr. Ich ging zu meiner Mutter und \u00fcbernachtete aber dort. Die Nacht schlief ich \u00fcbrigens komplett durch.<\/p>\n<p><strong>Erkenntnis des Tages:<\/strong> Das ganze ist unfair<\/p>\n","protected":false},"excerpt":{"rendered":"<p>Mein letzter Tag! Es geht heute mit dem Bus Richtig Corfu-Town und Abends heim \ud83d\ude41 Ist&hellip;<\/p>\n","protected":false},"author":1,"featured_media":0,"parent":169,"menu_order":17,"comment_status":"closed","ping_status":"closed","template":"","meta":{"footnotes":""},"class_list":["post-137","page","type-page","status-publish","hentry"],"_links":{"self":[{"href":"https:\/\/sikoraproject.eu\/lukasz\/corfu\/index.php?rest_route=\/wp\/v2\/pages\/137"}],"collection":[{"href":"https:\/\/sikoraproject.eu\/lukasz\/corfu\/index.php?rest_route=\/wp\/v2\/pages"}],"about":[{"href":"https:\/\/sikoraproject.eu\/lukasz\/corfu\/index.php?rest_route=\/wp\/v2\/types\/page"}],"author":[{"embeddable":true,"href":"https:\/\/sikoraproject.eu\/lukasz\/corfu\/index.php?rest_route=\/wp\/v2\/users\/1"}],"replies":[{"embeddable":true,"href":"https:\/\/sikoraproject.eu\/lukasz\/corfu\/index.php?rest_route=%2Fwp%2Fv2%2Fcomments&post=137"}],"version-history":[{"count":6,"href":"https:\/\/sikoraproject.eu\/lukasz\/corfu\/index.php?rest_route=\/wp\/v2\/pages\/137\/revisions"}],"predecessor-version":[{"id":273,"href":"https:\/\/sikoraproject.eu\/lukasz\/corfu\/index.php?rest_route=\/wp\/v2\/pages\/137\/revisions\/273"}],"up":[{"embeddable":true,"href":"https:\/\/sikoraproject.eu\/lukasz\/corfu\/index.php?rest_route=\/wp\/v2\/pages\/169"}],"wp:attachment":[{"href":"https:\/\/sikoraproject.eu\/lukasz\/corfu\/index.php?rest_route=%2Fwp%2Fv2%2Fmedia&parent=137"}],"curies":[{"name":"wp","href":"https:\/\/api.w.org\/{rel}","templated":true}]}}