{"id":133,"date":"2015-07-17T19:00:15","date_gmt":"2015-07-17T17:00:15","guid":{"rendered":"http:\/\/sikoraproject.eu\/lukasz\/corfu\/?page_id=133"},"modified":"2015-08-03T10:46:12","modified_gmt":"2015-08-03T08:46:12","slug":"tag-16","status":"publish","type":"page","link":"https:\/\/sikoraproject.eu\/lukasz\/corfu\/?page_id=133","title":{"rendered":"Tag 16"},"content":{"rendered":"<p>Ich blieb in <strong>Agios Spiridon<\/strong>. Ich wollte mich bisschen ausruhen.<\/p>\n<p>Ich blieb l\u00e4nger liegen, die Nacht war grauenvoll, immer wieder M\u00fccken, immer wieder jagte ich die, die gaben mir keine Ruhe.<\/p>\n<p>Ich stand dennoch irgendwann mal auf, fr\u00fchst\u00fcckte ganz gut, nahm meinen Rucksack (der nat\u00fcrlich leerer war) und ging zur\u00fcck zu dem einen kleinen Strand au\u00dferhalb des Touristendorfes. Inzwischen waren dort ganze 15 Personen, war man ja als leer bezeichnen konnte. Ich k\u00f6nnte auch hier zelten, anstatt an dem anderen Strand, wo mehr los ist.<\/p>\n<p>Ich setzte mich in der N\u00e4he des Strandes auf die scharfen Klippen, ging bisschen im sehr klarem Wasser schwimmen und schrieb einiges in mein Heft (ich schrieb insgesamt mehr als ich hier im Internet ver\u00f6ffentlicht habe, alles muss ja nicht online sein \ud83d\ude42 ). Es war Sonntag und ich musste in 2 Tagen heim, was ich nicht wollte, der Gedankte machte mir total fertig.<br \/>\nMich holte auch langsam die Einsamkeit ein, solche Momente mag ich nicht. Ich ging noch bisschen spazieren und sp\u00e4ter in eine Taverne was essen (warum wird mir die Karte weggenommen, nachdem ich was bestellt habe, vielleicht m\u00f6chte ich ja noch mehr!) Ich war total m\u00fcde, dennoch trank ich 2 Bier und ging direkt ins Hotel um zu schlafen.<\/p>\n<p>Ich machte noch vom Ort ein paar Fotos, damit man sich einen kleinen Eindruck machen konnte.<\/p>\n<p>Sehr viele verlassene Villen sind hier zu finden. Der Ort ist zum Teil ausgebaut mit Anlagen, zum Teil aber auch tot. Vielleicht wird Corfu irgendwann mal auch zu einem gut besuchtem Touristenort, so dass auch dieser Ort mehr Leben hat. Leider geht durch Tourismus auch vieles kaputt, aber man kann leider nicht immer alles haben.<\/p>\n<p><a href=\"https:\/\/www.flickr.com\/photos\/126809085@N05\/19110915332\/in\/album-72157654591797849\/\"><img loading=\"lazy\" decoding=\"async\" src=\"https:\/\/farm4.staticflickr.com\/3837\/19110915332_b7b52d0de3_z.jpg\" alt=\"P1020766\" width=\"640\" height=\"480\" \/><\/a><\/p>\n<p><a href=\"https:\/\/www.flickr.com\/photos\/126809085@N05\/18494102784\/in\/album-72157654591797849\/\"><img loading=\"lazy\" decoding=\"async\" src=\"https:\/\/farm1.staticflickr.com\/440\/18494102784_b5843849b1_z.jpg\" alt=\"P1020768\" width=\"640\" height=\"480\" \/><\/a><\/p>\n<p>Ein verlassene Taverne, sogar der Billard-Tisch steht noch dort.<\/p>\n<p><a href=\"https:\/\/www.flickr.com\/photos\/126809085@N05\/18494108074\/in\/album-72157654591797849\/\"><img loading=\"lazy\" decoding=\"async\" src=\"https:\/\/farm1.staticflickr.com\/546\/18494108074_64ae8168dc_z.jpg\" alt=\"P1020769\" width=\"640\" height=\"480\" \/><\/a><\/p>\n<p>Es gibt auch auch sch\u00f6ne Flecken dort<\/p>\n<p><a href=\"https:\/\/www.flickr.com\/photos\/126809085@N05\/19119966951\/in\/album-72157654591797849\/\"><img loading=\"lazy\" decoding=\"async\" src=\"https:\/\/farm1.staticflickr.com\/519\/19119966951_15971c62eb_z.jpg\" alt=\"P1020765\" width=\"640\" height=\"480\" \/><\/a><\/p>\n<p>Die Berge von Albanien\/Griechenland sahen wir eine verblasste Wandtapete aus, aber eher bl\u00e4ulich, wundersch\u00f6n.<\/p>\n<p><a href=\"https:\/\/www.flickr.com\/photos\/126809085@N05\/19110939672\/in\/album-72157654591797849\/\"><img loading=\"lazy\" decoding=\"async\" src=\"https:\/\/farm1.staticflickr.com\/312\/19110939672_4b567f9c5f_z.jpg\" alt=\"P1020770\" width=\"640\" height=\"480\" \/><\/a><\/p>\n<p>Abends ging ich wieder in die Taverne essen. Ich a\u00df einen Beefburger mit Feta. Das war ein mind. 3 cm dickes und 15 cm im Durchmesser fettes Teil, dazu Pommes und bisschen Salat f\u00fcr 8,50 EUR. Das war aber zu viel f\u00fcr mich, trotzdem a\u00df ich alles auf. Auch das Brot, wie immer halt.<\/p>\n<p><strong>Erkenntnis des Tages:<\/strong> Will nicht heim \ud83d\ude41<\/p>\n<p>&#8211;&gt; <strong><em><a href=\"http:\/\/sikoraproject.eu\/lukasz\/corfu\/?page_id=135\">Weiter zu Tag 17<\/a><\/em><\/strong><\/p>\n","protected":false},"excerpt":{"rendered":"<p>Ich blieb in Agios Spiridon. Ich wollte mich bisschen ausruhen. Ich blieb l\u00e4nger liegen, die Nacht&hellip;<\/p>\n","protected":false},"author":1,"featured_media":0,"parent":169,"menu_order":15,"comment_status":"closed","ping_status":"closed","template":"","meta":{"footnotes":""},"class_list":["post-133","page","type-page","status-publish","hentry"],"_links":{"self":[{"href":"https:\/\/sikoraproject.eu\/lukasz\/corfu\/index.php?rest_route=\/wp\/v2\/pages\/133"}],"collection":[{"href":"https:\/\/sikoraproject.eu\/lukasz\/corfu\/index.php?rest_route=\/wp\/v2\/pages"}],"about":[{"href":"https:\/\/sikoraproject.eu\/lukasz\/corfu\/index.php?rest_route=\/wp\/v2\/types\/page"}],"author":[{"embeddable":true,"href":"https:\/\/sikoraproject.eu\/lukasz\/corfu\/index.php?rest_route=\/wp\/v2\/users\/1"}],"replies":[{"embeddable":true,"href":"https:\/\/sikoraproject.eu\/lukasz\/corfu\/index.php?rest_route=%2Fwp%2Fv2%2Fcomments&post=133"}],"version-history":[{"count":6,"href":"https:\/\/sikoraproject.eu\/lukasz\/corfu\/index.php?rest_route=\/wp\/v2\/pages\/133\/revisions"}],"predecessor-version":[{"id":271,"href":"https:\/\/sikoraproject.eu\/lukasz\/corfu\/index.php?rest_route=\/wp\/v2\/pages\/133\/revisions\/271"}],"up":[{"embeddable":true,"href":"https:\/\/sikoraproject.eu\/lukasz\/corfu\/index.php?rest_route=\/wp\/v2\/pages\/169"}],"wp:attachment":[{"href":"https:\/\/sikoraproject.eu\/lukasz\/corfu\/index.php?rest_route=%2Fwp%2Fv2%2Fmedia&parent=133"}],"curies":[{"name":"wp","href":"https:\/\/api.w.org\/{rel}","templated":true}]}}