{"id":13,"date":"2015-06-27T11:45:18","date_gmt":"2015-06-27T09:45:18","guid":{"rendered":"http:\/\/sikoraproject.eu\/lukasz\/corfu\/?page_id=13"},"modified":"2015-07-21T23:19:47","modified_gmt":"2015-07-21T21:19:47","slug":"tag-1","status":"publish","type":"page","link":"https:\/\/sikoraproject.eu\/lukasz\/corfu\/?page_id=13","title":{"rendered":"Tag 1"},"content":{"rendered":"<p><strong>Vorweg:<\/strong><br \/>\nIch habe am ersten Tag keine Fotos gemacht, da ich vom Flughafen keine Fotos machen wollte und vom Bus aus keine sch\u00f6nen Fotos machen konnte. Zudem wanderte ich an diesem Tag nicht, da ich nur an einem Ort war.<\/p>\n<p>Morgens nach 3 Stunden Schlaf brachte mich mein Bruder zum Flughafen. Flug ging um 05:50 Uhr (MEZ). Eine Stunde vor dem Abflug suchte ich, wie immer am Flughafen, verwirrt die Schlange zum Schalter an die ich mich anstellen sollte.<br \/>\nNach dem ich sie gefunden habe, stellte ich fest, es war die l\u00e4ngste Schlange am Flughafen.<br \/>\nGanze 40 Min. gewartet. Ein \u00e4lteres Ehepaar (klein und \u00e4u\u00dferlich S\u00fcdl\u00e4nder) wollte ebenfalls nach Corfu.<br \/>\nDann als ich meinen BoardPass hatte, ging ich schnell in der Halle Richtung Sicherheitskontrolle (oder so \u00e4hnlich). Leider ist der D\u00fcsseldorfer Flughafen gro\u00df, also gefragt und gefunden, 15 Min. wieder angestanden, dann wieder gefragt wohin und schnell Richtung Flieger, falsche Treppen genommen, gefragt und dann wieder zur\u00fcck und dann endlich den eigentlichen Weg gefunden. Als ich ins Flugzeug wollte, standen vor mir das \u00e4ltere Ehe-Paar. Wie verdammt noch mal haben die es vor mir geschafft? Meine Erkl\u00e4rung: Es gibt noch einen schnelleren Weg dahin.<br \/>\nIm Flieger den ersten leer Platz genommen, den ich sah und war gl\u00fccklich. Ein Gehbehinderter Herr sollte noch als Letzter kommen (ja, ich war Vorletzter). Der Flieger stand ganze 50 Min. und wollte fast schon los, als der Herr kam. Er ging zu mir und sagte, ich s\u00e4\u00dfe auf seinem Platz (auf den Tickets sind Sitznummern, wusste ich aber nicht). Aber die Stewardess meinte ich solle eine Reihe vor, in die erste Reihe also, da wo die Eltern mit den Babys sitzen. Ich hatte also 3 Pl\u00e4tze f\u00fcr mich allein, da sa\u00df n\u00e4mlich keiner!<\/p>\n<p>Los ging der Flug!<\/p>\n<p>Flugh\u00f6he ca. 12.000 km, Au\u00dfentemperatur -57 \u00b0C, Flugdauer ca. 2 1\/2 Std., nur so mal am Rande.<\/p>\n<p>Ich hatte so einen Hunger, da ich nichts gegessen habe. Dann kam die Stewardess und verteile plattgedr\u00fcckte Br\u00f6tchen. K\u00e4se oder H\u00e4hnchensalami, dazu ein Getr\u00e4nk. Ich dachte mir, heute esse ich H\u00e4hnchensalami (obwohl ich so gut wie kein Gefl\u00fcgel esse, ist aber eine andere Geschichte) und ein Wasser.<br \/>\nAls sie zu mir kam, sah sie auf meine Boardkarte. Mein Magen knurrte inzwischen. Sie sah mich an und sagte: &#8222;Sie haben keine Kennzeichnung. Allerdings k\u00f6nnen Sie sich etwas bestellen.&#8220; &#8222;Ja, f\u00fcr 6 EUR oder wie&#8220;, dachte ich mir.<\/p>\n<p>Wie dem auch sei, ich wartete die Alpen ab und schlief mit knurrenden Magen ein. Mein Essen war in der gro\u00dfen Tasche, die sich hoffentlich auch im Flieger befand.<\/p>\n<p>In Corfu gelandet, hatte ich schnell mein Gep\u00e4ck und raus ging es. Tolles Wetter, waren um die 27 Grad. Zu Fu\u00df ging es Richtung Norden, bis ich ans Meer stie\u00df. Aber kein Strand, sondern ein B\u00fcrgersteig, das Wasser war ca. 2 m tiefer. Kurz darauf fand ich eine Bank. Dort setzte ich mich hin, wollte zu Ruhe kommen, a\u00df meine Br\u00f6tchen.<br \/>\nDann ging ich Richtung Bushaltestelle, mit dem Bus sollte ich weiter in die s\u00fcdlichste Stadt auf Corfu <strong>Kavos<\/strong> fahren. Ich wusste ungef\u00e4hr wo die Haltestelle war, ging also in die Richtung, auch an der Altstadt entlang, die ziemlich voll war.<br \/>\nNach ca. 10 Min. kam ich dort an, fragte an der Info wann der Bus kommt. Der Herr meinte dann, dass der Bus jeden Augenblick kommen soll und ich dort an der Box warten sollte.<\/p>\n<p>Kurz den Rucksack am Wartepunkt abgenommen, da kam der auch schon. Stieg in den Bus ein, dann sagte der Fahrer ganz schnell zu mir irgendwas auf griechisch. Dann sollte ich aussteigen und ein anderer Mitarbeiter aus dem Bus nahm meine Tasche und packte die in den Stauraum. Eingestiegen, los ging es. 4,40 EUR hat mich die 47 km &#8211; Strecke gekostet, super Preis!<\/p>\n<p>Unterwegs sah ich mir die St\u00e4dte\/D\u00f6rfer an. Schmale Gassen, \u00f6fter Zentimeterarbeit von den Busfahrern, Obsth\u00e4ndler, viele Rollerfahrer und Sonne!<br \/>\nIch sah auch einen lautstarken Obst-\/Gem\u00fcseh\u00e4ndler mit einem sehr schmalen Schmalbart (so nenne ich den einfach mal) und langen nach hinten gek\u00e4mmten und Haaren, die offensichtlich sehr viel Gel hatten. Auff\u00e4llig war sein leutchpinkes T-Shirt, dass sehr eng sa\u00df. Er war sehr laut, als er sich mit jemanden unterhielt.<\/p>\n<p><strong>Kavos:<\/strong><br \/>\nDie Stadt liegt ganz im S\u00fcden der Insel. An sich ist eine typische auf touristenausgerichtete Stadt. Sehr viele Engl\u00e4nder und ein paar Polen verlaufen sich dort. Es gibt viele Diskos, Bars usw. Die Musik h\u00f6rt man noch bis 4 Uhr morgens, viele Partys finden dort eben statt. Ist wohl die griech. Antwort auf den Ballermann.<br \/>\nWer also feiern will, ist dort richtig. Es gibt einen sch\u00f6nen Strand, wo man gegen seinen Alkohlkater ank\u00e4mpfen kann. Abends dann wieder auf die Pauke schlagen.<\/p>\n<p>In <strong>Kavos<\/strong> angekommen, ging ich in einen kleinen Markt, kaufte Wasser. Ging weiter und wurde von jemanden an einer Taverne (griechisches Restaurant) auf englisch angesprochen. Mein erster Gedanke war: &#8222;Du verkaufst mir nichts!&#8220; Er fragte woher ich komme und ich sagte aus Polen. Er grinste mich an und sagte, er komme ebenfalls aus Polen. Also sprachen wir polnisch. Wir unterhielten uns ca. 2 Stunden, ich a\u00df noch einen griechischen Salat, trank ein Bier. Er wohnte in einem Hostel gegen\u00fcber, dort besorgte er mir f\u00fcr eine Nacht f\u00fcr 10 EUR eine Schlafm\u00f6glichkeit in seinem Zimmer. Er arbeitete nur f\u00fcr eine kurze Zeit dort, sonst f\u00e4hrt er seit einigen Jahren durch Europa mit seinem Zelt, arbeitet dort, wo er was findet. Er wollte noch Richtung Iran fahren, da seine Schwester dort lebt und bald heiraten wird.<br \/>\nIch ging aufs Zimmer, wir tranken noch mehr Bier, als er Pause hatte (die Griechen sind in einigen Beziehungen lockerer, betrunken war er aber nicht). Ich machte mir noch eine ekelhafte T\u00fctensuppe, die ich vorhin im Laden erwarb. Er gab mir viele Tipps f\u00fcr Corfu und Griechenland, wie u. a. dass das Wasser aus dem Wasserhahn nicht trinkbar sei, man oft mit dem Auto mitgenommen wird, Toilettenpapier man nicht ins Klo schmei\u00dft, wo ich im Norden schlafen k\u00f6nnte, usw.<br \/>\nAls er wieder raus musste, schlief ich ein.<\/p>\n<p>Am sp\u00e4ten Nachmittag stand ich auf und ging wieder in die Taverne und a\u00df Stifado (Rindfleisch mit So\u00dfe, Pommes und Reis). Als Vorspeise Tzatziki mit Brot. Ich sa\u00df 10 Min. an dem Tzatziki und wartete bis noch etwas zu der Tzatziki hin zu kommt. Der Kellner schaute auch 2x bei mir vorbei, ich dachte der bringt mir gleich was. Aber er schaute nur, ob ich aufgegessen habe. Es war also einfach nur die Vorspeise, Tzatziki mit Brot. Als ich fertig damit war, kam dann dieses Stifado. Das war zwar ok, hat mich aber geschmacklich nicht umgehauen. Das Gericht a\u00df ich auf Empfehlung von einer polnischen Frau. Dort versammelten sich n\u00e4mlich noch ein paar Polen.<br \/>\nAn dem Abend sollten noch Leute dort tanzen, was mit Tischen und Feuer machen, also irgendeine Show machen.<br \/>\nDann kamen die, tanzten die griechischen T\u00e4nze, auch mit dem Publikum (was fast nur aus Polen bestand, die aktiv mit gemacht haben, mich eingeschlossen), einer hob mit dem Mund einen Tisch hoch, usw. Haben eine sch\u00f6ne Show gemacht. Das komplette Publikum war \u00e4lter als ich, ich geh\u00f6rte eher zu den j\u00fcngeren also.<br \/>\nMir fiel auch auf, dass es auch andere Musik in Griechenland gibt, au\u00dfer &#8222;Zorba the Greek&#8220;. Die griechische Volksmusik, was dort recht beliebt ist und es sogar in die modernen Genres geschafft hat, erinnert mich an die t\u00fcrkische, was einen geschichtlichen Grund haben k\u00f6nnte. Kann aber nat\u00fcrlich auch nur an den Instrumenten liegen, ich habe mich mit diesem Thema nicht befasst und versuche mich deshalb ganz vorsichtig auszudr\u00fccken.<\/p>\n<p>Ich trank an dem Abend 2 Bier, mehr wollte ich nicht, da ich fit f\u00fcr meinen ersten Wandertag \u00fcberhaupt sein wollte. Ich ging auch gegen 1 Uhr schlafen.<\/p>\n<p>Mein erster Eindruck war, dass die Griechen viel lockerer sind, tragen keine Helme auf den Rollern, nicht alle Autos sind angemeldet, manchmal sieht man 3 Personen auf einem Roller, die Leute haben aber stets ein L\u00e4cheln im Gesicht. Ok, das hatte ich auch, bei dem Wetter.<\/p>\n<p><strong>Erkenntnis des Tages:<\/strong><br \/>\nM\u00fccken sind schei\u00dfe (siehe Tag 2)<\/p>\n<p>&#8211;&gt; <strong><em><a href=\"http:\/\/sikoraproject.eu\/lukasz\/corfu\/?page_id=15\">Weiter zu Tag 2<\/a><\/em><\/strong><\/p>\n","protected":false},"excerpt":{"rendered":"<p>Vorweg: Ich habe am ersten Tag keine Fotos gemacht, da ich vom Flughafen keine Fotos machen&hellip;<\/p>\n","protected":false},"author":1,"featured_media":0,"parent":6,"menu_order":0,"comment_status":"closed","ping_status":"closed","template":"","meta":{"footnotes":""},"class_list":["post-13","page","type-page","status-publish","hentry"],"_links":{"self":[{"href":"https:\/\/sikoraproject.eu\/lukasz\/corfu\/index.php?rest_route=\/wp\/v2\/pages\/13"}],"collection":[{"href":"https:\/\/sikoraproject.eu\/lukasz\/corfu\/index.php?rest_route=\/wp\/v2\/pages"}],"about":[{"href":"https:\/\/sikoraproject.eu\/lukasz\/corfu\/index.php?rest_route=\/wp\/v2\/types\/page"}],"author":[{"embeddable":true,"href":"https:\/\/sikoraproject.eu\/lukasz\/corfu\/index.php?rest_route=\/wp\/v2\/users\/1"}],"replies":[{"embeddable":true,"href":"https:\/\/sikoraproject.eu\/lukasz\/corfu\/index.php?rest_route=%2Fwp%2Fv2%2Fcomments&post=13"}],"version-history":[{"count":13,"href":"https:\/\/sikoraproject.eu\/lukasz\/corfu\/index.php?rest_route=\/wp\/v2\/pages\/13\/revisions"}],"predecessor-version":[{"id":249,"href":"https:\/\/sikoraproject.eu\/lukasz\/corfu\/index.php?rest_route=\/wp\/v2\/pages\/13\/revisions\/249"}],"up":[{"embeddable":true,"href":"https:\/\/sikoraproject.eu\/lukasz\/corfu\/index.php?rest_route=\/wp\/v2\/pages\/6"}],"wp:attachment":[{"href":"https:\/\/sikoraproject.eu\/lukasz\/corfu\/index.php?rest_route=%2Fwp%2Fv2%2Fmedia&parent=13"}],"curies":[{"name":"wp","href":"https:\/\/api.w.org\/{rel}","templated":true}]}}