{"id":129,"date":"2015-07-17T18:59:41","date_gmt":"2015-07-17T16:59:41","guid":{"rendered":"http:\/\/sikoraproject.eu\/lukasz\/corfu\/?page_id=129"},"modified":"2015-07-20T19:48:14","modified_gmt":"2015-07-20T17:48:14","slug":"tag-14","status":"publish","type":"page","link":"https:\/\/sikoraproject.eu\/lukasz\/corfu\/?page_id=129","title":{"rendered":"Tag 14"},"content":{"rendered":"<p>Das heutige Ziel ist der Aufstieg des <strong>Pantokrator<\/strong> und anschlie\u00dfend der Abstieg von 900 Meter in das Touristendorf <strong>Kaminaki<\/strong>. Der Weg w\u00fcrde fast 20 km lang werden.<\/p>\n<p>Ich w\u00fcrde jetzt nicht alleine wandern, ich beschloss mit Peter zu wandern.<br \/>\nWir standen auf, tranken ordentlich, a\u00dfen ein ganz klein wenig und gingen los. Ich ging vor, da ich das GPS-Ger\u00e4t hatte und Peter nur mit einem Buch unterwegs war (Respekt, dass er damit es so weit geschafft hat. Ich w\u00e4re sicherlich noch in <strong>Kavos<\/strong>, da wo ich am 1. Tag war :D)<br \/>\nErste Meter hinter mich gebracht, dann hing in Gesichtsh\u00f6he eine fette Spinne.<\/p>\n<p><a href=\"https:\/\/www.flickr.com\/photos\/126809085@N05\/19110479942\/in\/album-72157654591797849\/\"><img loading=\"lazy\" decoding=\"async\" src=\"https:\/\/farm4.staticflickr.com\/3923\/19110479942_6b2110f7a4_z.jpg\" alt=\"P1020677\" width=\"640\" height=\"480\" \/><\/a><\/p>\n<p>Auf so etwas w\u00fcrde ich ab jetzt sehr oft treffen, wie gut dass ich als erster gelaufen bin und somit alle Spinnen abkriegen durfte.<br \/>\nDer Weg f\u00fchrte noch ein wenig den Steinweg hoch bis wir ein Trampelpfad auf der linken Seite Richtung Berg f\u00fchrte. Am Fu\u00dfe des Trampelweges lagen 2 St\u00f6cke, perfekt, wir hatten Wanderst\u00f6cke! Mein erster \u00fcberhaupt (der Kr\u00fcckstock z\u00e4hlte nicht, der war zu kurz)<br \/>\nEs ging also einen kleinen steinigen Weg S-F\u00f6rmig hoch. Wir kamen ganz gut vor ran, verliefen uns ganz kurz in einem kleinen Waldst\u00fcck, kamen dann aber wieder auf den richtigen wegen, in dem wir einen kleinen Umweg liefen.<br \/>\nOben angekommen, sahen wir dann den Pantokrator. Es w\u00fcrde noch noch ca. 300 Meter hoch geht. Es ging aber erstmal auch auf einer Ebene entlang. Es war zum Teil wie eine Weide f\u00fcr Zuchttiere. Hin und wieder durchquerten wir einige Geb\u00fcsche. Viele Bremsen flogen dort herum.<br \/>\nDann sah ich zum ersten eine Schildkr\u00f6te in freier Wildbahn.<\/p>\n<p><a href=\"https:\/\/www.flickr.com\/photos\/126809085@N05\/19119553911\/in\/album-72157654591797849\/\"><img loading=\"lazy\" decoding=\"async\" src=\"https:\/\/farm1.staticflickr.com\/388\/19119553911_b5277e46af_z.jpg\" alt=\"P1020681\" width=\"640\" height=\"480\" \/><\/a><\/p>\n<p><a href=\"https:\/\/www.flickr.com\/photos\/126809085@N05\/18495550193\/in\/album-72157654591797849\/\"><img loading=\"lazy\" decoding=\"async\" src=\"https:\/\/farm1.staticflickr.com\/261\/18495550193_29bd076ed6_z.jpg\" alt=\"P1020680\" width=\"640\" height=\"480\" \/><\/a><\/p>\n<p>Unterwegs sah man, dass hier \u00f6fter tats\u00e4chlich Zuchttiere sind, es gab einige Bremsen und \u00f6fter sah man den Haufen, den die machten liegen. Das letzte St\u00fcck vor dem Berg sah wie auf dem Foto oben aus.<\/p>\n<p>Also wir an einer Stra\u00dfe ankamen, f\u00fchrte der Corfu-Trail nach links wieder runter. Wir gingen aber nach rechts hoch Richtung Gipfel. Kurz vor dem Gipfel traf ich noch ein P\u00e4rchen aus Bayern, die ich 2 Tage zuvor in einem Dorf begegnete.<\/p>\n<p>Dann endlich oben angekommen! Wir a\u00dfen oben was, in einer Taverne. Es gibt oben noch ein Kloster. Leider haben die Griechen dort \u00fcberall Antennen hingestellt, auch \u00fcber dem Kloster. Der Anblick nach unten war nat\u00fcrlich wundersch\u00f6n. R\u00fcber nach Albanien, Coruf-Stadt oder in den S\u00fcden der Insel, man konnte viele Orte sehen, wo man einige Tage zuvor entlang lief. Sogar die eine Ebene, wo der Golfplatz war, war von oben zu sehen.<\/p>\n<p>Das Kloster:<\/p>\n<p><a href=\"https:\/\/www.flickr.com\/photos\/126809085@N05\/18928490410\/in\/album-72157654591797849\/\"><img loading=\"lazy\" decoding=\"async\" src=\"https:\/\/farm1.staticflickr.com\/539\/18928490410_ccd28b6a82_z.jpg\" alt=\"P1020682\" width=\"640\" height=\"480\" \/><\/a><\/p>\n<p><a href=\"https:\/\/www.flickr.com\/photos\/126809085@N05\/19110510472\/in\/album-72157654591797849\/\"><img loading=\"lazy\" decoding=\"async\" src=\"https:\/\/farm1.staticflickr.com\/443\/19110510472_4b87d08b99_z.jpg\" alt=\"P1020684\" width=\"640\" height=\"480\" \/><\/a><\/p>\n<p><a href=\"https:\/\/www.flickr.com\/photos\/126809085@N05\/18493735254\/in\/album-72157654591797849\/\"><img loading=\"lazy\" decoding=\"async\" src=\"https:\/\/farm1.staticflickr.com\/402\/18493735254_52fcf9571a_z.jpg\" alt=\"P1020696\" width=\"640\" height=\"480\" \/><\/a><\/p>\n<p><a href=\"https:\/\/www.flickr.com\/photos\/126809085@N05\/19110559412\/in\/album-72157654591797849\/\"><img loading=\"lazy\" decoding=\"async\" src=\"https:\/\/farm1.staticflickr.com\/405\/19110559412_c2ec8d80d4_z.jpg\" alt=\"P1020695\" width=\"640\" height=\"480\" \/><\/a><\/p>\n<p><a href=\"https:\/\/www.flickr.com\/photos\/126809085@N05\/18493716374\/in\/album-72157654591797849\/\"><img loading=\"lazy\" decoding=\"async\" src=\"https:\/\/farm1.staticflickr.com\/442\/18493716374_c44c1f3e7a_z.jpg\" alt=\"P1020692\" width=\"640\" height=\"480\" \/><\/a><\/p>\n<p>Aussichten:<\/p>\n<p><a href=\"https:\/\/www.flickr.com\/photos\/126809085@N05\/18493698814\/in\/album-72157654591797849\/\"><img loading=\"lazy\" decoding=\"async\" src=\"https:\/\/farm1.staticflickr.com\/463\/18493698814_d1f70f4737_z.jpg\" alt=\"P1020689\" width=\"640\" height=\"480\" \/><\/a><\/p>\n<p><a href=\"https:\/\/www.flickr.com\/photos\/126809085@N05\/19116249645\/in\/album-72157654591797849\/\"><img loading=\"lazy\" decoding=\"async\" src=\"https:\/\/farm1.staticflickr.com\/358\/19116249645_725659e632_z.jpg\" alt=\"P1020693\" width=\"640\" height=\"480\" \/><\/a><\/p>\n<p><a href=\"https:\/\/www.flickr.com\/photos\/126809085@N05\/19119625941\/in\/album-72157654591797849\/\"><img loading=\"lazy\" decoding=\"async\" src=\"https:\/\/farm1.staticflickr.com\/511\/19119625941_42f0c9edef_z.jpg\" alt=\"P1020697\" width=\"640\" height=\"480\" \/><\/a><\/p>\n<p><a href=\"https:\/\/www.flickr.com\/photos\/126809085@N05\/18930133709\/in\/album-72157654591797849\/\"><img loading=\"lazy\" decoding=\"async\" src=\"https:\/\/farm1.staticflickr.com\/439\/18930133709_82cdc9ffb9_z.jpg\" alt=\"P1020700\" width=\"640\" height=\"480\" \/><\/a><\/p>\n<p><a href=\"https:\/\/www.flickr.com\/photos\/126809085@N05\/19116291775\/in\/album-72157654591797849\/\"><img loading=\"lazy\" decoding=\"async\" src=\"https:\/\/farm4.staticflickr.com\/3755\/19116291775_3c7eba74f5_z.jpg\" alt=\"P1020706\" width=\"640\" height=\"480\" \/><\/a><\/p>\n<p><a href=\"https:\/\/www.flickr.com\/photos\/126809085@N05\/19110614332\/in\/album-72157654591797849\/\"><img loading=\"lazy\" decoding=\"async\" src=\"https:\/\/farm1.staticflickr.com\/348\/19110614332_5c88a30e0d_z.jpg\" alt=\"P1020709\" width=\"640\" height=\"480\" \/><\/a><\/p>\n<p>Flughafen von Corfu:<\/p>\n<p><a href=\"https:\/\/www.flickr.com\/photos\/126809085@N05\/19116316995\/in\/album-72157654591797849\/\"><img loading=\"lazy\" decoding=\"async\" src=\"https:\/\/farm1.staticflickr.com\/561\/19116316995_bc758b27a1_z.jpg\" alt=\"P1020710\" width=\"640\" height=\"480\" \/><\/a><\/p>\n<p>Dann ging es wieder runter. Man m\u00fcsste denken, runter ist ja einfacher als hoch. Aber wenn da nicht diese bis zu 10 cm im Durchmesser gro\u00dfen Steine w\u00e4ren. Zudem hatte man ja noch ca. 18 kg auf dem R\u00fccken. Die Rutschgefahr war gro\u00df. Zudem taten auch schnell die F\u00fc\u00dfe weh. So gingen wir ca. 7 km entlang, auch an einer alten Dorfruine, bis wir auf eine neuasphaliterte Stra\u00dfe kamen.<\/p>\n<p><a href=\"https:\/\/www.flickr.com\/photos\/126809085@N05\/18928646140\/in\/album-72157654591797849\/\"><img loading=\"lazy\" decoding=\"async\" src=\"https:\/\/farm1.staticflickr.com\/355\/18928646140_07d1beaaa7_z.jpg\" alt=\"P1020717\" width=\"640\" height=\"480\" \/><\/a><\/p>\n<p>Auf der Stra\u00dfe waren sehr viele Heuschrecken, ein paar Eidecksen und am Rand wieder eine Schildkr\u00f6te!<br \/>\nAls der Weg dann wieder schottiger wurde, sahen wir Schlagen, eine tote konnte ich fotografieren.<br \/>\nMeine Vermutung ist aber, dass das eine Blindschleiche war, da die bisschen fetter war, also anders halt als eine Schlange aussah.<\/p>\n<p><a href=\"https:\/\/www.flickr.com\/photos\/126809085@N05\/19090243176\/in\/album-72157654591797849\/\"><img loading=\"lazy\" decoding=\"async\" src=\"https:\/\/farm1.staticflickr.com\/442\/19090243176_570da79dcf_z.jpg\" alt=\"P1020729\" width=\"640\" height=\"480\" \/><\/a><\/p>\n<p>Schildkr\u00f6ten waren auch wieder zu sehen<\/p>\n<p><a href=\"https:\/\/www.flickr.com\/photos\/126809085@N05\/19090257126\/in\/album-72157654591797849\/\"><img loading=\"lazy\" decoding=\"async\" src=\"https:\/\/farm1.staticflickr.com\/368\/19090257126_a285afea5e_z.jpg\" alt=\"P1020731\" width=\"640\" height=\"480\" \/><\/a><\/p>\n<p>Der Weg zog sich weiter durch schottige, aber aus asphaltierte Wege. Das letzte St\u00fcck war schon ziemlich hart. <strong>Kaminaki<\/strong> f\u00e4ngt recht hoch an und zieht sich steil runter. Wir gingen durch steinige Eselswege runter. Die F\u00fc\u00dfe taten uns unheimlich weh.<br \/>\nDann endlich unten angekommen suchten wir eine Unterkunft. Erste Anfragen wurde alle abgelehnt. Bei der n\u00e4chsten Frage legte ich mein Stock zu Seite, damit ich nicht wie sonst jemand aussah und nahm mein Hut ab \ud83d\ude00 Wir bekamen ein Zimmer f\u00fcr eine Nacht f\u00fcr insgesamt 55 EUR. Ein sehr sehr sch\u00f6nes Zimmer sogar. Es war direkt am Strand. Der Strand bestand aus Kies, aber so ein Wasser habe ich zuvor noch nie in mein Leben gesehen, es war soooo klar! Dachte so etwas gibt es nicht. Der Strand war zu dem kaum besucht, da war eigentlich niemand, au\u00dfer der Hotelbesitzer mit seiner Familie und wir.<br \/>\nDennoch ist das Schlafen ist Zelt am Strand besser, nur nicht auf diesem Kiesstrand.<\/p>\n<p>Blick aus dem Fenster:<\/p>\n<p><a href=\"https:\/\/www.flickr.com\/photos\/126809085@N05\/18928740130\/in\/album-72157654591797849\/\"><img loading=\"lazy\" decoding=\"async\" src=\"https:\/\/farm1.staticflickr.com\/541\/18928740130_7a8c8636bb_z.jpg\" alt=\"P1020735\" width=\"640\" height=\"480\" \/><\/a><\/p>\n<p>Wir schwammen ein wenig, ruhten uns aus und gingen in eine Taverne nebenan essen. Wir a\u00dfen dort ordentlich, tranken nicht gerade wenig (Bier und Ouzo) und gingen dann lachend schlafen.<\/p>\n<p>Wir hatten noch die letzten 25 km. Peter wollte die an einem Tag meistern. Ich hatte ja noch Zeit und war mir unsicher, ob ich auch mit kommen soll oder ob ich 2 Etappen machen sollte.<br \/>\nDann dachte ich mir, dass ich dennoch mit ihm laufen k\u00f6nnte, dann k\u00f6nnte ich sp\u00e4ter wieder am Strand schlafen, eine Nacht im Hotel oder sonst wo, je nach dem wie es dort aussah.<br \/>\nMorgen ist Samstag, mein Flug geht am Dienstag, noch viel Zeit also um den Trail abzuschlie\u00dfen. Leider bedeutete das auch, dass diese Tour allm\u00e4hlich zu Ende ging.<\/p>\n<p>Im Rausch der Meeres schlief ich dann ein.<\/p>\n<p><strong><br \/>\nErkenntnis des Tages:<\/strong> Geil!<\/p>\n<p>&#8211;&gt; <strong><em><a href=\"http:\/\/sikoraproject.eu\/lukasz\/corfu\/?page_id=131\">Weiter zu Tag 15<\/a><\/em><\/strong><\/p>\n","protected":false},"excerpt":{"rendered":"<p>Das heutige Ziel ist der Aufstieg des Pantokrator und anschlie\u00dfend der Abstieg von 900 Meter in&hellip;<\/p>\n","protected":false},"author":1,"featured_media":0,"parent":169,"menu_order":13,"comment_status":"closed","ping_status":"closed","template":"","meta":{"footnotes":""},"class_list":["post-129","page","type-page","status-publish","hentry"],"_links":{"self":[{"href":"https:\/\/sikoraproject.eu\/lukasz\/corfu\/index.php?rest_route=\/wp\/v2\/pages\/129"}],"collection":[{"href":"https:\/\/sikoraproject.eu\/lukasz\/corfu\/index.php?rest_route=\/wp\/v2\/pages"}],"about":[{"href":"https:\/\/sikoraproject.eu\/lukasz\/corfu\/index.php?rest_route=\/wp\/v2\/types\/page"}],"author":[{"embeddable":true,"href":"https:\/\/sikoraproject.eu\/lukasz\/corfu\/index.php?rest_route=\/wp\/v2\/users\/1"}],"replies":[{"embeddable":true,"href":"https:\/\/sikoraproject.eu\/lukasz\/corfu\/index.php?rest_route=%2Fwp%2Fv2%2Fcomments&post=129"}],"version-history":[{"count":4,"href":"https:\/\/sikoraproject.eu\/lukasz\/corfu\/index.php?rest_route=\/wp\/v2\/pages\/129\/revisions"}],"predecessor-version":[{"id":227,"href":"https:\/\/sikoraproject.eu\/lukasz\/corfu\/index.php?rest_route=\/wp\/v2\/pages\/129\/revisions\/227"}],"up":[{"embeddable":true,"href":"https:\/\/sikoraproject.eu\/lukasz\/corfu\/index.php?rest_route=\/wp\/v2\/pages\/169"}],"wp:attachment":[{"href":"https:\/\/sikoraproject.eu\/lukasz\/corfu\/index.php?rest_route=%2Fwp%2Fv2%2Fmedia&parent=129"}],"curies":[{"name":"wp","href":"https:\/\/api.w.org\/{rel}","templated":true}]}}