{"id":125,"date":"2015-07-15T21:45:45","date_gmt":"2015-07-15T19:45:45","guid":{"rendered":"http:\/\/sikoraproject.eu\/lukasz\/corfu\/?page_id=125"},"modified":"2015-07-20T19:35:10","modified_gmt":"2015-07-20T17:35:10","slug":"tag-13","status":"publish","type":"page","link":"https:\/\/sikoraproject.eu\/lukasz\/corfu\/?page_id=125","title":{"rendered":"Tag 13"},"content":{"rendered":"<p>Die heutige Route f\u00fchrte mich bis nach <strong>Spartilias<\/strong>, ca. 10 km. Also nur ein ganz kleines St\u00fcck. Danach f\u00e4ngt der Aufstieg auf den 900 m hohen Berg <strong>Pantokrator<\/strong>. Ich spielte mit den Gedanken oben auf dem Berg zu \u00fcbernachten, war mir aber unsicher ob ich dort eine gute Stelle finden w\u00fcrde.<\/p>\n<p>Konnte nicht einschlafen, wie immer halt \ud83d\ude42 Wetter war windig und recht bew\u00f6lkt, keine Sonne zu sehen.<br \/>\nOhne Fr\u00fchst\u00fcck ging ich los. In ca. 5 km Entfernung w\u00fcrde das Dorf <strong>Sokraki<\/strong> kommen, dort w\u00fcrde ich dann was essen. In <strong>Spartilias<\/strong>(mein heutiges Ziel, vielleicht) soll zudem eine sehr gute Taverne sein, laut Corfu-Trail-Buch.<\/p>\n<p>Hatte total Lust auf Pizza! Egal, es ging durch bergig einsame Olivenw\u00e4lder.<\/p>\n<p><a href=\"https:\/\/www.flickr.com\/photos\/126809085@N05\/19110361752\/in\/album-72157654591797849\/\"><img loading=\"lazy\" decoding=\"async\" src=\"https:\/\/farm1.staticflickr.com\/402\/19110361752_fdbd95d086_z.jpg\" alt=\"P1020647\" width=\"640\" height=\"480\" \/><\/a><\/p>\n<p>Auf dem Bild sieht man rechts einen Weg, das war mein Weg in einen zum Teil zugewachsenen Trampelpfad. Stacheln \u00fcberall, gut dass ich so wenig an hatte \ud83d\ude42<\/p>\n<p>Es gab aber auch sch\u00f6ne Pflanzen, so ist das nicht.<\/p>\n<p><a href=\"https:\/\/www.flickr.com\/photos\/126809085@N05\/18495429353\/in\/album-72157654591797849\/\"><img loading=\"lazy\" decoding=\"async\" src=\"https:\/\/farm1.staticflickr.com\/338\/18495429353_660b105d21_z.jpg\" alt=\"P1020648\" width=\"640\" height=\"480\" \/><\/a><\/p>\n<p>Ich k\u00e4mpfte mich halt dadurch, zum Teil auch durch sch\u00f6n Waldwege bis zu einem Feldweg. Da war auch schon das Dorf <strong>Sokraki<\/strong>.<\/p>\n<p>Im Dorf ging ich direkt auf einen kleinen Platz und sah so was wie kleine Caf\u00e9s. Ich suchte aber einen Minimarkt. Ein \u00e4lterer Mann aus einem Caf\u00e9 fragte was ich suche, ich antwortete dass ich einen Minimarkt suche, wo ich was zum Essen kaufen kann. Er sagte, er hat was zu Essen, ich solle mit kommen in sein Laden. Doch nicht mit mir, dachte ich. Am Ende bezahle ich 15 EUR f\u00fcr ein St\u00fcck Brot oder wie. Ich sagte, nein, dass ich nur ein Minimarkt suche. Er sagte, er hat alles da. Ich ging also doch rein, nat\u00fcrlich sehr kritisch, und schaute mich um. Ok, er hatte Geb\u00e4ck, Gem\u00fcse, Wasser\/S\u00e4fte etc. Es war eine Mischung aus einer kleinen Taverne und einem Gesch\u00e4ft. Jetzt wei\u00df ich, warum das eine Ehepaar so gelacht hat \ud83d\ude00 Wo ich mir gegen den Besuch des Ladens wehrte.<\/p>\n<p>Ich holte mir Tomaten, Feta und Brot zum Fr\u00fchst\u00fcck. Zudem trank ich ein Ginger-Bier. Das ist ein alkoholfreies s\u00fc\u00dfes Lemonen-Ingwer-Getr\u00e4nk, was dort recht beliebt ist. Ich unterhielt mich noch mit dem Ehepaar, die aus den Niederlanden kamen und a\u00df ordentlich.<br \/>\nDas Dorf \u00fcbrigens war echt sch\u00f6n!<\/p>\n<p>Dann ging es weiter, an einem Schnitzer entlang. Die Sonne schien auch schon wieder. Ich war zufrieden!<\/p>\n<p><a href=\"https:\/\/www.flickr.com\/photos\/126809085@N05\/19119430041\/in\/album-72157654591797849\/\"><img loading=\"lazy\" decoding=\"async\" src=\"https:\/\/farm1.staticflickr.com\/536\/19119430041_53eac37eb7_z.jpg\" alt=\"P1020650\" width=\"640\" height=\"480\" \/><\/a><\/p>\n<p>Es ging \u00fcber einen Schotterweg, wo ich die ganze Zeit grinsend und pfeifend entlang lief. Die Ohrw\u00fcrmer waren total schlimm (schei\u00df Kiss schon wieder, ein ganz schlimmes Lied auch noch, I Was Made for Lovin&#8216; You).<\/p>\n<p><a href=\"https:\/\/www.flickr.com\/photos\/126809085@N05\/19089901896\/in\/album-72157654591797849\/\"><img loading=\"lazy\" decoding=\"async\" src=\"https:\/\/farm1.staticflickr.com\/371\/19089901896_5d73a9f461_z.jpg\" alt=\"P1020651\" width=\"640\" height=\"480\" \/><\/a><\/p>\n<p>Ich kam zu einem sch\u00f6nen Weg, deren Geb\u00fcsche\/B\u00e4ume auch \u00fcber den Kopf her gingen, wie ein Tunnel sah es aus<\/p>\n<p><a href=\"https:\/\/www.flickr.com\/photos\/126809085@N05\/19116083265\/in\/album-72157654591797849\/\"><img loading=\"lazy\" decoding=\"async\" src=\"https:\/\/farm1.staticflickr.com\/361\/19116083265_e324aebaed_z.jpg\" alt=\"P1020652\" width=\"640\" height=\"480\" \/><\/a><\/p>\n<p><a href=\"https:\/\/www.flickr.com\/photos\/126809085@N05\/19119448571\/in\/album-72157654591797849\/\"><img loading=\"lazy\" decoding=\"async\" src=\"https:\/\/farm1.staticflickr.com\/546\/19119448571_59c006a9f9_z.jpg\" alt=\"P1020653\" width=\"640\" height=\"480\" \/><\/a><\/p>\n<p>Als der Weg zu Ende war, ging ich \u00fcber eine einsame Stra\u00dfe, wo an den Seiten sehr viele Weintrauben wuchsen. Vor mir war ein hoher Berg. Ich vermutete dass das der <strong>Pantokrator<\/strong> sei. (Der war es nat\u00fcrlich nicht, der richtige Berg war ja dahinter \ud83d\ude42 )<\/p>\n<p><a href=\"https:\/\/www.flickr.com\/photos\/126809085@N05\/18495472203\/in\/album-72157654591797849\/\"><img loading=\"lazy\" decoding=\"async\" src=\"https:\/\/farm1.staticflickr.com\/478\/18495472203_e751ba3724_z.jpg\" alt=\"P1020657\" width=\"640\" height=\"480\" \/><\/a><\/p>\n<p>Dann in\u00a0<strong>Spartilias<\/strong> endlich angekommen. Hatte noch viel Energie, wollte die nicht verschwenden. Mein Plan war, rein in die sch\u00f6ne Taverne und dann rauf gehts! Nat\u00fcrlich mit der Hoffnung, falls ich ersch\u00f6pft werden w\u00fcrde, dass ich unterwegs ein Schlafplatz finden w\u00fcrde.<br \/>\nIch ging im Dorf auf die Suche nach dem Lokal aus dem Buch. Aber nichts. Das Lokal hat wohl lange nicht mehr existiert. Ich schaute mich dennoch im Dorf um und hatte echt einen tollen Ausblick auf Coruf-Stadt.<\/p>\n<p><a href=\"https:\/\/www.flickr.com\/photos\/126809085@N05\/19119491411\/in\/album-72157654591797849\/\"><img loading=\"lazy\" decoding=\"async\" src=\"https:\/\/farm1.staticflickr.com\/279\/19119491411_2a1e09d9be_z.jpg\" alt=\"P1020662\" width=\"640\" height=\"480\" \/><\/a><\/p>\n<p><a href=\"https:\/\/www.flickr.com\/photos\/126809085@N05\/18495489393\/in\/album-72157654591797849\/\"><img loading=\"lazy\" decoding=\"async\" src=\"https:\/\/farm1.staticflickr.com\/287\/18495489393_7a72ef056f_z.jpg\" alt=\"P1020661\" width=\"640\" height=\"480\" \/><\/a><\/p>\n<p>Ich ging ein wenig den Weg weiter hoch um nach zu schauen wie es \u00fcberhaupt mit Schlafm\u00f6glichkeiten aussieht. Einige Meter den Steinweg hoch fand ich bisschen Abseits eine kleine Ebene, die war Perfekt! Ein wundersch\u00f6ner Ausblick, eben und abseits halt, es war super!<br \/>\nGrinsend und stolz auf mich ging ich in das Dorf zur\u00fcck und schaute mich nach einem Minimarkt um. Leider hatte der zu, siesta. Ich m\u00fcsste also ca. 3 Stunden warten bis der gegen 17 Uhr wieder aufmacht. Was nun? Ich lief im Dorf noch bisschen herum und fand eine andere Taverne. Ich bestellte mir eine Pizza, die aber nicht die beste war, aber die hatten auch kaum was anderes da. Ich a\u00df ganz in Ruhe, ging wieder in das Dorf und beschloss an den perfekten Platz zu zelten und morgen in Ruhe den Berg zu besteigen. Ich br\u00e4uchte allerdings noch Essen. Also ging ich Richtung Minimarkt und setzte mich auf die Treppen eines Kirchturms und sa\u00df einfach nur da.<br \/>\nEinige Leute gr\u00fc\u00dften mich beim vorbei gehen.<\/p>\n<p>Ich sa\u00df unschuldig und nichts b\u00f6se denkend an der Treppe als pl\u00f6tzlich ein Wanderer vor mir stand und mich nach einer Schlafm\u00f6glichkeit vor Ort auf englisch fragte. Ich fragte woher er sei, er meinte aus Deutschland. Also sprachen wir deutsch. Ich sagte ihm, dass ich nicht wei\u00df, aber er solle vielleicht hier einige Leute fragen ob die ein Zimmer haben oder jemanden kennen die ein Zimmer zu vermieten hat. Wir unterhielten uns kurz, er lief ebenfalls den Corfu-Trail, allerdings hatte er nicht so viel Zeit wie ich und wollte den Trail in 10 Tagen schaffen.<br \/>\nIch sagte ihm, dass wenn er nichts finden sollte, wir im Zelt schlafen k\u00f6nnten. Wird zwar eng, es ist ja nur ein 2-Mann-Zelt, aber besser als nichts. Er sagte, er schaue sich noch mal um.<br \/>\nCa. 30 Minuten sp\u00e4ter kam er zur\u00fcck und sagte, dass er wohl mein Angebot annehmen w\u00fcrde. Peter hie\u00df er, war 20 Jahre \u00e4lter als ich und wandert ebenfalls allein.<br \/>\nWir gingen sp\u00e4ter zusammen ins Gesch\u00e4ft, kauften gut ein (auch Bier) und machten uns dann auf dem Weg zu <em>meiner<\/em> perfekten Stelle. Als Peter die sah, war er fast sprachlos und lobte mich daf\u00fcr (ich war stolz \ud83d\ude00 )<br \/>\nBauten schnell das Zelt auf und a\u00dfen was. Dann tranken wir etwas Bier. Es fing langsam an zu d\u00e4mmern.<\/p>\n<p><a href=\"https:\/\/www.flickr.com\/photos\/126809085@N05\/18495529933\/in\/album-72157654591797849\/\"><img loading=\"lazy\" decoding=\"async\" src=\"https:\/\/farm1.staticflickr.com\/502\/18495529933_71760ef080_z.jpg\" alt=\"P1020670\" width=\"640\" height=\"480\" \/><\/a><\/p>\n<p><a href=\"https:\/\/www.flickr.com\/photos\/126809085@N05\/18493645344\/in\/album-72157654591797849\/\"><img loading=\"lazy\" decoding=\"async\" src=\"https:\/\/farm1.staticflickr.com\/358\/18493645344_72713d09e0_z.jpg\" alt=\"P1020676\" width=\"640\" height=\"480\" \/><\/a><\/p>\n<p>Leider sind die Fotos nicht so geworden, wie ich es gerne h\u00e4tte. Ich musste mein Akku sparen und ein Stativ hatte ich ebenfalls nicht, damit ich eben die Verschlusszeit auf z. B. 30 Sekunden stellen konnte. Wie dem auch sei. Peter schlief auf dem Boden und ich auf meiner Matte. Es war k\u00fchl und eng im Zelt. Ich konnte \u00fcberhaupt nicht einschlafen, wie immer \ud83d\ude00<br \/>\n<strong><br \/>\nErkenntnis des Tages:<\/strong> Das Leben geht weiter, egal wie!<\/p>\n<p>&#8211;&gt; <strong><em><a href=\"http:\/\/sikoraproject.eu\/lukasz\/corfu\/?page_id=129\">Weiter zu Tag 14<\/a><\/em><\/strong><\/p>\n","protected":false},"excerpt":{"rendered":"<p>Die heutige Route f\u00fchrte mich bis nach Spartilias, ca. 10 km. Also nur ein ganz kleines&hellip;<\/p>\n","protected":false},"author":1,"featured_media":0,"parent":169,"menu_order":12,"comment_status":"closed","ping_status":"closed","template":"","meta":{"footnotes":""},"class_list":["post-125","page","type-page","status-publish","hentry"],"_links":{"self":[{"href":"https:\/\/sikoraproject.eu\/lukasz\/corfu\/index.php?rest_route=\/wp\/v2\/pages\/125"}],"collection":[{"href":"https:\/\/sikoraproject.eu\/lukasz\/corfu\/index.php?rest_route=\/wp\/v2\/pages"}],"about":[{"href":"https:\/\/sikoraproject.eu\/lukasz\/corfu\/index.php?rest_route=\/wp\/v2\/types\/page"}],"author":[{"embeddable":true,"href":"https:\/\/sikoraproject.eu\/lukasz\/corfu\/index.php?rest_route=\/wp\/v2\/users\/1"}],"replies":[{"embeddable":true,"href":"https:\/\/sikoraproject.eu\/lukasz\/corfu\/index.php?rest_route=%2Fwp%2Fv2%2Fcomments&post=125"}],"version-history":[{"count":7,"href":"https:\/\/sikoraproject.eu\/lukasz\/corfu\/index.php?rest_route=\/wp\/v2\/pages\/125\/revisions"}],"predecessor-version":[{"id":226,"href":"https:\/\/sikoraproject.eu\/lukasz\/corfu\/index.php?rest_route=\/wp\/v2\/pages\/125\/revisions\/226"}],"up":[{"embeddable":true,"href":"https:\/\/sikoraproject.eu\/lukasz\/corfu\/index.php?rest_route=\/wp\/v2\/pages\/169"}],"wp:attachment":[{"href":"https:\/\/sikoraproject.eu\/lukasz\/corfu\/index.php?rest_route=%2Fwp%2Fv2%2Fmedia&parent=125"}],"curies":[{"name":"wp","href":"https:\/\/api.w.org\/{rel}","templated":true}]}}