{"id":116,"date":"2015-07-15T20:52:05","date_gmt":"2015-07-15T18:52:05","guid":{"rendered":"http:\/\/sikoraproject.eu\/lukasz\/corfu\/?page_id=116"},"modified":"2015-08-05T19:26:17","modified_gmt":"2015-08-05T17:26:17","slug":"tag-12","status":"publish","type":"page","link":"https:\/\/sikoraproject.eu\/lukasz\/corfu\/?page_id=116","title":{"rendered":"Tag 12"},"content":{"rendered":"<p>Heute soll es Richtung Osten nach <strong>Drostato<\/strong> gehen, ca. 13 km und 2 Aufstiege auf 200 Meter. Also insgesamt nichts extremes. Zeit hatte ich ja eh noch viel. Wahrscheinlich wird es dort schwieriger sein einen Schlafplatz zu finden, da die Gegend nicht gerade einladend ist, ich kann also nur hoffen, dass es dort Olivenw\u00e4lder gibt.<\/p>\n<p>Meine beste Nacht bisher! Zwar habe ich ca. 1 Stunde gebraucht und ein zu schlafen, aber ich schlief glaube ich sogar durch.<br \/>\nMorgens machte ich mein Zelt auf und sah das, herrlich:<\/p>\n<p><a href=\"https:\/\/www.flickr.com\/photos\/126809085@N05\/19115869175\/in\/album-72157654591797849\/\"><img loading=\"lazy\" decoding=\"async\" src=\"https:\/\/farm1.staticflickr.com\/457\/19115869175_5e7f4e5928_z.jpg\" alt=\"P1020606\" width=\"640\" height=\"480\" \/><\/a><\/p>\n<p>Ich lag noch im Zelt und wartete bis der Schatten der Palme \u00fcber meinem Zelt verschwand und die Sonne dann endg\u00fcltig die Macht \u00fcber mein Zelt gewann. Dann ging ich baden, fr\u00fchst\u00fccken, r\u00e4umte zusammen (nat\u00fcrlich auch die Steine die ich zur Befestigung br\u00e4uchte, r\u00e4umte ich immer weg, manchmal sogar Steine die ich nicht dahin geschleppt habe, hatte also Vorteile, dass ich dort \u00fcbernachtete).<br \/>\nDie Touris kamen allm\u00e4hlich aus ihren Hotels gekrochen und machten sich breit. Guter Zeitpunkt um Tsch\u00fcss zu sagen!<br \/>\nIch ging erst zur Bank, dann ging es auf einen zum Teil zugewachsenen Trampelpfad, nat\u00fcrlich aufw\u00e4rts, weiter. Kurz davor sah ich einen Bus. Ja, die Hippies haben es sogar bis hier hin geschafft damals.<\/p>\n<p><a href=\"https:\/\/www.flickr.com\/photos\/126809085@N05\/19119235341\/in\/album-72157654591797849\/\"><img loading=\"lazy\" decoding=\"async\" src=\"https:\/\/farm1.staticflickr.com\/306\/19119235341_e385ca4fc2_z.jpg\" alt=\"P1020608\" width=\"640\" height=\"480\" \/><\/a><\/p>\n<p>Es ging die ganze Zeit hoch, aber sch\u00f6n zwischen Olivenb\u00e4umen<\/p>\n<p><a href=\"https:\/\/www.flickr.com\/photos\/126809085@N05\/18928842818\/in\/album-72157654591797849\/\"><img loading=\"lazy\" decoding=\"async\" src=\"https:\/\/farm1.staticflickr.com\/328\/18928842818_45e730b203_z.jpg\" alt=\"P1020612\" width=\"640\" height=\"480\" \/><\/a><\/p>\n<p>Anschlie\u00dfend kurz <strong>Pagi<\/strong> \u00fcber einen Karrenweg. Sehr viele Insekten waren zu sehen. Leider bin ich zu bl\u00f6d die Kamera so einzustellen, dass ich die scharf fotografieren kann.<\/p>\n<p><a href=\"https:\/\/www.flickr.com\/photos\/126809085@N05\/18928274050\/in\/album-72157654591797849\/\"><img loading=\"lazy\" decoding=\"async\" src=\"https:\/\/farm1.staticflickr.com\/277\/18928274050_56af487c85_z.jpg\" alt=\"P1020633\" width=\"640\" height=\"480\" \/><\/a><\/p>\n<p>In einer sch\u00f6nen Taverne in <strong>Manatades<\/strong> bestellte ich f\u00fcr 6,50 EUR Penchatta (was auch immer das sein mag, was mit Schwein angeblich). Leider bekam ich zu dem Essen fast ein halbes Brot und 3 kleine Tomatenst\u00fcckchen, auch kein Tzatziki. Naja, mit viel M\u00fche und nach trinken a\u00df ich alles, bis auf die Zitrone auf. Ob Zitrone mit Brot schmeckt?<br \/>\nIch a\u00df fast jeden Tag Fleisch, ich werde wohl sp\u00e4ter zu Hause einen vegetarischen Monat machen m\u00fcssen, bin ja kein gro\u00dfes Fleischfresser.<\/p>\n<p>Dann kamen in der Taverne meine poln. Wurzeln ins Spiel: Ich nahm anstatt einen, zwei Zahnstocher!<br \/>\nIch unterhielt mich in der Taverne noch mit einem Schotten, der hier den Sommer verbringt, weil er hier sein Haus hat. Er zeigte mir ein Foto von der gef\u00e4hrlichen Schlange, die aber tot war. Wir unterhielten uns noch, dann ging ich weiter.<\/p>\n<p><a href=\"https:\/\/www.flickr.com\/photos\/126809085@N05\/18928322838\/in\/album-72157654591797849\/\"><img loading=\"lazy\" decoding=\"async\" src=\"https:\/\/farm1.staticflickr.com\/406\/18928322838_97e32d915a_z.jpg\" alt=\"P1020617\" width=\"640\" height=\"480\" \/><\/a><\/p>\n<p><a href=\"https:\/\/www.flickr.com\/photos\/126809085@N05\/19119307831\/in\/album-72157654591797849\/\"><img loading=\"lazy\" decoding=\"async\" src=\"https:\/\/farm1.staticflickr.com\/386\/19119307831_00f2616552_z.jpg\" alt=\"P1020618\" width=\"640\" height=\"480\" \/><\/a><\/p>\n<p><a href=\"https:\/\/www.flickr.com\/photos\/126809085@N05\/19115967445\/in\/album-72157654591797849\/\"><img loading=\"lazy\" decoding=\"async\" src=\"https:\/\/farm1.staticflickr.com\/522\/19115967445_5b99fb6e4c_z.jpg\" alt=\"P1020630\" width=\"640\" height=\"480\" \/><\/a><\/p>\n<p><a href=\"https:\/\/www.flickr.com\/photos\/126809085@N05\/18493453484\/in\/album-72157654591797849\/\"><img loading=\"lazy\" decoding=\"async\" src=\"https:\/\/farm4.staticflickr.com\/3877\/18493453484_f64b652e89_z.jpg\" alt=\"P1020632\" width=\"640\" height=\"480\" \/><\/a><\/p>\n<p>Ich hatte noch ca. 5 km bis <strong>Drosato<\/strong>, so weit war es also nicht mehr. Irgendwann mal stand ich pl\u00f6tzlich in oder bei <strong>Drosato<\/strong> (keine Ahnung ob das das Dorf war), eine stark befahrene Kreuzung, wollte hier weg, mag solche Orte nicht. Ich ging ohne mich gro\u00dfartig umzusehen weiter, ab in den Wald. Durch einen Trampelpfad, \u00fcber einen Bach, dann durch den Wald, dessen Weg zum Teil zugewachsen war, vorbei an Felsen im Wald, kam ich in das Dorf <strong>Valanio<\/strong> an.<\/p>\n<p>Leider wurde es bew\u00f6lkter. Im Dorf fragte ich eine Frau nach einem Minimarkt, da mein Wasser alle war. Leider war schon alles zu, sagte sie. Aber sie bestand darauf mir 2 Flaschen frisches Wasser zu geben. Eine Flasche sogar zugefroren. Leider war die Flasche kaputt und sie versuchte so viel wie m\u00f6glich von dem Eiswasser in eine neue Flasche um zuf\u00fcllen. So viel M\u00fche hat sie sich gegeben.<br \/>\nAber ich habe geh\u00f6rt, dass kaltes Wasser bei solchen warmen Temperaturen nicht gut sein soll, da der K\u00f6rper zu sehr ausk\u00fchlt. Aus dem Grund holte ich mir immer, wenn die M\u00f6glichkeit bestand, lauwarmes Wasser.<\/p>\n<p>Dann verlief ich mich kurz im Dorf, ich konnte trotz GPS nicht den richtigen Weg finden. Aber zum Gl\u00fcck war da die Frau, die mir Wasser gab, wieder da und zeigte mir eine CT-Markierung an einem Geb\u00e4ude.<br \/>\nRaus aus dem Dorf, fing es langsam an zu nieseln. Zum Gl\u00fcck war dort ein Olivenwald. Also rein in den. Ein Freund von mir zeigte mir, dass ich hier richtig bin:<\/p>\n<p><a href=\"https:\/\/www.flickr.com\/photos\/126809085@N05\/19119412011\/in\/album-72157654591797849\/\"><img loading=\"lazy\" decoding=\"async\" src=\"https:\/\/farm1.staticflickr.com\/449\/19119412011_21b9b447ca_z.jpg\" alt=\"P1020646\" width=\"640\" height=\"480\" \/><\/a><\/p>\n<p>Ich fand wieder mal eine so tolle Stelle, an einem wundersch\u00f6nen alten Olivenbaum. 15 Minunten br\u00e4uchte ich um mein Zelt aufzubauen und meine Matratze auf zu pumpen.<br \/>\nEs war sehr schw\u00fcl und windig. Ich sprang ins Zelt und war erst mal gl\u00fccklich. Das Gewitter zog zum Gl\u00fcck vorbei. Es k\u00fchlte sich aber schnell ab.<br \/>\nIch dachte an die Pizza aus dem Bermuda Dreieck (Bochum), an Hamburger, Gyros, etc., man, hatte ich Hunger!<\/p>\n<p>Als es dunkel wurde, versuchte ich zu schlafen.<br \/>\n<strong><br \/>\nErkenntnis des Tages:<\/strong> Will Pizza!<\/p>\n<p>&#8211;&gt; <strong><em><a href=\"http:\/\/sikoraproject.eu\/lukasz\/corfu\/?page_id=125\">Weiter zu Tag 13<\/a><\/em><\/strong><\/p>\n","protected":false},"excerpt":{"rendered":"<p>Heute soll es Richtung Osten nach Drostato gehen, ca. 13 km und 2 Aufstiege auf 200&hellip;<\/p>\n","protected":false},"author":1,"featured_media":0,"parent":169,"menu_order":11,"comment_status":"closed","ping_status":"closed","template":"","meta":{"footnotes":""},"class_list":["post-116","page","type-page","status-publish","hentry"],"_links":{"self":[{"href":"https:\/\/sikoraproject.eu\/lukasz\/corfu\/index.php?rest_route=\/wp\/v2\/pages\/116"}],"collection":[{"href":"https:\/\/sikoraproject.eu\/lukasz\/corfu\/index.php?rest_route=\/wp\/v2\/pages"}],"about":[{"href":"https:\/\/sikoraproject.eu\/lukasz\/corfu\/index.php?rest_route=\/wp\/v2\/types\/page"}],"author":[{"embeddable":true,"href":"https:\/\/sikoraproject.eu\/lukasz\/corfu\/index.php?rest_route=\/wp\/v2\/users\/1"}],"replies":[{"embeddable":true,"href":"https:\/\/sikoraproject.eu\/lukasz\/corfu\/index.php?rest_route=%2Fwp%2Fv2%2Fcomments&post=116"}],"version-history":[{"count":9,"href":"https:\/\/sikoraproject.eu\/lukasz\/corfu\/index.php?rest_route=\/wp\/v2\/pages\/116\/revisions"}],"predecessor-version":[{"id":279,"href":"https:\/\/sikoraproject.eu\/lukasz\/corfu\/index.php?rest_route=\/wp\/v2\/pages\/116\/revisions\/279"}],"up":[{"embeddable":true,"href":"https:\/\/sikoraproject.eu\/lukasz\/corfu\/index.php?rest_route=\/wp\/v2\/pages\/169"}],"wp:attachment":[{"href":"https:\/\/sikoraproject.eu\/lukasz\/corfu\/index.php?rest_route=%2Fwp%2Fv2%2Fmedia&parent=116"}],"curies":[{"name":"wp","href":"https:\/\/api.w.org\/{rel}","templated":true}]}}