{"id":100,"date":"2015-07-13T21:40:30","date_gmt":"2015-07-13T19:40:30","guid":{"rendered":"http:\/\/sikoraproject.eu\/lukasz\/corfu\/?page_id=100"},"modified":"2015-07-20T14:03:17","modified_gmt":"2015-07-20T12:03:17","slug":"tag-9","status":"publish","type":"page","link":"https:\/\/sikoraproject.eu\/lukasz\/corfu\/?page_id=100","title":{"rendered":"Tag 9"},"content":{"rendered":"<p>Meine heutige Route sollte nach <strong>Paleokastritsa<\/strong> gehen. Es waren vermutlich ca. 15 km.<\/p>\n<p>Es war wieder mal eine Horrornacht. Als ich nach l\u00e4ngerer Zeit eingeschlafen bin, bin ich wenigen Std. sp\u00e4ter aufgewacht: Es war sau kalt!<br \/>\nKeine Ahnung ob es an der Ebene lag oder am Wetter selbst. Erst nach dem ich mich herum gequ\u00e4lt habe und doch letztendlich so gut es ging anzog, schlief ich wieder ein und geriet in mein Wach-Immer-Wieder-Auf-Und-Wende-Dich-Zyklus.<br \/>\nMorgens als endlich dann die Sonne das Zelt w\u00e4rmte, oder eher erhitze, war es im Zelt kaum mehr auszuhalten. Also raus und schwei\u00dfgebadet alles zusammen packte.<br \/>\nIch konnte mich jetzt entscheiden, 2 &#8211; 3 km zur\u00fcck laufen um ins Gesch\u00e4ft zu gehen und was zu essen oder ich laufe ca. 5 &#8211; 7 km weiter nach <strong>Giannades<\/strong>. Ich entschied mich auf das Fr\u00fchst\u00fcck zu verzichten und lief auf der Ebene los.<br \/>\nEbene, weil das wohl die einzige Stelle auf ganz Corfu ist, wo es \u00fcber mehrere Kilometer eben ist. Dort wird Landwirtschaft betrieben. Es sind an diesem St\u00fcck keine Berge vorhanden, es flie\u00dft nur der kleine Fluss an der kaum befahrenen Stra\u00dfe.<br \/>\nDer Weg zog sich wie Kaufgummi. Ich humpelte in der Sonne den Weg weiter entlang.<br \/>\nUnterwegs sah ich dann meine erste Gottesanbeterin im Leben (live, also nicht im Fernsehen). Das Insekt bewegte sich zwar, konnte sich aber nicht aufrappeln. Ich versuchte mit meinem Kr\u00fcckstock sie um zudrehen, sie bewegte sich dann aber kaum. Sie war wohl am sterben, k. A.<\/p>\n<p><a href=\"https:\/\/www.flickr.com\/photos\/126809085@N05\/19115643905\/in\/album-72157654591797849\/\"><img loading=\"lazy\" decoding=\"async\" src=\"https:\/\/farm1.staticflickr.com\/419\/19115643905_b3fc366d18_z.jpg\" alt=\"P1020535\" width=\"640\" height=\"480\" \/><\/a><\/p>\n<p>Weiter ging es dann \u00fcber eine Kreuzung zu einer weit mehr befahrenen Stra\u00dfe. Links sah man einige H\u00e4user, es war wohl <strong>Giannades<\/strong>. Den Gem\u00fcseh\u00e4ndler konnte man ebenfalls h\u00f6ren. Ich ging aber weiter gerade aus, dann links rein unter einem Baum durch ein Gestr\u00fcpp auf ein Feldweg.<br \/>\nMan musste ja einen anderen Weg in das Dorf nehmen, anstatt den einfachen. Mein kleiner Zeh pochte und schmerze, es war h\u00f6llisch. Naja, der Feldweg war nat\u00fcrlich steinig, was meinem Zeh sehr gut tat. So w\u00fcrde der nie heilen, dachte ich nur.<br \/>\nKurz vor <strong>Giannades<\/strong> sagte mein GPS, ich solle in einen kleinen Weg links abbiegen, also tat ich das. Es war eher ein Karrenpfad. Ich lief durch ein paar Geb\u00fcsche, es war aber nicht so eng, dass man sich ducken oder \u00e4hnliches musste. Dann sah ich auf der rechten Seite eine Sch\u00fcssel mit Wasser und eine Sch\u00fcssel mit Brot liegen. &#8222;Bestimmt f\u00fcr einen Hund&#8220;, dachte ich und grinste, warum auch immer, dabei. Nur einen Meter weiter sprang pl\u00f6tzlich ein 50 cm gro\u00dfer und ein recht fetter Hund, den ich im Augenwinkel bemerkte, hervor. Ich schrie bisschen auf und sprang nach vorne weg, lief wenige Meter weiter. Ich wartete auf den Augenblick wo er meinen Rucksack packte. Im Inneren sp\u00fcrte ich wie er mich packte, zum Gl\u00fcck war das aber nicht der Fall. Er muss wohl ganz nah gewesen sein. Der Weg beim Weglaufen zog sich, obwohl das nur wenige Meter waren. Ich schaute bisschen nach hinten und sah dass er zum Gl\u00fcck an einer Kette befestigt war, die zum Gl\u00fcck auch schon stramm wurde. Mein Herz war rasen. Ich hielt kurz an und schaute mir die Situation an. Wow, ich entkam, dachte ich nur. Kurz Luft geholt und es ging ganze 10 Meter weiter. Dann stand ich vor einem ca. einen Meter tiefen Betongraben. Der Boden war mit irgendwelchen Gestr\u00fcpp \u00fcbers\u00e4t. Der war ca. 2 Meter breit. Ein Sprung r\u00fcber w\u00fcrde also in die Hose gehen. Der Weg zur\u00fcck war mit dem bellenden, mit schwarzem Fell bedeckten Hund, versperrt. Meine G\u00fcte, der wog sicherlich 60 kg oder mehr.<br \/>\nAlso Rucksack ab und sprang runter. Ich landetet mit dem kleinen Zeh genau auf einen kleinen Stein und musste kurz aufschreien vor schmerzen. Nahm den Rucksack, humpelte durch das Gestr\u00fcpp r\u00fcber und kletterte 1 m wieder hoch.<br \/>\nWow, endlich dr\u00fcben, dachte ich mir! Jetzt konnte ich nach links weiter gehen. Aber erst drehte ich mich nach rechts um, um mich umzusehen. Naja, ca. 50 m weiter war der eigentliche Weg, den ich h\u00e4tte gehen m\u00fcssen. Ich und GPS!<br \/>\nNaja, weiter ging es ins Dorf, wo ich W\u00fcrstchen, Pepsi-Dosen, 2 S\u00e4fte f\u00fcr Kinder, Wasser, 2 Orangen, Paprika und ein Brot mit Nougatf\u00fcllung (das beste Fr\u00fchst\u00fcck f\u00fcr unterwegs, nicht trocken und gezuckert). Die S\u00e4fte trank ich direkt aus. Ca. 1 km weiter setzte mich in den Schatten auf eine Mauer, a\u00df das Brot und eine Orange.<\/p>\n<p>Weiter ging es humpelnd und grinsend. Es ging nat\u00fcrlich wieder hoch, dann runter. Aber ich vermutete eher \u00f6fter hoch \ud83d\ude42<\/p>\n<p>Raus aus dem Dorf wurde der Weg wieder steiniger und einsamer. Ich machte \u00f6fter kurze Pausen. Ich war irgendwie total ersch\u00f6pft. Vermutlich a\u00df ich zu wenig oder es lang an der Humpelbewegung, k A.. Bei einer l\u00e4ngere Pause telefonierte ich noch bisschen, mein Bruder ist ja 1 Jahr \u00e4lter geworden. Ich erreichte aber hier meinen Tiefpunkt. Die Schmerzen am Fu\u00df waren so was von heftig, ich konnte kaum noch auftreten. Ich sa\u00df auf meinem Schlafsack und \u00fcberlegte wie es weiter gehen soll. Ich verbrachte vermutlich ca. 30 Min. unter dem Baum. Dennoch ging ich ohne ein Ergebnis weiter, musste aber immer wieder kurze Pausen einlegen. Ich w\u00fcrde wohl schauen wie sich die Situationen ergeben w\u00fcrden.<\/p>\n<p><a href=\"https:\/\/www.flickr.com\/photos\/126809085@N05\/19089494096\/in\/album-72157654591797849\/\"><img loading=\"lazy\" decoding=\"async\" src=\"https:\/\/farm1.staticflickr.com\/383\/19089494096_31469ddf95_z.jpg\" alt=\"P1020541\" width=\"640\" height=\"480\" \/><\/a><\/p>\n<p><a href=\"https:\/\/www.flickr.com\/photos\/126809085@N05\/18495020343\/in\/album-72157654591797849\/\"><img loading=\"lazy\" decoding=\"async\" src=\"https:\/\/farm1.staticflickr.com\/451\/18495020343_756f180761_z.jpg\" alt=\"P1020539\" width=\"640\" height=\"480\" \/><\/a><\/p>\n<p>Der Weg nach <strong>Liapades<\/strong> f\u00fchrte \u00fcber steinige Wege an vielen Olivenb\u00e4umen entlang. Es zog sich zwar, es ging von den Schmerzen allm\u00e4hlich wieder. Ich machte immer wieder Pausen von wenigen Minuten, a\u00df noch die 2. Orange, trank noch eine Pepsi.<\/p>\n<p>Dann kam ich raus aus dem Wald in die Zivilisation. Das oder die erste Person die ich sah, war eine junge h\u00fcbsche schlanke Griechin, die viel Haut zeigte. Sie telefonierte mit jemanden. Naja, im Dorf war es irgendwie ausgestorben und alles war verschlossen. Ging weiter und sah sehr viele h\u00fcbsche Frauen hier in der Umgebung, die fuhren in Autos und auch auf dem Roller irgendwo hin, meine G\u00fcte, dachte ich nur. Hier bin ich wohl richtig \ud83d\ude00<br \/>\nAn einer Hotelanlagen angekommen, small talk mit einem Paar aus \u00d6sterreich gehalten, humpelte ich weiter an einem Pool und den br\u00e4unenden Menschen entlang ins Gestr\u00fcpp um eine leichte Kletterpartie hin zulegen. Dort f\u00fchrte n\u00e4mlich der Corfu-Trail entlang.<br \/>\nDann endlich kam ich auf der Stra\u00dfe Richtung <strong>Paleokastritsa<\/strong> an.<br \/>\nDank eines Tipps auf der Conrad-Stein-Verlag-Seite (Verlag von meinem Corfu-Trail-Buch) fand ich direkt in <strong>Paleokastritsa<\/strong> eine Unterkunft bei einem Mopedverleiher. F\u00fcr 50 EUR f\u00fcr 2 N\u00e4chte brachte er mich mit seinem Moped dann in die Stadt, wo die Zimmer waren. Ich mit meinem Hut, dem Kr\u00fcckstock, muss es geil auf dem Moped ausgesehen haben.<\/p>\n<p>Das Zimmer war wirklich sehr sch\u00f6n, ich sa\u00df \u00f6fter auf der Terrasse und schrieb meine Erlebnisse nieder und lie\u00df mich in Ruhe von M\u00fccken stechen (schei\u00df Viecher).<br \/>\nIch duschte, machte mir meine Suppe, die ich noch aus Kavos hatte, schmiss noch W\u00fcrstchen und Paprika hinein. Jaaa, das war eine Suppe, wow, total ekelhaft \ud83d\ude00 Sie f\u00fcllte aber den Magen.<br \/>\nHeute Abend werde ich aber kaum was mehr machen, nur noch ausruhen oder M\u00fccken jagen. Warum lassen die Leute immer alles weit offen, die ganzen M\u00fccken fliegen doch hinein!<br \/>\nIm Laden kaufte ich nur noch Brot, Feta, Tomaten, Bier (f\u00fcr die Seele) und s\u00fc\u00dfe S\u00e4fte. Viele Engl\u00e4nder sind hier zu finden, die dt. Sprache h\u00f6rt man hier aber manchmal auch raus.<\/p>\n<p>Ich t\u00f6tete noch 2 M\u00fccken und und legte mich gegen 22 Uhr schlafen.<br \/>\nNoch eine M\u00fccke tauchte auf, die war recht raffiniert, setzte sich immer an solche Orte, die ich nicht umhauen konnte (Spiegel, Vase, h\u00e4ngender Fernseher, Bild an der Wand, etc.)<br \/>\n2 Stunden sp\u00e4ter jagte ich wieder M\u00fccken im Zimmer, wollte aber auch mal schlafen gehen, anstatt zu jagen zu m\u00fcssen!<br \/>\nNach 0 Uhr konnte ich wieder ins Bett, schlafen! Ich habe sie n\u00e4mlich erwischt, ALLE (habe ich gehofft)!<br \/>\n10 Min. sp\u00e4ter summte es wieder an meinem Ohr. &#8222;Ich m\u00f6chte wieder in mein Zelt!!!&#8220;, dachte ich mir.<br \/>\n00:30 Uhr, dachte ich h\u00e4tte sie vorhin erwischt, leider fand aber ich noch weitere 2 &#8211; 3 St\u00fcck. Ich habe keine Ahnung wo die her kommen, ich hatte vorhin alles zu gemacht, trotz Hitze. Ich war am Ende!<br \/>\n02:45 Uhr, die n\u00e4chste l\u00e4sst mich ca. 20 &#8211; 30 Min. schlafen, es summt wieder am Ohr.<br \/>\n06:30 Uhr, habe sie endlich erwischt!!!!!! Endlich schlafen!<\/p>\n<p><strong>Erkenntnis des Tages:<\/strong> M\u00fccken sind schei\u00dfe<\/p>\n<p>&#8211;&gt; <strong><em><a href=\"http:\/\/sikoraproject.eu\/lukasz\/corfu\/?page_id=104\">Weiter zu Tag 10<\/a><\/em><\/strong><\/p>\n","protected":false},"excerpt":{"rendered":"<p>Meine heutige Route sollte nach Paleokastritsa gehen. Es waren vermutlich ca. 15 km. Es war wieder&hellip;<\/p>\n","protected":false},"author":1,"featured_media":0,"parent":6,"menu_order":8,"comment_status":"closed","ping_status":"open","template":"","meta":{"footnotes":""},"class_list":["post-100","page","type-page","status-publish","hentry"],"_links":{"self":[{"href":"https:\/\/sikoraproject.eu\/lukasz\/corfu\/index.php?rest_route=\/wp\/v2\/pages\/100"}],"collection":[{"href":"https:\/\/sikoraproject.eu\/lukasz\/corfu\/index.php?rest_route=\/wp\/v2\/pages"}],"about":[{"href":"https:\/\/sikoraproject.eu\/lukasz\/corfu\/index.php?rest_route=\/wp\/v2\/types\/page"}],"author":[{"embeddable":true,"href":"https:\/\/sikoraproject.eu\/lukasz\/corfu\/index.php?rest_route=\/wp\/v2\/users\/1"}],"replies":[{"embeddable":true,"href":"https:\/\/sikoraproject.eu\/lukasz\/corfu\/index.php?rest_route=%2Fwp%2Fv2%2Fcomments&post=100"}],"version-history":[{"count":5,"href":"https:\/\/sikoraproject.eu\/lukasz\/corfu\/index.php?rest_route=\/wp\/v2\/pages\/100\/revisions"}],"predecessor-version":[{"id":220,"href":"https:\/\/sikoraproject.eu\/lukasz\/corfu\/index.php?rest_route=\/wp\/v2\/pages\/100\/revisions\/220"}],"up":[{"embeddable":true,"href":"https:\/\/sikoraproject.eu\/lukasz\/corfu\/index.php?rest_route=\/wp\/v2\/pages\/6"}],"wp:attachment":[{"href":"https:\/\/sikoraproject.eu\/lukasz\/corfu\/index.php?rest_route=%2Fwp%2Fv2%2Fmedia&parent=100"}],"curies":[{"name":"wp","href":"https:\/\/api.w.org\/{rel}","templated":true}]}}