{"id":13,"date":"2016-06-12T13:44:50","date_gmt":"2016-06-12T11:44:50","guid":{"rendered":"http:\/\/sikoraproject.eu\/lukasz\/baltikum\/?page_id=13"},"modified":"2018-02-12T18:37:34","modified_gmt":"2018-02-12T17:37:34","slug":"estland","status":"publish","type":"page","link":"https:\/\/sikoraproject.eu\/lukasz\/baltikum\/?page_id=13","title":{"rendered":"Estland"},"content":{"rendered":"<p>In Estland leben ca. 1,3 Mil. Einwohner. Fast 500.000 wohnen aber alleine in Tallinn (Hauptstadt) und Tartu. Das Land ist sonst mit vielen D\u00f6rfern versehen.<\/p>\n<p>Sehr beliebt sind dort Saunas. Sehr viele, die ein Sommerhaus oder \u00e4hnliches haben, besitzen eine Sauna. Dort wird meistens auch mit Holz geheizt. Fr\u00fcher gab es auch die sogenannten Black Sauna, wo mit Kohle geheizt wurde.<\/p>\n<p>Die Sprache ist auf dem 7. Platz der schwierigsten Sprachen der Welt. Sie hat 14 F\u00e4lle und viele Ausnahmen. Das Alphabet ist aber recht \u00fcberschaubar.<\/p>\n<p>Viele H\u00e4user haben eine hellgr\u00fcne oder gelbe Farbe, war damals ein stiller Protest gegen die Sowjetunion (sind seit ca. 1990 unabh\u00e4ngig), so habe ich mir das sagen lassen. Es kommen dennoch viele Russen nach Estland. Leider wollen sich diese nicht immer integrieren, was nicht jeden Esten viel Freude bereitet. Ca. 25% der Bev\u00f6lkerung sind Russen.<\/p>\n<p>Vom Stil her erinnert einen an Finnland. Typisch ist ein gelbes Haus mit halbhohem Zaun, immer frisch gem\u00e4hter Rasen, Gem\u00fcsegarten und Sauna.<\/p>\n<p>Die Stra\u00dfen sind relativ leer. Noch sind ca. 50% des Landes bewaldet. Es sind \u00fcber 10.000 Elche dort beheimatet und \u00fcber 2000 Rothirsche. Sogar einige Hundert Braunb\u00e4ren sind in den W\u00e4ldern anzutreffen.<\/p>\n<p>Das Essen ist schlicht, Kartoffeln, Schweinefleisch, Sauerkraut. Das bekannteste Nationalgericht ist die Veriwurst (Blutwurst) mit Sauerkraut. Auch russische Suppen wie Seljanka oder Borsch sind dort zu finden.<\/p>\n<p>Die Strecke sollte eher \u00f6stlich gehen. Ich habe sogar auch alle Umwege oder \u00e4hnliches in die GPX-Dateien mit eingebunden, da ich wissen wollte, wie viele Kilometer ich gemacht habe. Wer sich die herunterl\u00e4dt und verwenden m\u00f6chte, hat ein Mini-Abenteuer vor sich.<\/p>\n<p>[map style=&#8220;width: auto; height:400px; margin:20px 0px 20px 0px; border: 1px solid black;&#8220; maptype=&#8220;ROADMAP&#8220; gpx=&#8220;http:\/\/sikoraproject.eu\/lukasz\/baltikum\/wp-content\/uploads\/estonia.gpx&#8220;]<\/p>\n<p><strong><a href=\"http:\/\/sikoraproject.eu\/lukasz\/baltikum\/?p=23\">&#8211;&gt; Tag 1<\/a><\/strong><\/p>\n","protected":false},"excerpt":{"rendered":"<p>In Estland leben ca. 1,3 Mil. Einwohner. Fast 500.000 wohnen aber alleine in Tallinn (Hauptstadt) und Tartu. Das Land ist sonst mit vielen D\u00f6rfern versehen. Sehr beliebt sind dort Saunas. Sehr viele, die ein Sommerhaus oder \u00e4hnliches haben, besitzen eine Sauna. Dort wird meistens auch mit Holz geheizt. Fr\u00fcher gab es auch die sogenannten Black &hellip; <a href=\"https:\/\/sikoraproject.eu\/lukasz\/baltikum\/?page_id=13\" class=\"more-link\"><span class=\"screen-reader-text\">Estland<\/span> weiterlesen<\/a><\/p>\n","protected":false},"author":1,"featured_media":0,"parent":0,"menu_order":0,"comment_status":"open","ping_status":"closed","template":"","meta":{"footnotes":""},"class_list":["post-13","page","type-page","status-publish","hentry"],"_links":{"self":[{"href":"https:\/\/sikoraproject.eu\/lukasz\/baltikum\/index.php?rest_route=\/wp\/v2\/pages\/13","targetHints":{"allow":["GET"]}}],"collection":[{"href":"https:\/\/sikoraproject.eu\/lukasz\/baltikum\/index.php?rest_route=\/wp\/v2\/pages"}],"about":[{"href":"https:\/\/sikoraproject.eu\/lukasz\/baltikum\/index.php?rest_route=\/wp\/v2\/types\/page"}],"author":[{"embeddable":true,"href":"https:\/\/sikoraproject.eu\/lukasz\/baltikum\/index.php?rest_route=\/wp\/v2\/users\/1"}],"replies":[{"embeddable":true,"href":"https:\/\/sikoraproject.eu\/lukasz\/baltikum\/index.php?rest_route=%2Fwp%2Fv2%2Fcomments&post=13"}],"version-history":[{"count":6,"href":"https:\/\/sikoraproject.eu\/lukasz\/baltikum\/index.php?rest_route=\/wp\/v2\/pages\/13\/revisions"}],"predecessor-version":[{"id":343,"href":"https:\/\/sikoraproject.eu\/lukasz\/baltikum\/index.php?rest_route=\/wp\/v2\/pages\/13\/revisions\/343"}],"wp:attachment":[{"href":"https:\/\/sikoraproject.eu\/lukasz\/baltikum\/index.php?rest_route=%2Fwp%2Fv2%2Fmedia&parent=13"}],"curies":[{"name":"wp","href":"https:\/\/api.w.org\/{rel}","templated":true}]}}